{"id":105,"date":"2019-05-05T14:45:09","date_gmt":"2019-05-05T14:45:09","guid":{"rendered":"https:\/\/evolutioners.net\/?page_id=105"},"modified":"2020-11-29T04:13:25","modified_gmt":"2020-11-29T04:13:25","slug":"ausgangslage-soziale-herausforderungen","status":"publish","type":"page","link":"https:\/\/evolutioners.net\/en\/ausgangslage-soziale-herausforderungen\/","title":{"rendered":"Soziale Herausforderungen"},"content":{"rendered":"<p>[et_pb_section fb_built=&#8221;1&#8243; _builder_version=&#8221;3.20.1&#8243; custom_padding=&#8221;54px|0|54px|0px|false|false&#8221;][et_pb_row custom_padding=&#8221;27px|0px|0|0px|false|false&#8221; _builder_version=&#8221;3.20.1&#8243;][et_pb_column type=&#8221;1_2&#8243; _builder_version=&#8221;3.20.1&#8243;][et_pb_text _builder_version=&#8221;3.20.1&#8243;]<\/p>\n<h3 class=\"western\">GLOBALE HERAUSFORDERUNEN<br \/><span style=\"font-size: medium;\" size=\"3\"><\/span><span style=\"font-size: medium;\" size=\"3\">Das betrifft uns alle<\/span><\/h3>\n<p><span style=\"font-size: medium;\" size=\"3\">Durch die <\/span><strong><span style=\"font-size: medium;\" size=\"3\">aktuellen Klimadebatten<\/span><\/strong><span style=\"font-size: medium;\" size=\"3\"> und das <\/span><strong><span style=\"font-size: medium;\" size=\"3\">steigende Bewusstsein<\/span><\/strong><span style=\"font-size: medium;\" size=\"3\">\u00a0k\u00f6nnen wir die <\/span><strong><span style=\"font-size: medium;\" size=\"3\">Konsequenzen<\/span><\/strong><span style=\"font-size: medium;\" size=\"3\"> unserer bisherigen <\/span><strong><span style=\"font-size: medium;\" size=\"3\">Entscheidungen<\/span><\/strong><span style=\"font-size: medium;\" size=\"3\"> nicht mehr leugnen.<br \/> Wir wissen genug, es ist Zeit zum Handeln!<\/span><\/p>\n<p><span style=\"font-size: medium;\" size=\"3\">Die schallende <\/span><strong><span style=\"font-size: medium;\" size=\"3\">Klima-Bewegung<\/span><\/strong><span style=\"font-size: medium;\" size=\"3\"> bspw. l\u00f6st in uns allen (bewusst oder unbewusst) das Gef\u00fchl von 5vor12 aus. Meine Generation, sowie die nachkommenden, wachsen schon mit diesem Gef\u00fchl auf.<br \/> Prognosen\u00a0(Graeme Maxton, 2018) die warnen, dass wir bis 2060 nur noch in Sibirien leben k\u00f6nnen, wenn wir achtlos so weitermachen, f\u00fchren unweigerlich zu einer massiven <\/span><strong><span style=\"font-size: medium;\" size=\"3\">Perspektiv- und Hoffnungslosigkeit<\/span><\/strong><span style=\"font-size: medium;\" size=\"3\">.<br \/> Das wiederum f\u00fchrt zu einer <\/span><strong><span style=\"font-size: medium;\" size=\"3\">chronischen Belastung<\/span><\/strong><span style=\"font-size: medium;\" size=\"3\">, die, meiner Ansicht nach, nicht untersch\u00e4tzt werden sollte. Doch dies betrifft nicht nur uns j\u00fcngeren Generationen. Auch wenn ich mich mit Eltern austausche, sp\u00fcre ich das schlechte Gewissen im Raum. Sie wissen, dass auch sie bei jeder Konsumentscheidung Verantwortung tragen, was ebenfalls belastend wirkt.<\/span><\/p>\n<p><span style=\"font-size: medium;\" size=\"3\">Haben wir das erkannt und wollen daher bessere Entscheidungen F\u00dcR die Zukunft treffen, sehen wir uns mit der riesigen und leider oft auch irref\u00fchrenden Informationsflut konfrontiert.<br \/> Dies <\/span><strong><span style=\"font-size: medium;\" size=\"3\">\u00fcberfordert. <\/span><\/strong><span style=\"font-size: medium;\" size=\"3\">Uns alle. Zunehmend.<\/span><\/p>\n<p><span style=\"font-size: medium;\" size=\"3\">Wenn wir \u00fcberfordert sind, tendieren wir zur <\/span><strong><span style=\"font-size: medium;\" size=\"3\">Resignation<\/span><\/strong><span style=\"font-size: medium;\" size=\"3\">. Resignierte Menschen treffen keine integeren Entscheidungen. <\/span><strong><span style=\"font-size: medium;\" size=\"3\">Integrit\u00e4t <\/span><\/strong><span style=\"font-size: medium;\" size=\"3\">ist jedoch essentiell f\u00fcr die <\/span><strong><span style=\"font-size: medium;\" size=\"3\">pers\u00f6nliche Weiterentwicklung<\/span><\/strong><span style=\"font-size: medium;\" size=\"3\">, denn Integrit\u00e4t ist die Treue zu sich selbst. Ein integerer Mensch lebt was er f\u00fcr richtig h\u00e4lt und achtet gleichermassen die Integrit\u00e4t und <\/span><strong><span style=\"font-size: medium;\" size=\"3\">W\u00fcrde<\/span><\/strong><span style=\"font-size: medium;\" size=\"3\"> <\/span><strong><span style=\"font-size: medium;\" size=\"3\">der Mitmenschen<\/span><\/strong><span style=\"font-size: medium;\" size=\"3\"> und strebt danach, diese nicht zu verletzen.<br \/> Wenn wir jedoch keine integeren Entscheidungen treffen, droht als Konsequenz etwas plakativ ausgedr\u00fcckt die<\/span><strong><span style=\"font-size: medium;\" size=\"3\"> Volkskrankheit Nr.1<\/span><\/strong><span style=\"font-size: medium;\" size=\"3\">;<br \/> <\/span><em><span style=\"font-size: medium;\" size=\"3\">destruktive Bew\u00e4ltigung kognitiver Dissonanz (DBKD)<\/span><\/em><span style=\"font-size: medium;\" size=\"3\">.<\/span><\/p>\n<p><strong>Kognitive Dissonanz<\/strong> bedeutet gedanklicher Konflikt. Ich wage zu behaupten, dass wir fast alle bei dem einen oder anderen Thema dazu neigen. Wenn wir uns diesen inneren Konflikten jedoch nicht bewusst stellen, tendieren wir dazu uns selbst in unserer Weiterentwicklung zu sabotieren. Sprich wir reden uns etwas ein, um unsere Komfort-Zone nicht zu gef\u00e4hrden. Oder kurz gesagt; wir treffen schlechte Entscheidungen. Diese verst\u00e4rken wiederum die derzeitigen sozialen Probleme.<\/p>\n<p>&nbsp;<\/p>\n<p><span style=\"font-size: medium;\" size=\"3\">Es ist also ein <\/span><strong><span style=\"font-size: medium;\" size=\"3\">Teufelskreis<\/span><\/strong><span style=\"font-size: medium;\" size=\"3\">.<\/span><\/p>\n<p>&nbsp;<\/p>\n<p>[\/et_pb_text][\/et_pb_column][et_pb_column type=&#8221;1_2&#8243; _builder_version=&#8221;3.20.1&#8243;][et_pb_image src=&#8221;https:\/\/evolutioners.net\/wp-content\/uploads\/2019\/07\/Soziale-Herausforderungen-URSACHE-WIRKUNG.png&#8221; show_in_lightbox=&#8221;on&#8221; disabled_on=&#8221;off|off|off&#8221; _builder_version=&#8221;3.20.1&#8243; border_width_top=&#8221;50px&#8221; border_color_top=&#8221;rgba(0,0,0,0)&#8221; custom_margin=&#8221;|-4%||-4%&#8221; custom_padding=&#8221;|||&#8221;][\/et_pb_image][et_pb_image src=&#8221;https:\/\/evolutioners.net\/wp-content\/uploads\/2019\/07\/Soziale-Herausforderungen-Teufelskreis-PNG-1.png&#8221; show_in_lightbox=&#8221;on&#8221; _builder_version=&#8221;3.20.1&#8243; border_width_top=&#8221;50px&#8221; border_color_top=&#8221;rgba(0,0,0,0)&#8221; custom_margin=&#8221;|-6%||-6%&#8221; custom_padding=&#8221;|||0px&#8221;][\/et_pb_image][\/et_pb_column][\/et_pb_row][\/et_pb_section]<\/p>\n","protected":false},"excerpt":{"rendered":"<p>GLOBALE HERAUSFORDERUNENDas betrifft uns alle Durch die aktuellen Klimadebatten und das steigende Bewusstsein\u00a0k\u00f6nnen wir die Konsequenzen unserer bisherigen Entscheidungen nicht mehr leugnen. Wir wissen genug, es ist Zeit zum Handeln! Die schallende Klima-Bewegung bspw. l\u00f6st in uns allen (bewusst oder unbewusst) das Gef\u00fchl von 5vor12 aus. Meine Generation, sowie die nachkommenden, wachsen schon mit diesem [&hellip;]<\/p>\n","protected":false},"author":2,"featured_media":0,"parent":0,"menu_order":0,"comment_status":"closed","ping_status":"closed","template":"","meta":{"_et_pb_use_builder":"on","_et_pb_old_content":"","_et_gb_content_width":"","footnotes":""},"class_list":["post-105","page","type-page","status-publish","hentry"],"translation":{"provider":"WPGlobus","version":"3.0.0","language":"en","enabled_languages":["de","en"],"languages":{"de":{"title":true,"content":true,"excerpt":false},"en":{"title":false,"content":false,"excerpt":false}}},"yoast_head":"<!-- This site is optimized with the Yoast SEO plugin v25.4 - https:\/\/yoast.com\/wordpress\/plugins\/seo\/ -->\n<title>Soziale Herausforderungen - EVOLUTIONERS<\/title>\n<meta name=\"robots\" content=\"noindex, follow, max-snippet:-1, max-image-preview:large, max-video-preview:-1\" \/>\n<meta property=\"og:locale\" content=\"en_US\" \/>\n<meta property=\"og:type\" content=\"article\" \/>\n<meta property=\"og:title\" content=\"Soziale Herausforderungen - EVOLUTIONERS\" \/>\n<meta property=\"og:url\" content=\"https:\/\/evolutioners.net\/ausgangslage-soziale-herausforderungen\/\" \/>\n<meta property=\"og:site_name\" content=\"EVOLUTIONERS\" \/>\n<meta property=\"article:modified_time\" content=\"2020-11-29T04:13:25+00:00\" \/>\n<meta name=\"twitter:card\" content=\"summary_large_image\" \/>\n<meta name=\"twitter:label1\" content=\"Est. reading time\" \/>\n\t<meta name=\"twitter:data1\" content=\"2 minutes\" \/>\n<script type=\"application\/ld+json\" class=\"yoast-schema-graph\">{\"@context\":\"https:\/\/schema.org\",\"@graph\":[{\"@type\":\"WebPage\",\"@id\":\"https:\/\/evolutioners.net\/ausgangslage-soziale-herausforderungen\/\",\"url\":\"https:\/\/evolutioners.net\/ausgangslage-soziale-herausforderungen\/\",\"name\":\"Soziale Herausforderungen - EVOLUTIONERS\",\"isPartOf\":{\"@id\":\"https:\/\/evolutioners.net\/#website\"},\"datePublished\":\"2019-05-05T14:45:09+00:00\",\"dateModified\":\"2020-11-29T04:13:25+00:00\",\"breadcrumb\":{\"@id\":\"https:\/\/evolutioners.net\/ausgangslage-soziale-herausforderungen\/#breadcrumb\"},\"inLanguage\":\"en-US\",\"potentialAction\":[{\"@type\":\"ReadAction\",\"target\":[\"https:\/\/evolutioners.net\/ausgangslage-soziale-herausforderungen\/\"]}]},{\"@type\":\"BreadcrumbList\",\"@id\":\"https:\/\/evolutioners.net\/ausgangslage-soziale-herausforderungen\/#breadcrumb\",\"itemListElement\":[{\"@type\":\"ListItem\",\"position\":1,\"name\":\"Startseite\",\"item\":\"https:\/\/evolutioners.net\/\"},{\"@type\":\"ListItem\",\"position\":2,\"name\":\"Soziale Herausforderungen\"}]},{\"@type\":\"WebSite\",\"@id\":\"https:\/\/evolutioners.net\/#website\",\"url\":\"https:\/\/evolutioners.net\/\",\"name\":\"EVOLUTIONERS\",\"description\":\"EVOLUTIONERS ist ein Meta-Projekt f\u00fcr ganzheitliche globale Friedensf\u00f6rderung und Bewusstseinsentwicklung. Wir wollen Frieden wahrhaftig machbar machen, indem wir Optimalwohl f\u00f6rdernde Initiativen verbinden, zukunftsf\u00e4hige L\u00f6sungen sichtbar machen, Meta-Austausch f\u00f6rdern, Synergien nutzen &amp; den Ressourcengebrauch optimieren. Kurz: SINNstiften.\",\"potentialAction\":[{\"@type\":\"SearchAction\",\"target\":{\"@type\":\"EntryPoint\",\"urlTemplate\":\"https:\/\/evolutioners.net\/?s={search_term_string}\"},\"query-input\":{\"@type\":\"PropertyValueSpecification\",\"valueRequired\":true,\"valueName\":\"search_term_string\"}}],\"inLanguage\":\"en-US\"}]}<\/script>\n<!-- \/ Yoast SEO plugin. -->","yoast_head_json":{"title":"Soziale Herausforderungen - EVOLUTIONERS","robots":{"index":"noindex","follow":"follow","max-snippet":"max-snippet:-1","max-image-preview":"max-image-preview:large","max-video-preview":"max-video-preview:-1"},"og_locale":"en_US","og_type":"article","og_title":"Soziale Herausforderungen - EVOLUTIONERS","og_url":"https:\/\/evolutioners.net\/ausgangslage-soziale-herausforderungen\/","og_site_name":"EVOLUTIONERS","article_modified_time":"2020-11-29T04:13:25+00:00","twitter_card":"summary_large_image","twitter_misc":{"Est. reading time":"2 minutes"},"schema":{"@context":"https:\/\/schema.org","@graph":[{"@type":"WebPage","@id":"https:\/\/evolutioners.net\/ausgangslage-soziale-herausforderungen\/","url":"https:\/\/evolutioners.net\/ausgangslage-soziale-herausforderungen\/","name":"Soziale Herausforderungen - EVOLUTIONERS","isPartOf":{"@id":"https:\/\/evolutioners.net\/#website"},"datePublished":"2019-05-05T14:45:09+00:00","dateModified":"2020-11-29T04:13:25+00:00","breadcrumb":{"@id":"https:\/\/evolutioners.net\/ausgangslage-soziale-herausforderungen\/#breadcrumb"},"inLanguage":"en-US","potentialAction":[{"@type":"ReadAction","target":["https:\/\/evolutioners.net\/ausgangslage-soziale-herausforderungen\/"]}]},{"@type":"BreadcrumbList","@id":"https:\/\/evolutioners.net\/ausgangslage-soziale-herausforderungen\/#breadcrumb","itemListElement":[{"@type":"ListItem","position":1,"name":"Startseite","item":"https:\/\/evolutioners.net\/"},{"@type":"ListItem","position":2,"name":"Soziale Herausforderungen"}]},{"@type":"WebSite","@id":"https:\/\/evolutioners.net\/#website","url":"https:\/\/evolutioners.net\/","name":"EVOLUTIONERS","description":"EVOLUTIONERS ist ein Meta-Projekt f\u00fcr ganzheitliche globale Friedensf\u00f6rderung und Bewusstseinsentwicklung. Wir wollen Frieden wahrhaftig machbar machen, indem wir Optimalwohl f\u00f6rdernde Initiativen verbinden, zukunftsf\u00e4hige L\u00f6sungen sichtbar machen, Meta-Austausch f\u00f6rdern, Synergien nutzen &amp; den Ressourcengebrauch optimieren. Kurz: SINNstiften.","potentialAction":[{"@type":"SearchAction","target":{"@type":"EntryPoint","urlTemplate":"https:\/\/evolutioners.net\/?s={search_term_string}"},"query-input":{"@type":"PropertyValueSpecification","valueRequired":true,"valueName":"search_term_string"}}],"inLanguage":"en-US"}]}},"_links":{"self":[{"href":"https:\/\/evolutioners.net\/en\/wp-json\/wp\/v2\/pages\/105","targetHints":{"allow":["GET"]}}],"collection":[{"href":"https:\/\/evolutioners.net\/en\/wp-json\/wp\/v2\/pages"}],"about":[{"href":"https:\/\/evolutioners.net\/en\/wp-json\/wp\/v2\/types\/page"}],"author":[{"embeddable":true,"href":"https:\/\/evolutioners.net\/en\/wp-json\/wp\/v2\/users\/2"}],"replies":[{"embeddable":true,"href":"https:\/\/evolutioners.net\/en\/wp-json\/wp\/v2\/comments?post=105"}],"version-history":[{"count":30,"href":"https:\/\/evolutioners.net\/en\/wp-json\/wp\/v2\/pages\/105\/revisions"}],"predecessor-version":[{"id":1243,"href":"https:\/\/evolutioners.net\/en\/wp-json\/wp\/v2\/pages\/105\/revisions\/1243"}],"wp:attachment":[{"href":"https:\/\/evolutioners.net\/en\/wp-json\/wp\/v2\/media?parent=105"}],"curies":[{"name":"wp","href":"https:\/\/api.w.org\/{rel}","templated":true}]}}