{"id":137,"date":"2019-05-05T20:26:26","date_gmt":"2019-05-05T20:26:26","guid":{"rendered":"https:\/\/evolutioners.net\/?page_id=137"},"modified":"2019-08-07T21:27:44","modified_gmt":"2019-08-07T21:27:44","slug":"philosophie","status":"publish","type":"page","link":"https:\/\/evolutioners.net\/en\/philosophie\/","title":{"rendered":"Philosophie"},"content":{"rendered":"<p>[et_pb_section fb_built=&#8221;1&#8243; _builder_version=&#8221;3.20.1&#8243;][et_pb_row custom_padding=&#8221;0|0px|4px|0px|false|false&#8221; _builder_version=&#8221;3.20.1&#8243;][et_pb_column type=&#8221;4_4&#8243; _builder_version=&#8221;3.20.1&#8243;][et_pb_text _builder_version=&#8221;3.20.1&#8243;]<\/p>\n<h1 style=\"text-align: left;\"><strong>Philosophie<\/strong><\/h1>\n<p>[\/et_pb_text][\/et_pb_column][\/et_pb_row][et_pb_row custom_padding=&#8221;0|0px|0|0px|false|false&#8221; _builder_version=&#8221;3.20.1&#8243;][et_pb_column type=&#8221;2_5&#8243; _builder_version=&#8221;3.20.1&#8243;][et_pb_text _builder_version=&#8221;3.20.1&#8243;]<\/p>\n<p>Mir wurde bewusst, wie viele Menschen sich in dem Teufelskreis der<a href=\"https:\/\/evolutioners.net\/ausgangslage-soziale-herausforderungen\/\">\u00a0Sozialen Herausforderungen<\/a>\u00a0wieder finden. Wie viele von demselben Dilemma betroffen sind. Gewillte und gutherzige Menschen, die resignieren, schlicht weil sie \u00fcberfordert sind, obwohl die <strong>Welt<\/strong> bereits jetzt schon <strong>voller L\u00f6sungen<\/strong> ist. Um den Kopf nicht in den Sand zu stecken, entschied ich mich diesem <strong>deprimierenden Teufelskreis<\/strong> mit <strong>effektiven und nachhaltigen L\u00f6sungsans\u00e4tzen<\/strong>\u00a0entgegen zu wirken. Es gibt bereits sehr viel was schon <strong>transformiert und optimiert<\/strong> wurde und noch mehr was diesem Beispiel folgen darf.<\/p>\n<p>&nbsp;<\/p>\n<p>[\/et_pb_text][\/et_pb_column][et_pb_column type=&#8221;3_5&#8243; _builder_version=&#8221;3.20.1&#8243;][et_pb_image src=&#8221;https:\/\/evolutioners.net\/wp-content\/uploads\/2019\/05\/Berliner-Mauer-Viele-Klein-Leute-k\u00f6nnen-die-Welt-ver\u00e4ndern-1.jpg&#8221; alt=&#8221;Berliner Mauer&#8221; title_text=&#8221;Berliner Mauer&#8221; show_in_lightbox=&#8221;on&#8221; align=&#8221;center&#8221; force_fullwidth=&#8221;on&#8221; _builder_version=&#8221;3.20.1&#8243; border_radii=&#8221;|11px|11px|11px|11px&#8221; custom_margin=&#8221;0px||6px&#8221; custom_padding=&#8221;0px||&#8221; filter_saturate=&#8221;117%&#8221;][\/et_pb_image][\/et_pb_column][\/et_pb_row][et_pb_row custom_padding=&#8221;0|0px|8px|0px|false|false&#8221; _builder_version=&#8221;3.20.1&#8243;][et_pb_column type=&#8221;4_4&#8243; _builder_version=&#8221;3.20.1&#8243;][et_pb_text _builder_version=&#8221;3.20.1&#8243;]<\/p>\n<p><span style=\"font-size: 18px;\">Jetzt gilt es vor allem den besseren Alternativen besonders viel <\/span><strong style=\"font-size: 18px;\">Aufmerksamkeit<\/strong><span style=\"font-size: 18px;\"> zu schenken, so dass diese zum Optimalwohl \u2014 <\/span><strong style=\"font-size: 18px;\">zum Wohle aller und allem<\/strong><span style=\"font-size: 18px;\"> \u2014 gedeihen k\u00f6nnen. Dieses Portal soll <\/span><strong style=\"font-size: 18px;\">Hoffnung schenken<\/strong><span style=\"font-size: 18px;\">. Wir wollen uns nicht in trennenden Diskussionen verzetteln, nicht an den ganzen Problemen verzweifeln, sondern aktiv nach L\u00f6sungen suchen. Im <\/span><strong style=\"font-size: 18px;\">Vertrauen<\/strong><span style=\"font-size: 18px;\"> darauf, dass wir vereint als Menschheit alle Herausforderungen l\u00f6sen k\u00f6nnen, gilt es uns wieder zu verbinden. Deshalb wollen wir nun mit <\/span><em style=\"font-size: 18px;\"><strong>your-decision.world<\/strong><\/em><span style=\"font-size: 18px;\"> eine sinnvolle Schnittstelle zwischen Nachfrage und Angebot kreieren, von der alle bestm\u00f6glich profitieren = <\/span><strong style=\"font-size: 18px;\">Optimalwohl f\u00f6rdernd eben!<\/strong><\/p>\n<p><strong>Synergie<\/strong> ist hierbei das Schl\u00fcsselwort. Dies bedingt <strong>Kooperationsbereitschaft<\/strong>.<strong> Together we\u2018re better!\u00a0<\/strong><br \/>Oh YES! Denn Kooperation ist besser als Konkurrenz.\u00a0Konkurrenz ist Trennung, doch wir wollen <strong>Verbindung<\/strong>. Verbindung ist das Stichwort unserer derzeitigen Epoche. Eine <strong>Epoche der Transformation<\/strong>. Ein Zeitalter der Vernetzung. Wir befinden uns gerade mitten in der Metamorphose und transformieren uns als Menschheit von der Raupe zum Schmetterling.<\/p>\n<p>Die Grundpfeiler dieser Vision sind jedoch schon \u00e4lter. Im Grunde so alt wie die Zeit selbst. Denn von der <strong>Verbundenheit<\/strong> kommen wir. Wir liessen uns jedoch \u00fcber die vergangenen Jahrhunderte unter dem Motto \u201edivide et impera\u201c = \u201eteile und herrsche\u201c trennen. Jetzt ist es wichtig, uns wieder zu erinnern, dass das Erreichen eines gemeinsamen Interesses zusammen immer schon <strong>effektiver und effizienter<\/strong> gelingt, <strong>optimal eben!<\/strong><\/p>\n<p>[\/et_pb_text][\/et_pb_column][\/et_pb_row][et_pb_row custom_padding=&#8221;27px|0px|0|0px|false|false&#8221; _builder_version=&#8221;3.20.1&#8243;][et_pb_column type=&#8221;1_2&#8243; _builder_version=&#8221;3.20.1&#8243;][et_pb_text _builder_version=&#8221;3.20.1&#8243;]<\/p>\n<p><span style=\"font-size: 18px;\">Heute ist es leider oft noch so, dass die Wirtschaft \u00fcber <\/span><strong style=\"font-size: 18px;\">Werte und W\u00fcrde von Mensch und Umwelt<\/strong><span style=\"font-size: 18px;\"> zugunsten der Profit-Maximierung hinwegsieht (Grafik). Zudem \u00fcbt sie erheblichen <\/span><strong style=\"font-size: 18px;\">Druck auf die Politik<\/strong><span style=\"font-size: 18px;\"> aus, wodurch <\/span><strong style=\"font-size: 18px;\">Natur- und Menschenrechte<\/strong><span style=\"font-size: 18px;\"> kaum noch ad\u00e4quat ber\u00fccksichtigt werden k\u00f6nnen. Die Perversit\u00e4t des heutigen Systems und deren tragischen Konsequenzen, die unsere Wirtschaft auf Kosten anderer verursacht, zeigt bspw.auch die <\/span><a href=\"https:\/\/konzern-initiative.ch\/argumente\/\" style=\"font-size: 18px;\">Konzernverantwortungs Initiative (KVI)<\/a><span style=\"font-size: 18px;\"> sehr deutlich.<\/span><span style=\"font-size: medium;\"><\/span><\/p>\n<p>Wir wollen dieses Gef\u00fcge wieder richtig stellen.<\/p>\n<p><span style=\"font-size: 18px;\"><\/span><\/p>\n<p>[\/et_pb_text][\/et_pb_column][et_pb_column type=&#8221;1_2&#8243; _builder_version=&#8221;3.20.1&#8243;][et_pb_image src=&#8221;https:\/\/evolutioners.net\/wp-content\/uploads\/2019\/05\/EVOLUTIONERS-NETWORK-und-Co.-190505-e1557090477727.jpg&#8221; force_fullwidth=&#8221;on&#8221; _builder_version=&#8221;3.20.1&#8243; custom_margin=&#8221;-40px||&#8221;][\/et_pb_image][\/et_pb_column][\/et_pb_row][et_pb_row custom_padding=&#8221;0|0px|0|0px|false|false&#8221; _builder_version=&#8221;3.20.1&#8243;][et_pb_column type=&#8221;4_4&#8243; _builder_version=&#8221;3.20.1&#8243;][et_pb_text _builder_version=&#8221;3.20.1&#8243;]<\/p>\n<h1 style=\"text-align: center;\"><strong>Wir wollen verbindliche Werte f\u00fcr Politik und Wirtschaft.\u00a0<br \/>Werte zu Gunsten des Optimalwohls in Achtung der W\u00fcrde von Mensch, Tier und Natur.<br \/>Weil &#8211; selbstverst\u00e4ndlich!<\/strong><\/h1>\n<h1 style=\"text-align: center;\"><strong>F\u00fcr eine Wirtschaft mit Werten &amp; W\u00fcrde<\/strong><strong><\/strong><\/h1>\n<p><strong><\/strong><\/p>\n<p><strong><\/strong><\/p>\n<h2 style=\"text-align: center;\"><strong>Der Wandel ist gewiss, da notwendig, weil logisch, da sinnvoll<br \/>und er geschieht JETZT!<\/strong><\/h2>\n<p>[\/et_pb_text][\/et_pb_column][\/et_pb_row][\/et_pb_section]<\/p>\n","protected":false},"excerpt":{"rendered":"<p>PhilosophieMir wurde bewusst, wie viele Menschen sich in dem Teufelskreis der\u00a0Sozialen Herausforderungen\u00a0wieder finden. Wie viele von demselben Dilemma betroffen sind. Gewillte und gutherzige Menschen, die resignieren, schlicht weil sie \u00fcberfordert sind, obwohl die Welt bereits jetzt schon voller L\u00f6sungen ist. Um den Kopf nicht in den Sand zu stecken, entschied ich mich diesem deprimierenden Teufelskreis [&hellip;]<\/p>\n","protected":false},"author":2,"featured_media":0,"parent":0,"menu_order":0,"comment_status":"closed","ping_status":"closed","template":"","meta":{"_et_pb_use_builder":"on","_et_pb_old_content":"","_et_gb_content_width":"","footnotes":""},"class_list":["post-137","page","type-page","status-publish","hentry"],"translation":{"provider":"WPGlobus","version":"3.0.0","language":"en","enabled_languages":["de","en"],"languages":{"de":{"title":true,"content":true,"excerpt":false},"en":{"title":false,"content":false,"excerpt":false}}},"yoast_head":"<!-- This site is optimized with the Yoast SEO plugin v25.4 - https:\/\/yoast.com\/wordpress\/plugins\/seo\/ -->\n<title>Philosophie - EVOLUTIONERS<\/title>\n<meta name=\"robots\" content=\"noindex, follow, max-snippet:-1, max-image-preview:large, max-video-preview:-1\" \/>\n<meta property=\"og:locale\" content=\"en_US\" \/>\n<meta property=\"og:type\" content=\"article\" \/>\n<meta property=\"og:title\" content=\"Philosophie - EVOLUTIONERS\" \/>\n<meta property=\"og:url\" content=\"https:\/\/evolutioners.net\/philosophie\/\" \/>\n<meta property=\"og:site_name\" content=\"EVOLUTIONERS\" \/>\n<meta property=\"article:modified_time\" content=\"2019-08-07T21:27:44+00:00\" \/>\n<meta name=\"twitter:card\" content=\"summary_large_image\" \/>\n<meta name=\"twitter:label1\" content=\"Est. reading time\" \/>\n\t<meta name=\"twitter:data1\" content=\"3 minutes\" \/>\n<script type=\"application\/ld+json\" class=\"yoast-schema-graph\">{\"@context\":\"https:\/\/schema.org\",\"@graph\":[{\"@type\":\"WebPage\",\"@id\":\"https:\/\/evolutioners.net\/philosophie\/\",\"url\":\"https:\/\/evolutioners.net\/philosophie\/\",\"name\":\"Philosophie - EVOLUTIONERS\",\"isPartOf\":{\"@id\":\"https:\/\/evolutioners.net\/#website\"},\"datePublished\":\"2019-05-05T20:26:26+00:00\",\"dateModified\":\"2019-08-07T21:27:44+00:00\",\"breadcrumb\":{\"@id\":\"https:\/\/evolutioners.net\/philosophie\/#breadcrumb\"},\"inLanguage\":\"en-US\",\"potentialAction\":[{\"@type\":\"ReadAction\",\"target\":[\"https:\/\/evolutioners.net\/philosophie\/\"]}]},{\"@type\":\"BreadcrumbList\",\"@id\":\"https:\/\/evolutioners.net\/philosophie\/#breadcrumb\",\"itemListElement\":[{\"@type\":\"ListItem\",\"position\":1,\"name\":\"Startseite\",\"item\":\"https:\/\/evolutioners.net\/\"},{\"@type\":\"ListItem\",\"position\":2,\"name\":\"Philosophie\"}]},{\"@type\":\"WebSite\",\"@id\":\"https:\/\/evolutioners.net\/#website\",\"url\":\"https:\/\/evolutioners.net\/\",\"name\":\"EVOLUTIONERS\",\"description\":\"EVOLUTIONERS ist ein Meta-Projekt f\u00fcr ganzheitliche globale Friedensf\u00f6rderung und Bewusstseinsentwicklung. Wir wollen Frieden wahrhaftig machbar machen, indem wir Optimalwohl f\u00f6rdernde Initiativen verbinden, zukunftsf\u00e4hige L\u00f6sungen sichtbar machen, Meta-Austausch f\u00f6rdern, Synergien nutzen &amp; den Ressourcengebrauch optimieren. Kurz: SINNstiften.\",\"potentialAction\":[{\"@type\":\"SearchAction\",\"target\":{\"@type\":\"EntryPoint\",\"urlTemplate\":\"https:\/\/evolutioners.net\/?s={search_term_string}\"},\"query-input\":{\"@type\":\"PropertyValueSpecification\",\"valueRequired\":true,\"valueName\":\"search_term_string\"}}],\"inLanguage\":\"en-US\"}]}<\/script>\n<!-- \/ Yoast SEO plugin. -->","yoast_head_json":{"title":"Philosophie - EVOLUTIONERS","robots":{"index":"noindex","follow":"follow","max-snippet":"max-snippet:-1","max-image-preview":"max-image-preview:large","max-video-preview":"max-video-preview:-1"},"og_locale":"en_US","og_type":"article","og_title":"Philosophie - EVOLUTIONERS","og_url":"https:\/\/evolutioners.net\/philosophie\/","og_site_name":"EVOLUTIONERS","article_modified_time":"2019-08-07T21:27:44+00:00","twitter_card":"summary_large_image","twitter_misc":{"Est. reading time":"3 minutes"},"schema":{"@context":"https:\/\/schema.org","@graph":[{"@type":"WebPage","@id":"https:\/\/evolutioners.net\/philosophie\/","url":"https:\/\/evolutioners.net\/philosophie\/","name":"Philosophie - EVOLUTIONERS","isPartOf":{"@id":"https:\/\/evolutioners.net\/#website"},"datePublished":"2019-05-05T20:26:26+00:00","dateModified":"2019-08-07T21:27:44+00:00","breadcrumb":{"@id":"https:\/\/evolutioners.net\/philosophie\/#breadcrumb"},"inLanguage":"en-US","potentialAction":[{"@type":"ReadAction","target":["https:\/\/evolutioners.net\/philosophie\/"]}]},{"@type":"BreadcrumbList","@id":"https:\/\/evolutioners.net\/philosophie\/#breadcrumb","itemListElement":[{"@type":"ListItem","position":1,"name":"Startseite","item":"https:\/\/evolutioners.net\/"},{"@type":"ListItem","position":2,"name":"Philosophie"}]},{"@type":"WebSite","@id":"https:\/\/evolutioners.net\/#website","url":"https:\/\/evolutioners.net\/","name":"EVOLUTIONERS","description":"EVOLUTIONERS ist ein Meta-Projekt f\u00fcr ganzheitliche globale Friedensf\u00f6rderung und Bewusstseinsentwicklung. Wir wollen Frieden wahrhaftig machbar machen, indem wir Optimalwohl f\u00f6rdernde Initiativen verbinden, zukunftsf\u00e4hige L\u00f6sungen sichtbar machen, Meta-Austausch f\u00f6rdern, Synergien nutzen &amp; den Ressourcengebrauch optimieren. Kurz: SINNstiften.","potentialAction":[{"@type":"SearchAction","target":{"@type":"EntryPoint","urlTemplate":"https:\/\/evolutioners.net\/?s={search_term_string}"},"query-input":{"@type":"PropertyValueSpecification","valueRequired":true,"valueName":"search_term_string"}}],"inLanguage":"en-US"}]}},"_links":{"self":[{"href":"https:\/\/evolutioners.net\/en\/wp-json\/wp\/v2\/pages\/137","targetHints":{"allow":["GET"]}}],"collection":[{"href":"https:\/\/evolutioners.net\/en\/wp-json\/wp\/v2\/pages"}],"about":[{"href":"https:\/\/evolutioners.net\/en\/wp-json\/wp\/v2\/types\/page"}],"author":[{"embeddable":true,"href":"https:\/\/evolutioners.net\/en\/wp-json\/wp\/v2\/users\/2"}],"replies":[{"embeddable":true,"href":"https:\/\/evolutioners.net\/en\/wp-json\/wp\/v2\/comments?post=137"}],"version-history":[{"count":24,"href":"https:\/\/evolutioners.net\/en\/wp-json\/wp\/v2\/pages\/137\/revisions"}],"predecessor-version":[{"id":749,"href":"https:\/\/evolutioners.net\/en\/wp-json\/wp\/v2\/pages\/137\/revisions\/749"}],"wp:attachment":[{"href":"https:\/\/evolutioners.net\/en\/wp-json\/wp\/v2\/media?parent=137"}],"curies":[{"name":"wp","href":"https:\/\/api.w.org\/{rel}","templated":true}]}}