{"id":163,"date":"2019-05-05T21:50:43","date_gmt":"2019-05-05T21:50:43","guid":{"rendered":"https:\/\/evolutioners.net\/?page_id=163"},"modified":"2019-08-08T03:40:44","modified_gmt":"2019-08-08T03:40:44","slug":"werte-mit-wuerde","status":"publish","type":"page","link":"https:\/\/evolutioners.net\/en\/werte-mit-wuerde\/","title":{"rendered":"Werte mit W\u00fcrde"},"content":{"rendered":"<p>[et_pb_section fb_built=&#8221;1&#8243; _builder_version=&#8221;3.20.1&#8243; custom_padding=&#8221;20px|21px|20px|0px|false|false&#8221;][et_pb_row custom_padding=&#8221;27px|0px|0|0px|false|false&#8221; _builder_version=&#8221;3.20.1&#8243;][et_pb_column type=&#8221;4_4&#8243; _builder_version=&#8221;3.20.1&#8243;][et_pb_text _builder_version=&#8221;3.20.1&#8243;]<\/p>\n<h1>WERTE MIT W\u00dcRDE<\/h1>\n<p>[\/et_pb_text][\/et_pb_column][\/et_pb_row][et_pb_row custom_padding=&#8221;27px|0px|0|0px|false|false&#8221; _builder_version=&#8221;3.20.1&#8243;][et_pb_column type=&#8221;1_2&#8243; _builder_version=&#8221;3.20.1&#8243;][et_pb_text _builder_version=&#8221;3.20.1&#8243;]<\/p>\n<p><span style=\"font-size: medium; font-family: inherit;\">Neben Kooperationsbereitschaft braucht es ebenso Verantwortungsbewusstsein. Denn es gilt uns bewusst zu werden, dass wir mit jeder einzelnen Entscheidung unsere Evolution mitgestalten.<\/span><\/p>\n<p><span style=\"font-size: medium; font-family: inherit;\">Um als Menschheit voran zu kommen, m\u00fcssen wir als Menschheit zusammenarbeiten. Dazu ist es notwendig, dass die individuellen Interessen zu Gunsten der Interessen der Menschheit als Ganzheit, hinten angestellt werden.\u00a0<span>Denn wie dies Aristoteles schon erkannte, ist das Ganze stets mehr als die Summe seiner Teile.<br \/><\/span><\/span><span style=\"font-size: medium; font-family: inherit;\"><br \/>Dies zu erkennen bedarf eines gewissen Grades an Bewusstsein.<br \/><\/span><span style=\"font-family: inherit; font-size: medium;\">Das <\/span><strong style=\"font-family: inherit; font-size: medium;\">Bewusstsein \u00fcber Notwendigkeit und Dringlichkeit eines positiven Wandels f\u00fcr alle<\/strong><span style=\"font-family: inherit; font-size: medium;\">. Weil alles ist f\u00fcr alle.<br \/><\/span><span style=\"font-size: medium; font-family: inherit;\">Das Bewusstsein von <strong>Selbstverantwortung<\/strong> und insbesondere die Verantwortung \u00fcber die daraus entstehenden Konsequenzen der individuellen Entscheidung f\u00fcr die Menschheit und die Erde als Ganzes.<\/span><\/p>\n<p><span style=\"font-size: medium; font-family: inherit;\"><\/span><\/p>\n<p>[\/et_pb_text][\/et_pb_column][et_pb_column type=&#8221;1_2&#8243; _builder_version=&#8221;3.20.1&#8243;][et_pb_image src=&#8221;https:\/\/evolutioners.net\/wp-content\/uploads\/2019\/06\/Alt-Neu-Papyrus-DE.png&#8221; show_in_lightbox=&#8221;on&#8221; _builder_version=&#8221;3.20.1&#8243; max_width=&#8221;150%&#8221;][\/et_pb_image][\/et_pb_column][\/et_pb_row][et_pb_row _builder_version=&#8221;3.20.1&#8243;][et_pb_column type=&#8221;4_4&#8243; _builder_version=&#8221;3.20.1&#8243;][et_pb_text _builder_version=&#8221;3.20.1&#8243;]<\/p>\n<h3 style=\"text-align: center;\"><span>Der Schl\u00fcssel f\u00fcr ein gutes Leben f\u00fcr alle liegt in\u00a0unserer <strong>Bereitschaft<\/strong>, unsere individuellen Interessen den Bed\u00fcrfnissen des Kollektivs anzupassen und diese nicht zu gef\u00e4hrden.<\/span><\/h3>\n<p>[\/et_pb_text][\/et_pb_column][\/et_pb_row][et_pb_row _builder_version=&#8221;3.20.1&#8243;][et_pb_column type=&#8221;4_4&#8243; _builder_version=&#8221;3.20.1&#8243;][et_pb_image src=&#8221;https:\/\/evolutioners.net\/wp-content\/uploads\/2019\/05\/Das-Neue-ist-schon-da.jpg&#8221; align=&#8221;center&#8221; force_fullwidth=&#8221;on&#8221; _builder_version=&#8221;3.20.1&#8243;][\/et_pb_image][et_pb_text _builder_version=&#8221;3.20.1&#8243;]<\/p>\n<h3 style=\"text-align: center;\">Evolutioners ist die Puzzle-Schachtel, welche das Bild der Zukunft zeigt.<br \/>Eine erstrebenswerte Zukunft in der ein w\u00fcrdevolles Leben<br \/>f\u00fcr alle und alles m\u00f6glich wird.\u00a0<\/h3>\n<p style=\"text-align: center;\"><em><\/em><\/p>\n<h3 style=\"text-align: center;\">Es wird Zeit, dass wir EVOLUTIONERS uns zur kritischen Masse bekennen und dadurch zeigen, wie viele schon m\u00e4chtig am funkeln sind.<\/h3>\n<p style=\"text-align: center;\">\n<h3 style=\"text-align: center;\">Lasst uns gemeinsam unsere Welten verbinden und<br \/>die Erde zum erstrahlen bringen!\u00a0<\/h3>\n<p>[\/et_pb_text][et_pb_cta title=&#8221;Bist auch DU Teil der L\u00f6sung?&#8221; button_url=&#8221;https:\/\/evolutioners.net\/dabei-sein\/&#8221; url_new_window=&#8221;on&#8221; button_text=&#8221;Ja, unbedingt!&#8221; _builder_version=&#8221;3.20.1&#8243;]<\/p>\n<p>Ja, wir sind nun die, auf die wir gewartet haben. Doch nun ist es uns zu bl\u00f6d geworden, deshalb lasst es uns jetzt gemeinsam angehen!<br \/>Es gibt genug zu tun f\u00fcr alle.\u00a0<br \/>Zeit uns wieder der Sinnhaftigkeit zuzuwenden.\u00a0<br \/>Wir freuen uns hilfst Du mit!<\/p>\n<p>[\/et_pb_cta][\/et_pb_column][\/et_pb_row][\/et_pb_section]<\/p>\n","protected":false},"excerpt":{"rendered":"<p>WERTE MIT W\u00dcRDENeben Kooperationsbereitschaft braucht es ebenso Verantwortungsbewusstsein. Denn es gilt uns bewusst zu werden, dass wir mit jeder einzelnen Entscheidung unsere Evolution mitgestalten. Um als Menschheit voran zu kommen, m\u00fcssen wir als Menschheit zusammenarbeiten. Dazu ist es notwendig, dass die individuellen Interessen zu Gunsten der Interessen der Menschheit als Ganzheit, hinten angestellt werden.\u00a0Denn wie [&hellip;]<\/p>\n","protected":false},"author":2,"featured_media":0,"parent":0,"menu_order":0,"comment_status":"closed","ping_status":"closed","template":"","meta":{"_et_pb_use_builder":"on","_et_pb_old_content":"","_et_gb_content_width":"","footnotes":""},"class_list":["post-163","page","type-page","status-publish","hentry"],"translation":{"provider":"WPGlobus","version":"3.0.0","language":"en","enabled_languages":["de","en"],"languages":{"de":{"title":true,"content":true,"excerpt":false},"en":{"title":false,"content":false,"excerpt":false}}},"yoast_head":"<!-- This site is optimized with the Yoast SEO plugin v25.4 - https:\/\/yoast.com\/wordpress\/plugins\/seo\/ -->\n<title>Werte mit W\u00fcrde - EVOLUTIONERS<\/title>\n<meta name=\"robots\" content=\"noindex, follow, max-snippet:-1, max-image-preview:large, max-video-preview:-1\" \/>\n<meta property=\"og:locale\" content=\"en_US\" \/>\n<meta property=\"og:type\" content=\"article\" \/>\n<meta property=\"og:title\" content=\"Werte mit W\u00fcrde - EVOLUTIONERS\" \/>\n<meta property=\"og:url\" content=\"https:\/\/evolutioners.net\/werte-mit-wuerde\/\" \/>\n<meta property=\"og:site_name\" content=\"EVOLUTIONERS\" \/>\n<meta property=\"article:modified_time\" content=\"2019-08-08T03:40:44+00:00\" \/>\n<meta name=\"twitter:card\" content=\"summary_large_image\" \/>\n<meta name=\"twitter:label1\" content=\"Est. reading time\" \/>\n\t<meta name=\"twitter:data1\" content=\"2 minutes\" \/>\n<script type=\"application\/ld+json\" class=\"yoast-schema-graph\">{\"@context\":\"https:\/\/schema.org\",\"@graph\":[{\"@type\":\"WebPage\",\"@id\":\"https:\/\/evolutioners.net\/werte-mit-wuerde\/\",\"url\":\"https:\/\/evolutioners.net\/werte-mit-wuerde\/\",\"name\":\"Werte mit W\u00fcrde - EVOLUTIONERS\",\"isPartOf\":{\"@id\":\"https:\/\/evolutioners.net\/#website\"},\"datePublished\":\"2019-05-05T21:50:43+00:00\",\"dateModified\":\"2019-08-08T03:40:44+00:00\",\"breadcrumb\":{\"@id\":\"https:\/\/evolutioners.net\/werte-mit-wuerde\/#breadcrumb\"},\"inLanguage\":\"en-US\",\"potentialAction\":[{\"@type\":\"ReadAction\",\"target\":[\"https:\/\/evolutioners.net\/werte-mit-wuerde\/\"]}]},{\"@type\":\"BreadcrumbList\",\"@id\":\"https:\/\/evolutioners.net\/werte-mit-wuerde\/#breadcrumb\",\"itemListElement\":[{\"@type\":\"ListItem\",\"position\":1,\"name\":\"Startseite\",\"item\":\"https:\/\/evolutioners.net\/\"},{\"@type\":\"ListItem\",\"position\":2,\"name\":\"Werte mit W\u00fcrde\"}]},{\"@type\":\"WebSite\",\"@id\":\"https:\/\/evolutioners.net\/#website\",\"url\":\"https:\/\/evolutioners.net\/\",\"name\":\"EVOLUTIONERS\",\"description\":\"EVOLUTIONERS ist ein Meta-Projekt f\u00fcr ganzheitliche globale Friedensf\u00f6rderung und Bewusstseinsentwicklung. Wir wollen Frieden wahrhaftig machbar machen, indem wir Optimalwohl f\u00f6rdernde Initiativen verbinden, zukunftsf\u00e4hige L\u00f6sungen sichtbar machen, Meta-Austausch f\u00f6rdern, Synergien nutzen &amp; den Ressourcengebrauch optimieren. Kurz: SINNstiften.\",\"potentialAction\":[{\"@type\":\"SearchAction\",\"target\":{\"@type\":\"EntryPoint\",\"urlTemplate\":\"https:\/\/evolutioners.net\/?s={search_term_string}\"},\"query-input\":{\"@type\":\"PropertyValueSpecification\",\"valueRequired\":true,\"valueName\":\"search_term_string\"}}],\"inLanguage\":\"en-US\"}]}<\/script>\n<!-- \/ Yoast SEO plugin. -->","yoast_head_json":{"title":"Werte mit W\u00fcrde - EVOLUTIONERS","robots":{"index":"noindex","follow":"follow","max-snippet":"max-snippet:-1","max-image-preview":"max-image-preview:large","max-video-preview":"max-video-preview:-1"},"og_locale":"en_US","og_type":"article","og_title":"Werte mit W\u00fcrde - EVOLUTIONERS","og_url":"https:\/\/evolutioners.net\/werte-mit-wuerde\/","og_site_name":"EVOLUTIONERS","article_modified_time":"2019-08-08T03:40:44+00:00","twitter_card":"summary_large_image","twitter_misc":{"Est. reading time":"2 minutes"},"schema":{"@context":"https:\/\/schema.org","@graph":[{"@type":"WebPage","@id":"https:\/\/evolutioners.net\/werte-mit-wuerde\/","url":"https:\/\/evolutioners.net\/werte-mit-wuerde\/","name":"Werte mit W\u00fcrde - EVOLUTIONERS","isPartOf":{"@id":"https:\/\/evolutioners.net\/#website"},"datePublished":"2019-05-05T21:50:43+00:00","dateModified":"2019-08-08T03:40:44+00:00","breadcrumb":{"@id":"https:\/\/evolutioners.net\/werte-mit-wuerde\/#breadcrumb"},"inLanguage":"en-US","potentialAction":[{"@type":"ReadAction","target":["https:\/\/evolutioners.net\/werte-mit-wuerde\/"]}]},{"@type":"BreadcrumbList","@id":"https:\/\/evolutioners.net\/werte-mit-wuerde\/#breadcrumb","itemListElement":[{"@type":"ListItem","position":1,"name":"Startseite","item":"https:\/\/evolutioners.net\/"},{"@type":"ListItem","position":2,"name":"Werte mit W\u00fcrde"}]},{"@type":"WebSite","@id":"https:\/\/evolutioners.net\/#website","url":"https:\/\/evolutioners.net\/","name":"EVOLUTIONERS","description":"EVOLUTIONERS ist ein Meta-Projekt f\u00fcr ganzheitliche globale Friedensf\u00f6rderung und Bewusstseinsentwicklung. Wir wollen Frieden wahrhaftig machbar machen, indem wir Optimalwohl f\u00f6rdernde Initiativen verbinden, zukunftsf\u00e4hige L\u00f6sungen sichtbar machen, Meta-Austausch f\u00f6rdern, Synergien nutzen &amp; den Ressourcengebrauch optimieren. Kurz: SINNstiften.","potentialAction":[{"@type":"SearchAction","target":{"@type":"EntryPoint","urlTemplate":"https:\/\/evolutioners.net\/?s={search_term_string}"},"query-input":{"@type":"PropertyValueSpecification","valueRequired":true,"valueName":"search_term_string"}}],"inLanguage":"en-US"}]}},"_links":{"self":[{"href":"https:\/\/evolutioners.net\/en\/wp-json\/wp\/v2\/pages\/163","targetHints":{"allow":["GET"]}}],"collection":[{"href":"https:\/\/evolutioners.net\/en\/wp-json\/wp\/v2\/pages"}],"about":[{"href":"https:\/\/evolutioners.net\/en\/wp-json\/wp\/v2\/types\/page"}],"author":[{"embeddable":true,"href":"https:\/\/evolutioners.net\/en\/wp-json\/wp\/v2\/users\/2"}],"replies":[{"embeddable":true,"href":"https:\/\/evolutioners.net\/en\/wp-json\/wp\/v2\/comments?post=163"}],"version-history":[{"count":28,"href":"https:\/\/evolutioners.net\/en\/wp-json\/wp\/v2\/pages\/163\/revisions"}],"predecessor-version":[{"id":810,"href":"https:\/\/evolutioners.net\/en\/wp-json\/wp\/v2\/pages\/163\/revisions\/810"}],"wp:attachment":[{"href":"https:\/\/evolutioners.net\/en\/wp-json\/wp\/v2\/media?parent=163"}],"curies":[{"name":"wp","href":"https:\/\/api.w.org\/{rel}","templated":true}]}}