{"id":190,"date":"2019-05-05T23:52:18","date_gmt":"2019-05-05T23:52:18","guid":{"rendered":"https:\/\/evolutioners.net\/?page_id=190"},"modified":"2019-06-16T01:12:13","modified_gmt":"2019-06-16T01:12:13","slug":"wirkungsradius","status":"publish","type":"page","link":"https:\/\/evolutioners.net\/en\/wirkungsradius\/","title":{"rendered":"Wirkungsradius"},"content":{"rendered":"<p>[et_pb_section fb_built=&#8221;1&#8243; _builder_version=&#8221;3.20.1&#8243;][et_pb_row custom_padding=&#8221;1px|0px|0|0px|false|false&#8221; _builder_version=&#8221;3.20.1&#8243;][et_pb_column type=&#8221;4_4&#8243; _builder_version=&#8221;3.20.1&#8243;][et_pb_text _builder_version=&#8221;3.20.1&#8243;]<\/p>\n<h1>Wirkungsradius<\/h1>\n<p>[\/et_pb_text][\/et_pb_column][\/et_pb_row][et_pb_row custom_padding=&#8221;27px|0px|0|0px|false|false&#8221; _builder_version=&#8221;3.20.1&#8243;][et_pb_column type=&#8221;2_5&#8243; _builder_version=&#8221;3.20.1&#8243;][et_pb_text _builder_version=&#8221;3.20.1&#8243;]<\/p>\n<p><span style=\"font-size: 15px;\">Der Wirkungsradius eines Projekts dieser Gr\u00f6ssenordnung ist immens. Immens daher, weil nicht nur der Einfluss eines Vermittlungs-Portals von besseren Alternativen in s\u00e4mtlichen Lebenslagen zur Optimalwohl F\u00f6rderung beitr\u00e4gt, sondern auch durch die gezielte Unterst\u00fctzung von gleichgesinnten Initiativen deren Auswirkungen exponentiell verst\u00e4rkt wird. Dies dient nicht \u201enur\u201c der nachhaltigen Entwicklung in einem Entwicklungs- oder Schwellenland, sondern gleich der optimal nachhaltigen Entwicklung der gesamten Menschheit in Harmonie mit unserer Umwelt.<\/span><\/p>\n<p><span style=\"font-size: 15px;\"><\/span><\/p>\n<p>Wir anerkennen, entlasten und unterst\u00fctzen nach dem <strong>Win-Win Prinzip<\/strong> gleich <strong>drei<\/strong> <strong>Zielgruppen<\/strong> gleichzeitig.<\/p>\n<ol>\n<li><strong>Initiativen, die das\u00a0Optimalwohl f\u00f6rdern<\/strong><\/li>\n<li><strong>Anbieter*innen von nachhaltigen Produkten, Dienstleistungen und Technologien<\/strong><\/li>\n<li><strong>Verantwortungsbewusste Konsument*innen und all jene die es werden wollen.<\/strong><\/li>\n<\/ol>\n<p>&nbsp;<\/p>\n<p><strong><em><\/em><\/strong><\/p>\n<p>[\/et_pb_text][\/et_pb_column][et_pb_column type=&#8221;3_5&#8243; _builder_version=&#8221;3.20.1&#8243;][et_pb_image src=&#8221;https:\/\/evolutioners.net\/wp-content\/uploads\/2019\/05\/Wahnsinnig-Mutige-Vision\u00e4re-3.png&#8221; _builder_version=&#8221;3.20.1&#8243;][\/et_pb_image][\/et_pb_column][\/et_pb_row][et_pb_row _builder_version=&#8221;3.20.1&#8243;][et_pb_column type=&#8221;4_4&#8243; _builder_version=&#8221;3.20.1&#8243;][et_pb_text _builder_version=&#8221;3.20.1&#8243;]<\/p>\n<p>Mit dem Dachverband wird ein Netzwerk geschaffen, um sich \u00fcber die eigene Organisation\/Vereinigung\/&#8230; hinaus frei auszutauschen, vorhandene Synergien zu nutzen und dadurch einander optimal voranzubringen. Durch die Teilnahme am <em>Evolutioners<\/em> Netzwerk steigt die <strong>globale Anerkennung<\/strong>,<br \/>da man nun offiziell Teil des Dachverbands und somit bereits als <strong>evolutionsf\u00f6rdernd <\/strong>ausgezeichnet ist. Dasselbe gilt f\u00fcr Anbieter*innen auf YDW.<\/p>\n<p>Durch <strong>Ressourcen-Erschliessung <\/strong>(Zugang zum interdisziplin\u00e4ren Expert*innen-Pool und deren gewonnenen Erkenntnisse auf dem Optimalwohl-Wiki) k\u00f6nnen die einzelnen Initiativen optimaler unterst\u00fctzt und entlastet werden. Das heisst wiederum auch, dass die Initiativen sich noch effektiver und effizienter auf die <a href=\"https:\/\/www.eda.admin.ch\/post2015\/de\/home\/agenda-2030\/die-17-ziele-fuer-eine-nachhaltige-entwicklung.html\"><strong>17 Ziele f\u00fcr nachhaltige Entwicklung\u00a0<\/strong><\/a>kurz: <strong>SDGS\u00a0<\/strong>(Sustainable Development Goals)\u00a0der <a href=\"https:\/\/www.eda.admin.ch\/agenda2030\/de\/home\/agenda-2030.html\"><strong>Agenda 2030 <\/strong><\/a>konzentrieren k\u00f6nnen. <br \/>Die Agenda 2030 ist <span>der global geltende Kompass f\u00fcr die nationalen und internationalen Bem\u00fchungen zur gemeinsamen L\u00f6sung der grossen Herausforderungen der Welt, wie extreme Armut, Klimawandel, Umweltzerst\u00f6rung oder Gesundheitskrisen.<\/span><\/p>\n<p>Durch die globale Ressourcen-Erschliessung will der Dachverband die Hilfe zur Selbsthilfe auch f\u00fcr diejenigen erm\u00f6glichen, die bis anhin erschwert Zugang zu Ressourcen hatten.<\/p>\n<p>[\/et_pb_text][\/et_pb_column][\/et_pb_row][et_pb_row custom_padding=&#8221;0|0px|27px|0px|false|false&#8221; _builder_version=&#8221;3.20.1&#8243;][et_pb_column type=&#8221;4_4&#8243; _builder_version=&#8221;3.20.1&#8243;][et_pb_text _builder_version=&#8221;3.20.1&#8243;]<\/p>\n<p><strong><em>\u201e<\/em><\/strong><strong><em>Together we\u2019re better\u201c<\/em><\/strong><span> \u2013 ist die Leitphilosophie von Evolutioners. Daher hilft dieses Netzwerk auch den Mitbewerber*innen, da wir mit dem Dachverband ebenfalls innovativen Initiativen R\u00fcckenwind geben wollen.<\/span><\/p>\n<p><strong>Think global &#8211; act local<\/strong>. Dazu dient mitunter auch das Vermittlungs-Portal <em>your-decision.world<\/em>. Denn durch einen globalen Austausch und eine Optimalwohl f\u00f6rdernde Open Source Einstellung k\u00f6nnen Erkenntnisse leichter geteilt werden, was wiederum den kleineren und regionalen Initiativen dient.<\/p>\n<p>Oft ist es so, dass irgendwer, irgendwo bereits die L\u00f6sung hat. Es ist ressourcenschonender, erst zu schauen, was bereits vorhanden ist, bevor man Zeit und Energie investiert. Denn jede NGO\/NPO (kleine und grosse) sieht sich fr\u00fcher oder sp\u00e4ter mit denselben Herausforderungen konfrontiert (und sei es &#8220;nur&#8221; IT-L\u00f6sungen, Administration, Marketing und Finanzierung). Wenn sie sich jedoch bspw. j\u00e4hrlich global austauschen und ihre Ressourcen Optimalwohl f\u00f6rdernd teilen, bringt uns das als Menschheit nat\u00fcrlich deutlich schneller voran. Wichtig hierbei ist jedoch, dass wir uns bewusst sind, dass die optimalste L\u00f6sung in S\u00fcdamerika nicht einfach auf Europa \u00fcbertagen werden kann, sondern stets die spezifischen Bed\u00fcrfnisse, Eigenheiten und Ressourcen der jeweiligen Region ber\u00fccksichtigt werden m\u00fcssen.<\/p>\n<p>[\/et_pb_text][\/et_pb_column][\/et_pb_row][et_pb_row custom_padding=&#8221;12px|0px|0|0px|false|false&#8221; _builder_version=&#8221;3.20.1&#8243;][et_pb_column type=&#8221;4_4&#8243; _builder_version=&#8221;3.20.1&#8243;][et_pb_text _builder_version=&#8221;3.20.1&#8243;]<\/p>\n<h1>Auswirkungen<\/h1>\n<p>[\/et_pb_text][\/et_pb_column][\/et_pb_row][et_pb_row custom_padding=&#8221;17px|0px|3px|0px|false|false&#8221; _builder_version=&#8221;3.20.1&#8243;][et_pb_column type=&#8221;3_5&#8243; _builder_version=&#8221;3.20.1&#8243;][et_pb_text _builder_version=&#8221;3.20.1&#8243;]<\/p>\n<p><strong>Sozio-P\u00e4dagogisch<\/strong>: Sensibilisierung f\u00fcr die Herausforderungen der heutigen Zeit und anbieten konkreter L\u00f6sungsans\u00e4tze. F\u00f6rderung der Entwicklungskompetenzen durch Selbstverantwortungsbewusstsein. St\u00e4rkung der Integrit\u00e4t in s\u00e4mtlichen Lebensentscheidungen. Gew\u00e4hrleistung der Teilhabe an neuen Erkenntnissen, Methoden und Technologien.<\/p>\n<p><strong>Sozio-\u00d6kologisch<\/strong>: Die \u00d6ko-Bilanz von Produkten, Technologien und Dienstleistungen werden stets optimiert und der Zugang zu diesen wird durch eine vertrauensvolle, unabh\u00e4ngige und zentrale Instanz erleichtert.<\/p>\n<p><strong>Sozio-Politisch<\/strong>: Die Evolutioners Expertinnen und Experten k\u00f6nnen auch bei politischen Fragen eine kompetente Beratung bieten, indem wir den Fokus stets auf das Thema der Herausforderung und auf die optimale L\u00f6sung richten. Wir wollen Optimalwohl f\u00f6rdernde politische Initiativen zu einer gr\u00f6sseren Reichweite verhelfen. Keine Alibi-\u00dcbungen und keine Symptombek\u00e4mpfungs-Versuche mehr, sondern nachhaltige L\u00f6sungsfindung.<br \/><strong>F\u00fcr Sachpolitik statt Parteipolitik!<\/strong><\/p>\n<p><strong>Sozio-Historisch: <\/strong>Entwicklung ist die logische Konsequenz der steten Ver\u00e4nderung, welche die einzige Konstante im Universum ist. Lange Zeit machten wir den Fehler, dass wir den Prozess mit dem Prinzip verwechselten und glaubten, dass Evolution das Prinzip von \u201e\u00dcberleben des St\u00e4rkeren\u201c sei (Konkurrenz). Doch das ist ein Prozess. Ein Prozess, den wir jedoch nach unseren Prinzipien bewusst lenken k\u00f6nnen. <strong><em>Evolutioners- for consious evolution!<\/em><\/strong><\/p>\n<p><strong><em><\/em><\/strong><a href=\"https:\/\/evolutioners.net\/philosophie\/leitprinzipien\/\">Evolutioners Leitprinzipien<\/a> geben Anhaltspunkte wie diese Evolution aussehen. Prinzip Hoffnung, Vertrauen, Liebe und Frieden sind hierbei sehr hilfreich.<\/p>\n<p><strong><em><\/em><\/strong><\/p>\n<p>[\/et_pb_text][\/et_pb_column][et_pb_column type=&#8221;2_5&#8243; _builder_version=&#8221;3.20.1&#8243;][et_pb_image src=&#8221;https:\/\/evolutioners.net\/wp-content\/uploads\/2019\/05\/Berliner-Mauer-Viele-Klein-Leute-k\u00f6nnen-die-Welt-ver\u00e4ndern.jpg&#8221; _builder_version=&#8221;3.20.1&#8243;][\/et_pb_image][\/et_pb_column][\/et_pb_row][et_pb_row custom_padding=&#8221;1px|0px|0|0px|false|false&#8221; _builder_version=&#8221;3.20.1&#8243;][et_pb_column type=&#8221;4_4&#8243; _builder_version=&#8221;3.20.1&#8243;][et_pb_text _builder_version=&#8221;3.20.1&#8243;]<\/p>\n<p><strong>Sozio-\u00d6konomisch:<\/strong> Wir glauben, dass die \u00d6konomie grundlegend Gemeinwohl-Orientiert ist und nicht die Geldmehrung zum Ziel hat. Deshalb wollen wir dazu beitragen, dass dem Ursprung der \u00d6konomie wieder mehr Geltung zugesprochen wird. Geld als Mittel und nicht als Zweck des Wirtschaftens.\u00a0Prognose: Langfristig wird sich das Portal YDW auf dem Markt durchsetzen, weil\u2018s schlicht logisch ist. Denn selbst wenn Klimawandel nicht existiert, machen Optimalwohl-f\u00f6rdernde Alternativen Sinn. Da der Markt sich der Nachfrage anpasst, werden bald auch die Grosskonzerne mitziehen. Dies wird eine Entwicklung sein, welche wir nicht nur begr\u00fcssen, sondern auch aktiv f\u00f6rdern m\u00f6chten. Denn wir sind uns der Tragweite der bestehenden Ressourcen von Grosskonzernen bewusst und wissen, dass der Impact viel gr\u00f6sser ist, wenn wir diese langfristig zum Umdenken bewegen k\u00f6nnen, statt gegen sie anzuk\u00e4mpfen und ihre ersten Schritte in die richtige Richtung noch als Greenwashing zu beschuldigen. Denn auch hier gilt \u201etogether we\u2018re better\u201c.<\/p>\n<h4 style=\"text-align: center;\"><em>\u201eDer Schl\u00fcssel f\u00fcr den Wandel liegt nicht darin Altes zu bek\u00e4mpfen, sondern darin Neues zu erschaffen\u201c<br \/>~Sokrates~<\/em><\/h4>\n<p>&nbsp;<\/p>\n<p>[\/et_pb_text][\/et_pb_column][\/et_pb_row][et_pb_row custom_padding=&#8221;0|0px|9px|0px|false|false&#8221; _builder_version=&#8221;3.20.1&#8243;][et_pb_column type=&#8221;4_4&#8243; _builder_version=&#8221;3.20.1&#8243;][et_pb_image src=&#8221;https:\/\/evolutioners.net\/wp-content\/uploads\/2019\/06\/Paintbrush-Warrior-ipp.jpg&#8221; align=&#8221;center&#8221; _builder_version=&#8221;3.20.1&#8243; max_width=&#8221;200%&#8221;][\/et_pb_image][\/et_pb_column][\/et_pb_row][et_pb_row _builder_version=&#8221;3.20.1&#8243; custom_padding=&#8221;0|0px|24.517px|0px|false|false&#8221;][et_pb_column type=&#8221;4_4&#8243; _builder_version=&#8221;3.20.1&#8243;][et_pb_text _builder_version=&#8221;3.20.1&#8243;]<\/p>\n<h5 style=\"text-align: center;\"><em>&#8220;Paintbrush Warrior&#8221; by Mark Henson<\/em><\/h5>\n<p>[\/et_pb_text][\/et_pb_column][\/et_pb_row][\/et_pb_section]<\/p>\n","protected":false},"excerpt":{"rendered":"<p>WirkungsradiusDer Wirkungsradius eines Projekts dieser Gr\u00f6ssenordnung ist immens. Immens daher, weil nicht nur der Einfluss eines Vermittlungs-Portals von besseren Alternativen in s\u00e4mtlichen Lebenslagen zur Optimalwohl F\u00f6rderung beitr\u00e4gt, sondern auch durch die gezielte Unterst\u00fctzung von gleichgesinnten Initiativen deren Auswirkungen exponentiell verst\u00e4rkt wird. Dies dient nicht \u201enur\u201c der nachhaltigen Entwicklung in einem Entwicklungs- oder Schwellenland, sondern gleich [&hellip;]<\/p>\n","protected":false},"author":2,"featured_media":0,"parent":0,"menu_order":0,"comment_status":"closed","ping_status":"closed","template":"","meta":{"_et_pb_use_builder":"on","_et_pb_old_content":"","_et_gb_content_width":"","footnotes":""},"class_list":["post-190","page","type-page","status-publish","hentry"],"translation":{"provider":"WPGlobus","version":"3.0.0","language":"en","enabled_languages":["de","en"],"languages":{"de":{"title":true,"content":true,"excerpt":false},"en":{"title":false,"content":false,"excerpt":false}}},"yoast_head":"<!-- This site is optimized with the Yoast SEO plugin v25.4 - https:\/\/yoast.com\/wordpress\/plugins\/seo\/ -->\n<title>Wirkungsradius - EVOLUTIONERS<\/title>\n<meta name=\"robots\" content=\"noindex, follow, max-snippet:-1, max-image-preview:large, max-video-preview:-1\" \/>\n<meta property=\"og:locale\" content=\"en_US\" \/>\n<meta property=\"og:type\" content=\"article\" \/>\n<meta property=\"og:title\" content=\"Wirkungsradius - EVOLUTIONERS\" \/>\n<meta property=\"og:url\" content=\"https:\/\/evolutioners.net\/wirkungsradius\/\" \/>\n<meta property=\"og:site_name\" content=\"EVOLUTIONERS\" \/>\n<meta property=\"article:modified_time\" content=\"2019-06-16T01:12:13+00:00\" \/>\n<meta name=\"twitter:card\" content=\"summary_large_image\" \/>\n<meta name=\"twitter:label1\" content=\"Est. reading time\" \/>\n\t<meta name=\"twitter:data1\" content=\"6 minutes\" \/>\n<script type=\"application\/ld+json\" class=\"yoast-schema-graph\">{\"@context\":\"https:\/\/schema.org\",\"@graph\":[{\"@type\":\"WebPage\",\"@id\":\"https:\/\/evolutioners.net\/wirkungsradius\/\",\"url\":\"https:\/\/evolutioners.net\/wirkungsradius\/\",\"name\":\"Wirkungsradius - EVOLUTIONERS\",\"isPartOf\":{\"@id\":\"https:\/\/evolutioners.net\/#website\"},\"datePublished\":\"2019-05-05T23:52:18+00:00\",\"dateModified\":\"2019-06-16T01:12:13+00:00\",\"breadcrumb\":{\"@id\":\"https:\/\/evolutioners.net\/wirkungsradius\/#breadcrumb\"},\"inLanguage\":\"en-US\",\"potentialAction\":[{\"@type\":\"ReadAction\",\"target\":[\"https:\/\/evolutioners.net\/wirkungsradius\/\"]}]},{\"@type\":\"BreadcrumbList\",\"@id\":\"https:\/\/evolutioners.net\/wirkungsradius\/#breadcrumb\",\"itemListElement\":[{\"@type\":\"ListItem\",\"position\":1,\"name\":\"Startseite\",\"item\":\"https:\/\/evolutioners.net\/\"},{\"@type\":\"ListItem\",\"position\":2,\"name\":\"Wirkungsradius\"}]},{\"@type\":\"WebSite\",\"@id\":\"https:\/\/evolutioners.net\/#website\",\"url\":\"https:\/\/evolutioners.net\/\",\"name\":\"EVOLUTIONERS\",\"description\":\"EVOLUTIONERS ist ein Meta-Projekt f\u00fcr ganzheitliche globale Friedensf\u00f6rderung und Bewusstseinsentwicklung. Wir wollen Frieden wahrhaftig machbar machen, indem wir Optimalwohl f\u00f6rdernde Initiativen verbinden, zukunftsf\u00e4hige L\u00f6sungen sichtbar machen, Meta-Austausch f\u00f6rdern, Synergien nutzen &amp; den Ressourcengebrauch optimieren. Kurz: SINNstiften.\",\"potentialAction\":[{\"@type\":\"SearchAction\",\"target\":{\"@type\":\"EntryPoint\",\"urlTemplate\":\"https:\/\/evolutioners.net\/?s={search_term_string}\"},\"query-input\":{\"@type\":\"PropertyValueSpecification\",\"valueRequired\":true,\"valueName\":\"search_term_string\"}}],\"inLanguage\":\"en-US\"}]}<\/script>\n<!-- \/ Yoast SEO plugin. -->","yoast_head_json":{"title":"Wirkungsradius - EVOLUTIONERS","robots":{"index":"noindex","follow":"follow","max-snippet":"max-snippet:-1","max-image-preview":"max-image-preview:large","max-video-preview":"max-video-preview:-1"},"og_locale":"en_US","og_type":"article","og_title":"Wirkungsradius - EVOLUTIONERS","og_url":"https:\/\/evolutioners.net\/wirkungsradius\/","og_site_name":"EVOLUTIONERS","article_modified_time":"2019-06-16T01:12:13+00:00","twitter_card":"summary_large_image","twitter_misc":{"Est. reading time":"6 minutes"},"schema":{"@context":"https:\/\/schema.org","@graph":[{"@type":"WebPage","@id":"https:\/\/evolutioners.net\/wirkungsradius\/","url":"https:\/\/evolutioners.net\/wirkungsradius\/","name":"Wirkungsradius - EVOLUTIONERS","isPartOf":{"@id":"https:\/\/evolutioners.net\/#website"},"datePublished":"2019-05-05T23:52:18+00:00","dateModified":"2019-06-16T01:12:13+00:00","breadcrumb":{"@id":"https:\/\/evolutioners.net\/wirkungsradius\/#breadcrumb"},"inLanguage":"en-US","potentialAction":[{"@type":"ReadAction","target":["https:\/\/evolutioners.net\/wirkungsradius\/"]}]},{"@type":"BreadcrumbList","@id":"https:\/\/evolutioners.net\/wirkungsradius\/#breadcrumb","itemListElement":[{"@type":"ListItem","position":1,"name":"Startseite","item":"https:\/\/evolutioners.net\/"},{"@type":"ListItem","position":2,"name":"Wirkungsradius"}]},{"@type":"WebSite","@id":"https:\/\/evolutioners.net\/#website","url":"https:\/\/evolutioners.net\/","name":"EVOLUTIONERS","description":"EVOLUTIONERS ist ein Meta-Projekt f\u00fcr ganzheitliche globale Friedensf\u00f6rderung und Bewusstseinsentwicklung. Wir wollen Frieden wahrhaftig machbar machen, indem wir Optimalwohl f\u00f6rdernde Initiativen verbinden, zukunftsf\u00e4hige L\u00f6sungen sichtbar machen, Meta-Austausch f\u00f6rdern, Synergien nutzen &amp; den Ressourcengebrauch optimieren. Kurz: SINNstiften.","potentialAction":[{"@type":"SearchAction","target":{"@type":"EntryPoint","urlTemplate":"https:\/\/evolutioners.net\/?s={search_term_string}"},"query-input":{"@type":"PropertyValueSpecification","valueRequired":true,"valueName":"search_term_string"}}],"inLanguage":"en-US"}]}},"_links":{"self":[{"href":"https:\/\/evolutioners.net\/en\/wp-json\/wp\/v2\/pages\/190","targetHints":{"allow":["GET"]}}],"collection":[{"href":"https:\/\/evolutioners.net\/en\/wp-json\/wp\/v2\/pages"}],"about":[{"href":"https:\/\/evolutioners.net\/en\/wp-json\/wp\/v2\/types\/page"}],"author":[{"embeddable":true,"href":"https:\/\/evolutioners.net\/en\/wp-json\/wp\/v2\/users\/2"}],"replies":[{"embeddable":true,"href":"https:\/\/evolutioners.net\/en\/wp-json\/wp\/v2\/comments?post=190"}],"version-history":[{"count":15,"href":"https:\/\/evolutioners.net\/en\/wp-json\/wp\/v2\/pages\/190\/revisions"}],"predecessor-version":[{"id":486,"href":"https:\/\/evolutioners.net\/en\/wp-json\/wp\/v2\/pages\/190\/revisions\/486"}],"wp:attachment":[{"href":"https:\/\/evolutioners.net\/en\/wp-json\/wp\/v2\/media?parent=190"}],"curies":[{"name":"wp","href":"https:\/\/api.w.org\/{rel}","templated":true}]}}