{"id":201,"date":"2019-05-06T00:20:47","date_gmt":"2019-05-06T00:20:47","guid":{"rendered":"https:\/\/evolutioners.net\/?page_id=201"},"modified":"2023-06-09T15:02:09","modified_gmt":"2023-06-09T15:02:09","slug":"dabei-sein","status":"publish","type":"page","link":"https:\/\/evolutioners.net\/en\/dabei-sein\/","title":{"rendered":"UNBEDINGT!"},"content":{"rendered":"<p>[et_pb_section fb_built=&#8221;1&#8243; _builder_version=&#8221;4.16&#8243; global_colors_info=&#8221;{}&#8221;][et_pb_row _builder_version=&#8221;4.16&#8243; global_colors_info=&#8221;{}&#8221; column_structure=&#8221;1_2,1_2&#8243;][et_pb_column type=&#8221;1_2&#8243; _builder_version=&#8221;4.16&#8243; custom_padding=&#8221;|||&#8221; global_colors_info=&#8221;{}&#8221; custom_padding__hover=&#8221;|||&#8221;][et_pb_image src=&#8221;https:\/\/evolutioners.net\/wp-content\/uploads\/2019\/08\/12088243_10207002985305284_1680351196570529619_n.jpg&#8221; show_in_lightbox=&#8221;on&#8221; align=&#8221;center&#8221; align_tablet=&#8221;center&#8221; align_last_edited=&#8221;on|desktop&#8221; _builder_version=&#8221;4.16&#8243; border_radii=&#8221;on|9px|9px|9px|9px&#8221; global_colors_info=&#8221;{}&#8221; align_phone=&#8221;center&#8221;][\/et_pb_image][et_pb_text _builder_version=&#8221;4.16&#8243; global_colors_info=&#8221;{}&#8221;][\/et_pb_text][\/et_pb_column][et_pb_column type=&#8221;1_2&#8243; _builder_version=&#8221;4.16&#8243; custom_padding=&#8221;|||&#8221; global_colors_info=&#8221;{}&#8221; custom_padding__hover=&#8221;|||&#8221;][et_pb_text _builder_version=&#8221;4.16&#8243; global_colors_info=&#8221;{}&#8221;]<\/p>\n<h4 style=\"text-align: center;\"><\/h4>\n<h4 style=\"text-align: center;\"><\/h4>\n<h4 style=\"text-align: center;\"><\/h4>\n<h4 style=\"text-align: center;\"><span style=\"font-size: 21px;\"><\/span><\/h4>\n<h4 style=\"text-align: center;\"><em><span style=\"font-size: 21px;\">&#8220;Was keiner wagt, das sollt ihr wagen.<br \/><\/span>Was keiner sagt, das sagt heraus.\u00a0<\/em><br \/><em>Was keiner denkt, das wagt zu denken.<\/em><br \/><em>Was keiner anf\u00e4ngt, das f\u00fchrt aus.&#8221;<\/em><br \/>~Lothar Zanetti~<\/h4>\n<p>&nbsp;<\/p>\n<h4><span style=\"color: #53c621;\">Wenn Du Deinen Puzzel-Teil erkannt hast, dann lass uns bitte wissen, welchen Teil vom grossen Ganzen Du strahlender und bunter gestalten kannst.\u00a0<\/span><\/h4>\n<p>Wir DANKEN es Dir und freuen uns bereits,<br \/>uns mit Dir verbinden zu d\u00fcrfen.\u00a0<\/p>\n<p>Herzensgr\u00fcsse,\u00a0<br \/>Deine Evolutioners<br \/>Corina, Larissa &amp; Jonas<\/p>\n<p>&nbsp;<\/p>\n<p>[\/et_pb_text][\/et_pb_column][\/et_pb_row][et_pb_row _builder_version=&#8221;4.16&#8243; global_colors_info=&#8221;{}&#8221;][et_pb_column type=&#8221;4_4&#8243; _builder_version=&#8221;4.16&#8243; custom_padding=&#8221;|||&#8221; global_colors_info=&#8221;{}&#8221; custom_padding__hover=&#8221;|||&#8221;][et_pb_contact_form email=&#8221;mail@evolutioners.net&#8221; title=&#8221;Kontaktiere uns&#8221; custom_message=&#8221;HurrayJuhuuu&#038;Yessaai!||et_pb_line_break_holder||Neue Mail von Evolutioners.net||et_pb_line_break_holder||||et_pb_line_break_holder||Dein Anliegen: %%field_4%% ||et_pb_line_break_holder||Name: %%Name%%||et_pb_line_break_holder||E-Mail-Adresse: %%Email%%||et_pb_line_break_holder||Nachricht: %%Message%%||et_pb_line_break_holder||&#8221; success_message=&#8221;Herzlichen Dank f\u00fcr Deine Kontaktaufnahme. Wir freuen uns, so schnell es uns m\u00f6glich ist, mit Dir in Verbindung zu setzen. Herzlichst, Deine Evolutioners&#8221; _builder_version=&#8221;4.21.0&#8243; _unique_id=&#8221;480ea67f-137b-412c-ae89-db28d738b096&#8243; hover_enabled=&#8221;0&#8243; global_colors_info=&#8221;{}&#8221; sticky_enabled=&#8221;0&#8243;][et_pb_contact_field field_id=&#8221;Field_4&#8243; field_title=&#8221;Dein Anliegen&#8221; field_type=&#8221;select&#8221; select_options=&#8221;%91{%22value%22:%22Ich will Teil der Bewegung sein%22,%22checked%22:0,%22dragID%22:-1},{%22value%22:%22Ich will aktiv beim Aufbau mitwirken%22,%22checked%22:0,%22dragID%22:0},{%22dragID%22:1,%22value%22:%22Ich will Informationen vermittlen%22,%22checked%22:0},{%22dragID%22:2,%22value%22:%22Ich will Menschen vernetzen%22,%22checked%22:0},{%22value%22:%22Ich will euch finanziell unterst\u00fctzen%22,%22checked%22:0,%22dragID%22:3},{%22dragID%22:4,%22value%22:%22Ich habe noch Fragen%22,%22checked%22:0},{%22value%22:%22Mein Feedback%22,%22checked%22:0,%22dragID%22:5}%93&#8243; fullwidth_field=&#8221;on&#8221; _builder_version=&#8221;4.21.0&#8243; hover_enabled=&#8221;0&#8243; global_colors_info=&#8221;{}&#8221; sticky_enabled=&#8221;0&#8243;][\/et_pb_contact_field][et_pb_contact_field field_id=&#8221;Name&#8221; field_title=&#8221;Name&#8221; _builder_version=&#8221;4.16&#8243; global_colors_info=&#8221;{}&#8221; button_text_size__hover_enabled=&#8221;off&#8221; button_one_text_size__hover_enabled=&#8221;off&#8221; button_two_text_size__hover_enabled=&#8221;off&#8221; button_text_color__hover_enabled=&#8221;off&#8221; button_one_text_color__hover_enabled=&#8221;off&#8221; button_two_text_color__hover_enabled=&#8221;off&#8221; button_border_width__hover_enabled=&#8221;off&#8221; button_one_border_width__hover_enabled=&#8221;off&#8221; button_two_border_width__hover_enabled=&#8221;off&#8221; button_border_color__hover_enabled=&#8221;off&#8221; button_one_border_color__hover_enabled=&#8221;off&#8221; button_two_border_color__hover_enabled=&#8221;off&#8221; button_border_radius__hover_enabled=&#8221;off&#8221; button_one_border_radius__hover_enabled=&#8221;off&#8221; button_two_border_radius__hover_enabled=&#8221;off&#8221; button_letter_spacing__hover_enabled=&#8221;off&#8221; button_one_letter_spacing__hover_enabled=&#8221;off&#8221; button_two_letter_spacing__hover_enabled=&#8221;off&#8221; button_bg_color__hover_enabled=&#8221;off&#8221; button_one_bg_color__hover_enabled=&#8221;off&#8221; button_two_bg_color__hover_enabled=&#8221;off&#8221;][\/et_pb_contact_field][et_pb_contact_field field_id=&#8221;Email&#8221; field_title=&#8221;E-Mail-Adresse&#8221; field_type=&#8221;email&#8221; _builder_version=&#8221;4.16&#8243; global_colors_info=&#8221;{}&#8221; button_text_size__hover_enabled=&#8221;off&#8221; button_one_text_size__hover_enabled=&#8221;off&#8221; button_two_text_size__hover_enabled=&#8221;off&#8221; button_text_color__hover_enabled=&#8221;off&#8221; button_one_text_color__hover_enabled=&#8221;off&#8221; button_two_text_color__hover_enabled=&#8221;off&#8221; button_border_width__hover_enabled=&#8221;off&#8221; button_one_border_width__hover_enabled=&#8221;off&#8221; button_two_border_width__hover_enabled=&#8221;off&#8221; button_border_color__hover_enabled=&#8221;off&#8221; button_one_border_color__hover_enabled=&#8221;off&#8221; button_two_border_color__hover_enabled=&#8221;off&#8221; button_border_radius__hover_enabled=&#8221;off&#8221; button_one_border_radius__hover_enabled=&#8221;off&#8221; button_two_border_radius__hover_enabled=&#8221;off&#8221; button_letter_spacing__hover_enabled=&#8221;off&#8221; button_one_letter_spacing__hover_enabled=&#8221;off&#8221; button_two_letter_spacing__hover_enabled=&#8221;off&#8221; button_bg_color__hover_enabled=&#8221;off&#8221; button_one_bg_color__hover_enabled=&#8221;off&#8221; button_two_bg_color__hover_enabled=&#8221;off&#8221;][\/et_pb_contact_field][et_pb_contact_field field_id=&#8221;Message&#8221; field_title=&#8221;Nachricht&#8221; field_type=&#8221;text&#8221; fullwidth_field=&#8221;on&#8221; _builder_version=&#8221;4.21.0&#8243; hover_enabled=&#8221;0&#8243; global_colors_info=&#8221;{}&#8221; button_text_size__hover_enabled=&#8221;off&#8221; button_one_text_size__hover_enabled=&#8221;off&#8221; button_two_text_size__hover_enabled=&#8221;off&#8221; button_text_color__hover_enabled=&#8221;off&#8221; button_one_text_color__hover_enabled=&#8221;off&#8221; button_two_text_color__hover_enabled=&#8221;off&#8221; button_border_width__hover_enabled=&#8221;off&#8221; button_one_border_width__hover_enabled=&#8221;off&#8221; button_two_border_width__hover_enabled=&#8221;off&#8221; button_border_color__hover_enabled=&#8221;off&#8221; button_one_border_color__hover_enabled=&#8221;off&#8221; button_two_border_color__hover_enabled=&#8221;off&#8221; button_border_radius__hover_enabled=&#8221;off&#8221; button_one_border_radius__hover_enabled=&#8221;off&#8221; button_two_border_radius__hover_enabled=&#8221;off&#8221; button_letter_spacing__hover_enabled=&#8221;off&#8221; button_one_letter_spacing__hover_enabled=&#8221;off&#8221; button_two_letter_spacing__hover_enabled=&#8221;off&#8221; button_bg_color__hover_enabled=&#8221;off&#8221; button_one_bg_color__hover_enabled=&#8221;off&#8221; button_two_bg_color__hover_enabled=&#8221;off&#8221; sticky_enabled=&#8221;0&#8243;][\/et_pb_contact_field][\/et_pb_contact_form][\/et_pb_column][\/et_pb_row][et_pb_row _builder_version=&#8221;4.16&#8243; custom_padding=&#8221;0|0px|0|0px|false|false&#8221; global_colors_info=&#8221;{}&#8221; column_structure=&#8221;1_2,1_2&#8243;][et_pb_column type=&#8221;1_2&#8243; _builder_version=&#8221;4.16&#8243; custom_padding=&#8221;|||&#8221; global_colors_info=&#8221;{}&#8221; custom_padding__hover=&#8221;|||&#8221;][et_pb_text _builder_version=&#8221;4.16&#8243; global_colors_info=&#8221;{}&#8221;]<\/p>\n<p style=\"text-align: center;\"><em style=\"font-size: 13px;\">\u00a0<\/em><\/p>\n<p style=\"text-align: center;\">\u00a0<span style=\"text-decoration: underline; font-size: 30px;\"><span color=\"#333333\" face=\"Buda, display\" style=\"color: #333333; font-family: Buda, display;\"><span style=\"letter-spacing: 4px;\"><b>Was wollen wir?<\/b><\/span><\/span><\/span><\/p>\n<h4 style=\"text-align: center;\">Wir wollen in einem lebensw\u00fcrdigen System leben,<br \/>welches humane Werte vertritt.<br \/>Wir wollen eine achtsame, harmonische und respektvolle Kultur, <br \/>welche sich stets auf den kleinsten,<br \/>uns alle verbindenden Nenner besinnt.<br \/>Wir wollen, dass wir weder andere zu Objekten machen, noch uns selbst,<br \/>denn das ist Zeichen von W\u00fcrde!<br \/>Wir wollen Hoffnung schenken, Integrit\u00e4t st\u00e4rken und<br \/>das Optimalwohl f\u00f6rdern.<br \/>Denn wir glauben daran, dass eine lebenswerte Zukunft<br \/>f\u00fcr alle m\u00f6glich ist.<br \/>Jetzt!<\/h4>\n<p>&nbsp;<\/p>\n<p><span style=\"font-family: inherit; font-weight: normal;\"><em><strong><\/strong><\/em><\/span><\/p>\n<p>[\/et_pb_text][\/et_pb_column][et_pb_column type=&#8221;1_2&#8243; _builder_version=&#8221;4.16&#8243; custom_padding=&#8221;|||&#8221; global_colors_info=&#8221;{}&#8221; custom_padding__hover=&#8221;|||&#8221;][et_pb_image src=&#8221;https:\/\/evolutioners.net\/wp-content\/uploads\/2019\/06\/Alt-Neu-Papyrus-DE.png&#8221; show_in_lightbox=&#8221;on&#8221; align=&#8221;right&#8221; align_tablet=&#8221;center&#8221; align_last_edited=&#8221;on|desktop&#8221; _builder_version=&#8221;4.16&#8243; max_width=&#8221;150%&#8221; custom_margin=&#8221;8%||&#8221; hover_enabled=&#8221;0&#8243; border_radii=&#8221;on|9px|9px|9px|9px&#8221; box_shadow_style=&#8221;preset1&#8243; global_colors_info=&#8221;{}&#8221; sticky_enabled=&#8221;0&#8243; align_phone=&#8221;center&#8221;][\/et_pb_image][\/et_pb_column][\/et_pb_row][et_pb_row _builder_version=&#8221;4.16&#8243; global_colors_info=&#8221;{}&#8221;][et_pb_column type=&#8221;4_4&#8243; _builder_version=&#8221;4.16&#8243; custom_padding=&#8221;|||&#8221; global_colors_info=&#8221;{}&#8221; custom_padding__hover=&#8221;|||&#8221;][et_pb_text _builder_version=&#8221;4.16&#8243; global_colors_info=&#8221;{}&#8221;]<\/p>\n<p>Wenn auch Du diesen Herzenswunsch von einer erf\u00fcllten Zukunft f\u00fcr alle tr\u00e4gst, dann lass uns verbinden, denn gemeinsam sind wir m\u00e4chtiger!\u00a0Hilf uns bei der Verwirklichung unserer Vision.\u00a0Wir w\u00fcnschen uns das von ganzem Herzen.<\/p>\n<p>Wir sind gerade in der Vorbereitungsphase und brauchen daher lediglich von allem noch alles &#8211; nur eben in optimal.\u00a0<\/p>\n<p>Da alles f\u00fcr alle ist &#8211; ist allen gedient, wenn jeder von uns das, was er\/sie am Besten kann, in die Gemeinschaft wieder hineinbringt. Verbindung und optimale Ressourcennutzung\u00a0<span style=\"font-size: 18px;\">ist der nachhaltigste Weg, um die Herausforderungen der heutigen Zeit schnellstm\u00f6glichst l\u00f6sen zu k\u00f6nnen.\u00a0<br \/><\/span><span style=\"font-size: 18px;\">Daher;<\/span><\/p>\n<p>[\/et_pb_text][et_pb_text _builder_version=&#8221;4.16&#8243; global_colors_info=&#8221;{}&#8221;]<\/p>\n<h3 style=\"text-align: center;\">Es wird Zeit, dass wir EVOLUTIONERS uns zur bewussten Masse bekennen und dadurch zeigen, wie viele schon m\u00e4chtig am funkeln sind.<\/h3>\n<p style=\"text-align: center;\">\n<h3 style=\"text-align: center;\"><span style=\"color: #e2aa00;\">Lasst uns gemeinsam unsere Welten verbinden und<\/span><br \/><span style=\"color: #e2aa00;\">die Erde zum erstrahlen bringen!\u00a0<\/span><\/h3>\n<p>[\/et_pb_text][\/et_pb_column][\/et_pb_row][et_pb_row _builder_version=&#8221;4.16&#8243; custom_padding=&#8221;0|0px|27px|0px|false|false&#8221; global_colors_info=&#8221;{}&#8221; column_structure=&#8221;3_5,2_5&#8243;][et_pb_column type=&#8221;3_5&#8243; _builder_version=&#8221;4.16&#8243; custom_padding=&#8221;|||&#8221; global_colors_info=&#8221;{}&#8221; custom_padding__hover=&#8221;|||&#8221;][et_pb_text _builder_version=&#8221;4.16&#8243; global_colors_info=&#8221;{}&#8221;]<\/p>\n<h3 style=\"text-align: center;\"><span style=\"font-size: 26px;\"><\/span><\/h3>\n<h3 style=\"text-align: center;\"><span style=\"font-size: 26px;\"><span style=\"font-size: large;\">Wir wollen ein Ressourcen-Register erstellen, wo Du die M\u00f6glichkeit hast, Deinen individuellen Teile zur L\u00f6sung beizutragen. <\/span><br \/><span style=\"font-size: large;\">Teile hier was Du am liebsten mit anderen EVOLUTIONERS teilen magst, um unser gemeinsames Anliegen zu f\u00f6rdern.\u00a0<\/span><\/span><\/h3>\n<p>&nbsp;<\/p>\n<p>Gesucht werden:<br \/>Deine Begeisterung<br \/>Deine Motivation<br \/>Deine Expertise, Dein Know-How<br \/>Deine Erfahrung<br \/>Deine Kontakte<\/p>\n<h3 style=\"text-align: center;\">\u00a0DANKE\u00a0 DANKE\u00a0 DANKE<\/h3>\n<p>&nbsp;<\/p>\n<p>[\/et_pb_text][\/et_pb_column][et_pb_column type=&#8221;2_5&#8243; _builder_version=&#8221;4.16&#8243; custom_padding=&#8221;|||&#8221; global_colors_info=&#8221;{}&#8221; custom_padding__hover=&#8221;|||&#8221;][et_pb_image src=&#8221;https:\/\/evolutioners.net\/wp-content\/uploads\/2019\/08\/nehmen-geben-herz.jpg&#8221; show_in_lightbox=&#8221;on&#8221; align=&#8221;center&#8221; align_tablet=&#8221;center&#8221; align_last_edited=&#8221;on|desktop&#8221; _builder_version=&#8221;4.16&#8243; max_width=&#8221;90%&#8221; border_radii=&#8221;on|9px|9px|9px|9px&#8221; box_shadow_style=&#8221;preset1&#8243; global_colors_info=&#8221;{}&#8221; align_phone=&#8221;center&#8221;][\/et_pb_image][\/et_pb_column][\/et_pb_row][et_pb_row _builder_version=&#8221;4.16&#8243; background_color=&#8221;#2ea3f2&#8243; global_colors_info=&#8221;{}&#8221; column_structure=&#8221;1_2,1_2&#8243;][et_pb_column type=&#8221;1_2&#8243; _builder_version=&#8221;4.16&#8243; custom_padding=&#8221;|||&#8221; global_colors_info=&#8221;{}&#8221; custom_padding__hover=&#8221;|||&#8221;][et_pb_text _builder_version=&#8221;4.16&#8243; text_font=&#8221;||||||||&#8221; text_text_color=&#8221;#ffffff&#8221; text_font_size=&#8221;17px&#8221; header_2_font=&#8221;||||||||&#8221; header_2_text_color=&#8221;#ffffff&#8221; custom_margin=&#8221;20px|30px|20px|30px&#8221; global_colors_info=&#8221;{}&#8221;]<\/p>\n<h2>Gespannt wie&#8217;s weitergeht?\u00a0<\/h2>\n<p><span style=\"font-size: 17px;\">Wir auch! Wenn Du interessiert bist, werden wir Dich gerne auf dem Laufenden halten.<\/span><\/p>\n<p>Trage hierf\u00fcr einfach Dein Name und Deine Email-Adresse ein.\u00a0<\/p>\n<p>[\/et_pb_text][\/et_pb_column][et_pb_column type=&#8221;1_2&#8243; _builder_version=&#8221;4.16&#8243; custom_padding=&#8221;|||&#8221; global_colors_info=&#8221;{}&#8221; custom_padding__hover=&#8221;|||&#8221;][et_pb_code _builder_version=&#8221;4.16&#8243; custom_margin=&#8221;9%||&#8221; global_colors_info=&#8221;{}&#8221;]\n<div class=\"wpcf7 no-js\" id=\"wpcf7-f413-o1\" lang=\"de-DE\" dir=\"ltr\" data-wpcf7-id=\"413\">\n<div class=\"screen-reader-response\"><p role=\"status\" aria-live=\"polite\" aria-atomic=\"true\"><\/p> <ul><\/ul><\/div>\n<form action=\"\/en\/wp-json\/wp\/v2\/pages\/201#wpcf7-f413-o1\" method=\"post\" class=\"wpcf7-form init\" aria-label=\"Kontaktformular\" novalidate=\"novalidate\" data-status=\"init\">\n<fieldset class=\"hidden-fields-container\"><input type=\"hidden\" name=\"_wpcf7\" value=\"413\" \/><input type=\"hidden\" name=\"_wpcf7_version\" value=\"6.1\" \/><input type=\"hidden\" name=\"_wpcf7_locale\" value=\"de_DE\" \/><input type=\"hidden\" name=\"_wpcf7_unit_tag\" value=\"wpcf7-f413-o1\" \/><input type=\"hidden\" name=\"_wpcf7_container_post\" value=\"0\" \/><input type=\"hidden\" name=\"_wpcf7_posted_data_hash\" value=\"\" \/>\n<\/fieldset>\n<p><label> Name<br \/>\n<span class=\"wpcf7-form-control-wrap\" data-name=\"your-name\"><input size=\"40\" maxlength=\"400\" class=\"wpcf7-form-control wpcf7-text wpcf7-validates-as-required\" aria-required=\"true\" aria-invalid=\"false\" value=\"\" type=\"text\" name=\"your-name\" \/><\/span> <\/label>\n<\/p>\n<p><label> Email<br \/>\n<span class=\"wpcf7-form-control-wrap\" data-name=\"your-email\"><input size=\"40\" maxlength=\"400\" class=\"wpcf7-form-control wpcf7-email wpcf7-validates-as-required wpcf7-text wpcf7-validates-as-email\" aria-required=\"true\" aria-invalid=\"false\" value=\"\" type=\"email\" name=\"your-email\" \/><\/span> <\/label>\n<\/p>\n<p><input class=\"wpcf7-form-control wpcf7-submit has-spinner\" type=\"submit\" value=\"Anmelden\" \/>\n<\/p><div class=\"wpcf7-response-output\" aria-hidden=\"true\"><\/div>\n<\/form>\n<\/div>\n[\/et_pb_code][\/et_pb_column][\/et_pb_row][et_pb_row _builder_version=&#8221;4.16&#8243; global_colors_info=&#8221;{}&#8221;][et_pb_column type=&#8221;4_4&#8243; _builder_version=&#8221;4.16&#8243; custom_padding=&#8221;|||&#8221; global_colors_info=&#8221;{}&#8221; custom_padding__hover=&#8221;|||&#8221;][et_pb_text _builder_version=&#8221;4.16&#8243; global_colors_info=&#8221;{}&#8221;]<\/p>\n<h1 style=\"text-align: center;\"><span><strong><\/strong><\/span><\/h1>\n<h1 style=\"text-align: center;\"><span><strong><\/strong><\/span><\/h1>\n<h1 style=\"text-align: center;\"><span><strong>HERZLICHES DANKESCH\u00d6N<\/strong><\/span><\/h1>\n<h4 style=\"text-align: center;\"><span>Unsere\u00a0<strong>Welt braucht<\/strong> Menschen wie <strong>Dich<\/strong> dringender denn je!<\/span>\u00a0<\/h4>\n<p>&nbsp;<\/p>\n<p>[\/et_pb_text][\/et_pb_column][\/et_pb_row][\/et_pb_section]<\/p>\n","protected":false},"excerpt":{"rendered":"<p>&#8220;Was keiner wagt, das sollt ihr wagen.Was keiner sagt, das sagt heraus.\u00a0Was keiner denkt, das wagt zu denken.Was keiner anf\u00e4ngt, das f\u00fchrt aus.&#8221;~Lothar Zanetti~ &nbsp; Wenn Du Deinen Puzzel-Teil erkannt hast, dann lass uns bitte wissen, welchen Teil vom grossen Ganzen Du strahlender und bunter gestalten kannst.\u00a0 Wir DANKEN es Dir und freuen uns bereits,uns [&hellip;]<\/p>\n","protected":false},"author":2,"featured_media":0,"parent":0,"menu_order":0,"comment_status":"closed","ping_status":"closed","template":"","meta":{"_et_pb_use_builder":"on","_et_pb_old_content":"","_et_gb_content_width":"","footnotes":""},"class_list":["post-201","page","type-page","status-publish","hentry"],"translation":{"provider":"WPGlobus","version":"3.0.0","language":"en","enabled_languages":["de","en"],"languages":{"de":{"title":true,"content":true,"excerpt":false},"en":{"title":false,"content":false,"excerpt":false}}},"yoast_head":"<!-- This site is optimized with the Yoast SEO plugin v25.4 - https:\/\/yoast.com\/wordpress\/plugins\/seo\/ -->\n<title>UNBEDINGT! - EVOLUTIONERS<\/title>\n<meta name=\"robots\" content=\"noindex, follow, max-snippet:-1, max-image-preview:large, max-video-preview:-1\" \/>\n<meta property=\"og:locale\" content=\"en_US\" \/>\n<meta property=\"og:type\" content=\"article\" \/>\n<meta property=\"og:title\" content=\"UNBEDINGT! - EVOLUTIONERS\" \/>\n<meta property=\"og:url\" content=\"https:\/\/evolutioners.net\/dabei-sein\/\" \/>\n<meta property=\"og:site_name\" content=\"EVOLUTIONERS\" \/>\n<meta property=\"article:modified_time\" content=\"2023-06-09T15:02:09+00:00\" \/>\n<meta name=\"twitter:card\" content=\"summary_large_image\" \/>\n<meta name=\"twitter:label1\" content=\"Est. reading time\" \/>\n\t<meta name=\"twitter:data1\" content=\"8 minutes\" \/>\n<script type=\"application\/ld+json\" class=\"yoast-schema-graph\">{\"@context\":\"https:\/\/schema.org\",\"@graph\":[{\"@type\":\"WebPage\",\"@id\":\"https:\/\/evolutioners.net\/dabei-sein\/\",\"url\":\"https:\/\/evolutioners.net\/dabei-sein\/\",\"name\":\"UNBEDINGT! - EVOLUTIONERS\",\"isPartOf\":{\"@id\":\"https:\/\/evolutioners.net\/#website\"},\"datePublished\":\"2019-05-06T00:20:47+00:00\",\"dateModified\":\"2023-06-09T15:02:09+00:00\",\"breadcrumb\":{\"@id\":\"https:\/\/evolutioners.net\/dabei-sein\/#breadcrumb\"},\"inLanguage\":\"en-US\",\"potentialAction\":[{\"@type\":\"ReadAction\",\"target\":[\"https:\/\/evolutioners.net\/dabei-sein\/\"]}]},{\"@type\":\"BreadcrumbList\",\"@id\":\"https:\/\/evolutioners.net\/dabei-sein\/#breadcrumb\",\"itemListElement\":[{\"@type\":\"ListItem\",\"position\":1,\"name\":\"Startseite\",\"item\":\"https:\/\/evolutioners.net\/\"},{\"@type\":\"ListItem\",\"position\":2,\"name\":\"UNBEDINGT!\"}]},{\"@type\":\"WebSite\",\"@id\":\"https:\/\/evolutioners.net\/#website\",\"url\":\"https:\/\/evolutioners.net\/\",\"name\":\"EVOLUTIONERS\",\"description\":\"EVOLUTIONERS ist ein Meta-Projekt f\u00fcr ganzheitliche globale Friedensf\u00f6rderung und Bewusstseinsentwicklung. Wir wollen Frieden wahrhaftig machbar machen, indem wir Optimalwohl f\u00f6rdernde Initiativen verbinden, zukunftsf\u00e4hige L\u00f6sungen sichtbar machen, Meta-Austausch f\u00f6rdern, Synergien nutzen &amp; den Ressourcengebrauch optimieren. Kurz: SINNstiften.\",\"potentialAction\":[{\"@type\":\"SearchAction\",\"target\":{\"@type\":\"EntryPoint\",\"urlTemplate\":\"https:\/\/evolutioners.net\/?s={search_term_string}\"},\"query-input\":{\"@type\":\"PropertyValueSpecification\",\"valueRequired\":true,\"valueName\":\"search_term_string\"}}],\"inLanguage\":\"en-US\"}]}<\/script>\n<!-- \/ Yoast SEO plugin. -->","yoast_head_json":{"title":"UNBEDINGT! - EVOLUTIONERS","robots":{"index":"noindex","follow":"follow","max-snippet":"max-snippet:-1","max-image-preview":"max-image-preview:large","max-video-preview":"max-video-preview:-1"},"og_locale":"en_US","og_type":"article","og_title":"UNBEDINGT! - EVOLUTIONERS","og_url":"https:\/\/evolutioners.net\/dabei-sein\/","og_site_name":"EVOLUTIONERS","article_modified_time":"2023-06-09T15:02:09+00:00","twitter_card":"summary_large_image","twitter_misc":{"Est. reading time":"8 minutes"},"schema":{"@context":"https:\/\/schema.org","@graph":[{"@type":"WebPage","@id":"https:\/\/evolutioners.net\/dabei-sein\/","url":"https:\/\/evolutioners.net\/dabei-sein\/","name":"UNBEDINGT! - EVOLUTIONERS","isPartOf":{"@id":"https:\/\/evolutioners.net\/#website"},"datePublished":"2019-05-06T00:20:47+00:00","dateModified":"2023-06-09T15:02:09+00:00","breadcrumb":{"@id":"https:\/\/evolutioners.net\/dabei-sein\/#breadcrumb"},"inLanguage":"en-US","potentialAction":[{"@type":"ReadAction","target":["https:\/\/evolutioners.net\/dabei-sein\/"]}]},{"@type":"BreadcrumbList","@id":"https:\/\/evolutioners.net\/dabei-sein\/#breadcrumb","itemListElement":[{"@type":"ListItem","position":1,"name":"Startseite","item":"https:\/\/evolutioners.net\/"},{"@type":"ListItem","position":2,"name":"UNBEDINGT!"}]},{"@type":"WebSite","@id":"https:\/\/evolutioners.net\/#website","url":"https:\/\/evolutioners.net\/","name":"EVOLUTIONERS","description":"EVOLUTIONERS ist ein Meta-Projekt f\u00fcr ganzheitliche globale Friedensf\u00f6rderung und Bewusstseinsentwicklung. Wir wollen Frieden wahrhaftig machbar machen, indem wir Optimalwohl f\u00f6rdernde Initiativen verbinden, zukunftsf\u00e4hige L\u00f6sungen sichtbar machen, Meta-Austausch f\u00f6rdern, Synergien nutzen &amp; den Ressourcengebrauch optimieren. Kurz: SINNstiften.","potentialAction":[{"@type":"SearchAction","target":{"@type":"EntryPoint","urlTemplate":"https:\/\/evolutioners.net\/?s={search_term_string}"},"query-input":{"@type":"PropertyValueSpecification","valueRequired":true,"valueName":"search_term_string"}}],"inLanguage":"en-US"}]}},"_links":{"self":[{"href":"https:\/\/evolutioners.net\/en\/wp-json\/wp\/v2\/pages\/201","targetHints":{"allow":["GET"]}}],"collection":[{"href":"https:\/\/evolutioners.net\/en\/wp-json\/wp\/v2\/pages"}],"about":[{"href":"https:\/\/evolutioners.net\/en\/wp-json\/wp\/v2\/types\/page"}],"author":[{"embeddable":true,"href":"https:\/\/evolutioners.net\/en\/wp-json\/wp\/v2\/users\/2"}],"replies":[{"embeddable":true,"href":"https:\/\/evolutioners.net\/en\/wp-json\/wp\/v2\/comments?post=201"}],"version-history":[{"count":40,"href":"https:\/\/evolutioners.net\/en\/wp-json\/wp\/v2\/pages\/201\/revisions"}],"predecessor-version":[{"id":1256,"href":"https:\/\/evolutioners.net\/en\/wp-json\/wp\/v2\/pages\/201\/revisions\/1256"}],"wp:attachment":[{"href":"https:\/\/evolutioners.net\/en\/wp-json\/wp\/v2\/media?parent=201"}],"curies":[{"name":"wp","href":"https:\/\/api.w.org\/{rel}","templated":true}]}}