{"id":217,"date":"2019-06-12T00:04:31","date_gmt":"2019-06-12T00:04:31","guid":{"rendered":"https:\/\/evolutioners.net\/?page_id=217"},"modified":"2019-07-04T23:31:15","modified_gmt":"2019-07-04T23:31:15","slug":"leitprinzipien","status":"publish","type":"page","link":"https:\/\/evolutioners.net\/en\/philosophie\/leitprinzipien\/","title":{"rendered":"Basisverst\u00e4ndnis"},"content":{"rendered":"<p>[et_pb_section fb_built=&#8221;1&#8243; _builder_version=&#8221;3.20.1&#8243;][et_pb_row custom_padding=&#8221;0|0px|10px|0px|false|false&#8221; _builder_version=&#8221;3.20.1&#8243;][et_pb_column type=&#8221;4_4&#8243; _builder_version=&#8221;3.20.1&#8243;][et_pb_text _builder_version=&#8221;3.20.1&#8243;]<\/p>\n<h1>Basisverst\u00e4ndnis<\/h1>\n<p>um herauszufinden was genau gemeint ist, klicke auf das + Zeichen.\u00a0<br \/>Wird noch \u00fcberarbeitet&#8230;<\/p>\n<p>[\/et_pb_text][\/et_pb_column][\/et_pb_row][et_pb_row _builder_version=&#8221;3.20.1&#8243;][et_pb_column type=&#8221;4_4&#8243; _builder_version=&#8221;3.20.1&#8243;][et_pb_toggle title=&#8221;Der Mensch ist von Natur aus Gut &#038; will es bleiben!&#8221; icon_color=&#8221;#8300e9&#8243; _builder_version=&#8221;3.20.1&#8243; body_font=&#8221;||||||||&#8221;]<\/p>\n<p class=\"font_8\">Das humanistische Menschenbild lehrt uns;<span>\u00a0<\/span><em>\u201eVerurteile die Tat, aber nie den Menschen!\u201c<\/em><br \/> Denn die W\u00fcrde eines jeden Menschen ist unantastbar, daher d\u00fcrfen wir auch nur \u00fcber die Tat urteilen, nicht aber \u00fcber den Mensch und verurteilen schon gar nicht.<\/p>\n<p class=\"font_8\">Darunter verstehen wir, dass jeder Mensch im Kern gut ist. Im Laufe unseres Lebens werden wir andauernd von unserem Umfeld gepr\u00e4gt. Es sind die Erfahrungen die wir machen, welche uns zu den Entscheidungen f\u00fchren, die wir daraufhin treffen. Daher sind wir bedacht, stets das Motiv hinter einer jeden Entscheidung zu verstehen. Das heisst, wir m\u00fcssen in der Lage sein, uns in unser Gegen\u00fcber hineinzuversetzen, um nachzuvollziehen, weshalb er\/sie sich zu dieser Tat entschieden hat.<\/p>\n<p>[\/et_pb_toggle][et_pb_toggle title=&#8221;Alles ist m\u00f6glich!&#8221; icon_color=&#8221;#8300e9&#8243; _builder_version=&#8221;3.20.1&#8243;]<\/p>\n<p><img loading=\"lazy\" decoding=\"async\" src=\"https:\/\/evolutioners.net\/wp-content\/uploads\/2019\/06\/alles-ist-m\u00f6glich-300x300.jpg\" width=\"300\" height=\"300\" alt=\"\" class=\"wp-image-381 alignnone size-medium\" srcset=\"https:\/\/evolutioners.net\/wp-content\/uploads\/2019\/06\/alles-ist-m\u00f6glich-300x300.jpg 300w, https:\/\/evolutioners.net\/wp-content\/uploads\/2019\/06\/alles-ist-m\u00f6glich-150x150.jpg 150w, https:\/\/evolutioners.net\/wp-content\/uploads\/2019\/06\/alles-ist-m\u00f6glich.jpg 480w\" sizes=\"(max-width: 300px) 100vw, 300px\" \/><\/p>\n<p><span>Wenn wir uns erst wieder erinnern w\u00fcrden, was Kraft unserer Gedanken\/Fokus alles m\u00f6glich ist, w\u00fcrde uns sowas l\u00e4ngst nicht mehr ins Staunen versetzen.\u00a0<\/span><br \/><span>Hier ein kleines Beispiel wozu wir Menschen urspr\u00fcnglich in der Lage w\u00e4ren, wenn wir nicht bis zur Unkenntlichkeit domestiziert w\u00e4ren&#8230;<\/span><br \/><a href=\"https:\/\/www.energytherapy.biz\/2016\/06\/07\/japanese-master-demonstrates-the-power-of-chi-by-controlling-animals\/\" rel=\"nofollow noopener noreferrer\" target=\"_blank\" data-lynx-mode=\"asynclazy\" data-lynx-uri=\"https:\/\/l.facebook.com\/l.php?u=https%3A%2F%2Fwww.energytherapy.biz%2F2016%2F06%2F07%2Fjapanese-master-demonstrates-the-power-of-chi-by-controlling-animals%2F&amp;h=AT0g0eJ4IbFPPIq_70tf5WhLG_ufp3J-XXg3KCBFGzAKRIPj8GKOWac1TUfCHa2Pf-es_0frkyPX-Ebh91Hh22t_MtTVKJAu0F9PGYRxcgefqIZYWpEqwM4r1k1ty3xuMTm_-w\"><span>https:\/\/<\/span><wbr \/><span class=\"word_break\"><\/span><span>www.energytherapy.biz\/2016\/<\/span><wbr \/><span class=\"word_break\"><\/span><span>06\/07\/<\/span><wbr \/><span class=\"word_break\"><\/span><span>japanese-master-demonstrate<\/span><wbr \/><span class=\"word_break\"><\/span><span>s-the-power-of-chi-by-cont<\/span><wbr \/><span class=\"word_break\"><\/span>rolling-animals\/<\/a><\/p>\n<p>[\/et_pb_toggle][et_pb_toggle title=&#8221;Die Ausnahme best\u00e4tigt die Regel&#8221; icon_color=&#8221;#8300e9&#8243; _builder_version=&#8221;3.20.1&#8243;]<\/p>\n<p>Weil alles m\u00f6glich ist, gibt es nun mal auch weniger lobenswerte Ausnahmen. Doch auch wenn diese oft am lautesten schreien und ihr Gebr\u00fcll uns das Gef\u00fchl der Mehrheit vermitteln m\u00f6chte &#8211; sie bleiben die Ausnahme. Denn wie wir wissen, heisst es noch lange nicht, dass die 10 von 100, die nur schreien k\u00f6nnen, anstelle eines konstruktiven Austausches zu pflegen, zwangsl\u00e4ufig Recht haben m\u00fcssen. Wie sch\u00f6n, dass die Klima-Bewegung endlich mal zeigt, wie laut und bunt und vor allem friedlich und sauber die Mehrheit sein kann. An dieser Stelle ein herzliches Dankesch\u00f6n an alle hierf\u00fcr Pr\u00e4senz zeigen! DANKESCH\u00d6N!<img loading=\"lazy\" decoding=\"async\" src=\"https:\/\/evolutioners.net\/wp-content\/uploads\/2019\/05\/Das-Neue-ist-schon-da-300x111.jpg\" width=\"332\" height=\"123\" alt=\"\" class=\"wp-image-125 alignnone size-medium\" style=\"display: block; margin-left: auto; margin-right: auto;\" srcset=\"https:\/\/evolutioners.net\/wp-content\/uploads\/2019\/05\/Das-Neue-ist-schon-da-300x111.jpg 300w, https:\/\/evolutioners.net\/wp-content\/uploads\/2019\/05\/Das-Neue-ist-schon-da-768x284.jpg 768w, https:\/\/evolutioners.net\/wp-content\/uploads\/2019\/05\/Das-Neue-ist-schon-da.jpg 851w\" sizes=\"(max-width: 332px) 100vw, 332px\" \/><\/p>\n<p>Hast Du es nicht auch allm\u00e4hlich satt,\u00a0 miterleben zu m\u00fcssen, wie es ein paar Evolutions-Bremsen (bzw. ignorante Andersdenkende), die vor lauter Verzweiflung gerne ihre irrationale Angst-K\u00e4ule schwingen, es doch immer wieder schaffen, so viele Menschen zu verunsichern?<br \/>Hast Du auch M\u00fche zu verstehen, wie es sein kann, dass sie glauben ein System retten zu k\u00f6nnen, welches nie \u00fcberlebensf\u00e4hig war?<br \/>Es heisst doch so sch\u00f6n, <em>never change a running System<\/em> &#8211; \u00e4ndere nie ein laufendes System. Doch jedes Kind hat schon l\u00e4ngst verstanden, dass wir gerade im Begriff sind, uns selbst von der Spielfl\u00e4che zu eliminieren.<br \/>Wir haben die Spielregeln nicht eingehalten und das hat Konsequenzen. Daher w\u00fcrde ich nun vorschlagen, dass ab sofort nur noch diejenigen die Spielf\u00fchrung \u00fcbernehmen d\u00fcrfen, welche kompetent genug sind, die Regeln zu verstehen. Klingt sinnvoll, oder was denkst Du?<br \/>Wir sollten erwachsen werden und lernen freudig Verantwortung zu \u00fcbernehmen. Die Zeiten wo die ganze Schule Strafarbeiten schreiben muss, nur weil sich ein paar ignorante A&#8230; nicht zu benehmen wissen, sind doch echt von gestern, nicht wahr?<br \/>Oder wie <a href=\"https:\/\/www.marianne2020.com\/\">Marianne Williamson<\/a>, welche die Hoffnung f\u00fcr die USA und wie ich finde, die Hoffnung von uns allen ist, es auszudr\u00fccken versteht;<\/p>\n<blockquote>\n<p><a href=\"https:\/\/www.youtube.com\/watch?v=kGAteEv7gwQ&amp;list=PLh_ynvC3trm5ijGvnCgFsJcpDoNdxQNy4\"><em>&#8220;Too many men acting like boys, too many women acting like girls. This are serious times.<br \/>We need to be serious people &#8211; we have deep problems and we need to be deep thinkers.&#8221;<\/em><\/a><\/p>\n<\/blockquote>\n<p>Frei auf Deutsch \u00fcbersetzt:\u00a0<em>Wir leben in Zeiten wo sich Frauen wie M\u00e4dchen verhalten und M\u00e4nner wie Jungs. Es sind ernsthafte Zeiten und diese fordern ernsthafte Menschen.\u00a0<\/em>Sie denkt wir haben<em> eine Kriese des Erwachsenseins in unserer Gesellschaft\u00a0 <\/em>und da kann ich ihr leider nur zustimmen. Es wird Zeit, dass wir wieder freudig lernen Verantwortung zu \u00fcbernehmen und es uns nicht nur auf Kosten Dritter gut gehen lassen. Das ist moderne Sklaverei und somit total w\u00fcrdelos!<\/p>\n<p>[\/et_pb_toggle][et_pb_toggle title=&#8221;Energie folgt der Aufmerksamkeit&#8221; icon_color=&#8221;#8300e9&#8243; _builder_version=&#8221;3.20.1&#8243;]<\/p>\n<p>Daher ist es sinnlos uns auf die Ausnahmen (nicht lobenswerten Beispiele) zu \u00a0fokussieren. Schenken wir diese Energie lieber all dem was wir bl\u00fchen sehen wollen. Je mehr wir unsere Aufmerksamkeit auf das richten, was wir wachsen sehen wollen, desto st\u00e4rkere Wurzeln kann dies bilden, um auch einem rauen Wind standhalten zu k\u00f6nnen. Der 2016 als bester Dokumentarfilm Frankreichs pr\u00e4mierte Film &#8220;Tomorrow &#8211; die Welt ist voller L\u00f6sungen&#8221; zeigt viele Beispiele, die sich sehr \u00fcber unsere Aufmerksamkeit freuen w\u00fcrden. Das EVOLUTIONERS NETWORK will dazu beitragen, all den tollen Alternativen mehr Energie zu geben, um sie noch kr\u00e4ftiger Strahlen zu sehen.<\/p>\n<p>[\/et_pb_toggle][et_pb_toggle title=&#8221;Fokus auf L\u00f6sungen findet L\u00f6sungen&#8221; icon_color=&#8221;#8300e9&#8243; _builder_version=&#8221;3.20.1&#8243;]<\/p>\n<p>Wenn wir heute bereits wissen, dass wir jetzt etwas \u00e4ndern m\u00fcssen, um ein lebenswertes Morgen f\u00fcr alle garantieren zu k\u00f6nnen \u2013 weshalb noch warten?\u00a0<\/p>\n<blockquote>\n<p><em style=\"font-size: 15px;\">\u201eProbleme k\u00f6nnen niemals mit derselben Denkweise gel\u00f6st werden, durch die sie entstanden sind.\u201c<\/em><span style=\"font-size: 15px;\">\u00a0 Einstein<\/span><\/p>\n<\/blockquote>\n<p>Also, weshalb noch an etwas festklammern, was sich bis anhin nicht bew\u00e4hrt hat?<br \/>Es ist Zeit neue Gedanken zu denken und neue Schritte zu wagen! Lasst uns endlich Geschichte schreiben, auf die wir stolz sein k\u00f6nnen! BITTE!<br \/>Bist Du dabei?<\/p>\n<p>[\/et_pb_toggle][et_pb_toggle title=&#8221;Wir sind die %22kritische Masse%22 und wir sind bereits genug!&#8221; icon_color=&#8221;#8300e9&#8243; _builder_version=&#8221;3.20.1&#8243;]<\/p>\n<p>Ich bin l\u00e4nger wie mehr der \u00dcberzeugung, dass wir bereits die sogenannt \u201ekritische Masse\u201c erreicht haben. Daher ist es ein Ziel von Evolutioners dieser Masse an w\u00fcrdevollen Menschen mit Herz und Verstand geb\u00fchrend Geh\u00f6r zu verschaffen.<\/p>\n<h5 style=\"text-align: center;\"><span><strong>Wir \u2013 die kritische Masse \u2013 welche die ganze Erde zum strahlen bringt!<\/strong><\/span><\/h5>\n<p>Ich sehe das Evolutioners Network als die m\u00f6gliche Plattform, wo sich<span>\u00a0<\/span><strong>Evolutioners aka die kritische Masse<\/strong><span>\u00a0<\/span>pr\u00e4sentieren und synergetisch agieren k\u00f6nnen.\u00a0<span>Evolutioners ist die Puzzel-Box, welche das Bild der Zukunft zeigt. Eine erstrebenswerte Zukunft in der ein w\u00fcrdevolles Leben f\u00fcr alle und alles m\u00f6glich wird.\u00a0<\/span>Ich habe das Gef\u00fchl, dass viele der daf\u00fcr erforderlichen Puzzel Teile bereits existieren. Es ist nun Zeit, sie synergetisch miteinander zu verbinden. Denn wie dies Aristoteles schon erkannte, ist das Ganze stets mehr als die Summe seiner Teile.<span>\u00a0<\/span><\/p>\n<p>[\/et_pb_toggle][et_pb_toggle title=&#8221;Umgang mit Herausforderungen&#8221; icon_color=&#8221;#8300e9&#8243; _builder_version=&#8221;3.20.1&#8243;]<\/p>\n<p>Gr\u00fcsse sie freundlich, das verwirrt sie am meisten. Nee Quatsch\u2026 wobei\u2026 anyway. Herausforderungen aka Probleme sind Teil des Weges. Sie helfen Dir dabei Dich weiterzuentwickeln. Also sei dankbar, bist Du jetzt an einem Punkt angelangt, wo Du herausgefordert bist zu wachsen.<br \/> Du kannst Dich jedoch auch gegen Deine Weiterentwicklung entscheiden, denn Du bist in jedem Moment frei. Frei eine neue, alles ver\u00e4ndernde Entscheidung zu treffen. Genial nicht wahr?<\/p>\n<p>[\/et_pb_toggle][\/et_pb_column][\/et_pb_row][\/et_pb_section]<\/p>\n","protected":false},"excerpt":{"rendered":"<p>Basisverst\u00e4ndnis um herauszufinden was genau gemeint ist, klicke auf das + Zeichen.\u00a0Wird noch \u00fcberarbeitet&#8230;Das humanistische Menschenbild lehrt uns;\u00a0\u201eVerurteile die Tat, aber nie den Menschen!\u201c Denn die W\u00fcrde eines jeden Menschen ist unantastbar, daher d\u00fcrfen wir auch nur \u00fcber die Tat urteilen, nicht aber \u00fcber den Mensch und verurteilen schon gar nicht. Darunter verstehen wir, dass [&hellip;]<\/p>\n","protected":false},"author":2,"featured_media":0,"parent":137,"menu_order":0,"comment_status":"closed","ping_status":"closed","template":"","meta":{"_et_pb_use_builder":"on","_et_pb_old_content":"","_et_gb_content_width":"","footnotes":""},"class_list":["post-217","page","type-page","status-publish","hentry"],"translation":{"provider":"WPGlobus","version":"3.0.0","language":"en","enabled_languages":["de","en"],"languages":{"de":{"title":true,"content":true,"excerpt":false},"en":{"title":false,"content":false,"excerpt":false}}},"yoast_head":"<!-- This site is optimized with the Yoast SEO plugin v25.4 - https:\/\/yoast.com\/wordpress\/plugins\/seo\/ -->\n<title>Basisverst\u00e4ndnis - EVOLUTIONERS<\/title>\n<meta name=\"robots\" content=\"noindex, follow, max-snippet:-1, max-image-preview:large, max-video-preview:-1\" \/>\n<meta property=\"og:locale\" content=\"en_US\" \/>\n<meta property=\"og:type\" content=\"article\" \/>\n<meta property=\"og:title\" content=\"Basisverst\u00e4ndnis - EVOLUTIONERS\" \/>\n<meta property=\"og:url\" content=\"https:\/\/evolutioners.net\/philosophie\/leitprinzipien\/\" \/>\n<meta property=\"og:site_name\" content=\"EVOLUTIONERS\" \/>\n<meta property=\"article:modified_time\" content=\"2019-07-04T23:31:15+00:00\" \/>\n<meta property=\"og:image\" content=\"https:\/\/evolutioners.net\/wp-content\/uploads\/2019\/05\/Das-Neue-ist-schon-da-300x111.jpg\" \/>\n<meta name=\"twitter:card\" content=\"summary_large_image\" \/>\n<meta name=\"twitter:label1\" content=\"Est. reading time\" \/>\n\t<meta name=\"twitter:data1\" content=\"6 minutes\" \/>\n<script type=\"application\/ld+json\" class=\"yoast-schema-graph\">{\"@context\":\"https:\/\/schema.org\",\"@graph\":[{\"@type\":\"WebPage\",\"@id\":\"https:\/\/evolutioners.net\/philosophie\/leitprinzipien\/\",\"url\":\"https:\/\/evolutioners.net\/philosophie\/leitprinzipien\/\",\"name\":\"Basisverst\u00e4ndnis - EVOLUTIONERS\",\"isPartOf\":{\"@id\":\"https:\/\/evolutioners.net\/#website\"},\"primaryImageOfPage\":{\"@id\":\"https:\/\/evolutioners.net\/philosophie\/leitprinzipien\/#primaryimage\"},\"image\":{\"@id\":\"https:\/\/evolutioners.net\/philosophie\/leitprinzipien\/#primaryimage\"},\"thumbnailUrl\":\"https:\/\/evolutioners.net\/wp-content\/uploads\/2019\/05\/Das-Neue-ist-schon-da-300x111.jpg\",\"datePublished\":\"2019-06-12T00:04:31+00:00\",\"dateModified\":\"2019-07-04T23:31:15+00:00\",\"breadcrumb\":{\"@id\":\"https:\/\/evolutioners.net\/philosophie\/leitprinzipien\/#breadcrumb\"},\"inLanguage\":\"en-US\",\"potentialAction\":[{\"@type\":\"ReadAction\",\"target\":[\"https:\/\/evolutioners.net\/philosophie\/leitprinzipien\/\"]}]},{\"@type\":\"ImageObject\",\"inLanguage\":\"en-US\",\"@id\":\"https:\/\/evolutioners.net\/philosophie\/leitprinzipien\/#primaryimage\",\"url\":\"https:\/\/evolutioners.net\/wp-content\/uploads\/2019\/05\/Das-Neue-ist-schon-da-300x111.jpg\",\"contentUrl\":\"https:\/\/evolutioners.net\/wp-content\/uploads\/2019\/05\/Das-Neue-ist-schon-da-300x111.jpg\"},{\"@type\":\"BreadcrumbList\",\"@id\":\"https:\/\/evolutioners.net\/philosophie\/leitprinzipien\/#breadcrumb\",\"itemListElement\":[{\"@type\":\"ListItem\",\"position\":1,\"name\":\"Startseite\",\"item\":\"https:\/\/evolutioners.net\/\"},{\"@type\":\"ListItem\",\"position\":2,\"name\":\"Philosophie\",\"item\":\"https:\/\/evolutioners.net\/philosophie\/\"},{\"@type\":\"ListItem\",\"position\":3,\"name\":\"Basisverst\u00e4ndnis\"}]},{\"@type\":\"WebSite\",\"@id\":\"https:\/\/evolutioners.net\/#website\",\"url\":\"https:\/\/evolutioners.net\/\",\"name\":\"EVOLUTIONERS\",\"description\":\"EVOLUTIONERS ist ein Meta-Projekt f\u00fcr ganzheitliche globale Friedensf\u00f6rderung und Bewusstseinsentwicklung. Wir wollen Frieden wahrhaftig machbar machen, indem wir Optimalwohl f\u00f6rdernde Initiativen verbinden, zukunftsf\u00e4hige L\u00f6sungen sichtbar machen, Meta-Austausch f\u00f6rdern, Synergien nutzen &amp; den Ressourcengebrauch optimieren. Kurz: SINNstiften.\",\"potentialAction\":[{\"@type\":\"SearchAction\",\"target\":{\"@type\":\"EntryPoint\",\"urlTemplate\":\"https:\/\/evolutioners.net\/?s={search_term_string}\"},\"query-input\":{\"@type\":\"PropertyValueSpecification\",\"valueRequired\":true,\"valueName\":\"search_term_string\"}}],\"inLanguage\":\"en-US\"}]}<\/script>\n<!-- \/ Yoast SEO plugin. -->","yoast_head_json":{"title":"Basisverst\u00e4ndnis - EVOLUTIONERS","robots":{"index":"noindex","follow":"follow","max-snippet":"max-snippet:-1","max-image-preview":"max-image-preview:large","max-video-preview":"max-video-preview:-1"},"og_locale":"en_US","og_type":"article","og_title":"Basisverst\u00e4ndnis - EVOLUTIONERS","og_url":"https:\/\/evolutioners.net\/philosophie\/leitprinzipien\/","og_site_name":"EVOLUTIONERS","article_modified_time":"2019-07-04T23:31:15+00:00","og_image":[{"url":"https:\/\/evolutioners.net\/wp-content\/uploads\/2019\/05\/Das-Neue-ist-schon-da-300x111.jpg","type":"","width":"","height":""}],"twitter_card":"summary_large_image","twitter_misc":{"Est. reading time":"6 minutes"},"schema":{"@context":"https:\/\/schema.org","@graph":[{"@type":"WebPage","@id":"https:\/\/evolutioners.net\/philosophie\/leitprinzipien\/","url":"https:\/\/evolutioners.net\/philosophie\/leitprinzipien\/","name":"Basisverst\u00e4ndnis - EVOLUTIONERS","isPartOf":{"@id":"https:\/\/evolutioners.net\/#website"},"primaryImageOfPage":{"@id":"https:\/\/evolutioners.net\/philosophie\/leitprinzipien\/#primaryimage"},"image":{"@id":"https:\/\/evolutioners.net\/philosophie\/leitprinzipien\/#primaryimage"},"thumbnailUrl":"https:\/\/evolutioners.net\/wp-content\/uploads\/2019\/05\/Das-Neue-ist-schon-da-300x111.jpg","datePublished":"2019-06-12T00:04:31+00:00","dateModified":"2019-07-04T23:31:15+00:00","breadcrumb":{"@id":"https:\/\/evolutioners.net\/philosophie\/leitprinzipien\/#breadcrumb"},"inLanguage":"en-US","potentialAction":[{"@type":"ReadAction","target":["https:\/\/evolutioners.net\/philosophie\/leitprinzipien\/"]}]},{"@type":"ImageObject","inLanguage":"en-US","@id":"https:\/\/evolutioners.net\/philosophie\/leitprinzipien\/#primaryimage","url":"https:\/\/evolutioners.net\/wp-content\/uploads\/2019\/05\/Das-Neue-ist-schon-da-300x111.jpg","contentUrl":"https:\/\/evolutioners.net\/wp-content\/uploads\/2019\/05\/Das-Neue-ist-schon-da-300x111.jpg"},{"@type":"BreadcrumbList","@id":"https:\/\/evolutioners.net\/philosophie\/leitprinzipien\/#breadcrumb","itemListElement":[{"@type":"ListItem","position":1,"name":"Startseite","item":"https:\/\/evolutioners.net\/"},{"@type":"ListItem","position":2,"name":"Philosophie","item":"https:\/\/evolutioners.net\/philosophie\/"},{"@type":"ListItem","position":3,"name":"Basisverst\u00e4ndnis"}]},{"@type":"WebSite","@id":"https:\/\/evolutioners.net\/#website","url":"https:\/\/evolutioners.net\/","name":"EVOLUTIONERS","description":"EVOLUTIONERS ist ein Meta-Projekt f\u00fcr ganzheitliche globale Friedensf\u00f6rderung und Bewusstseinsentwicklung. Wir wollen Frieden wahrhaftig machbar machen, indem wir Optimalwohl f\u00f6rdernde Initiativen verbinden, zukunftsf\u00e4hige L\u00f6sungen sichtbar machen, Meta-Austausch f\u00f6rdern, Synergien nutzen &amp; den Ressourcengebrauch optimieren. Kurz: SINNstiften.","potentialAction":[{"@type":"SearchAction","target":{"@type":"EntryPoint","urlTemplate":"https:\/\/evolutioners.net\/?s={search_term_string}"},"query-input":{"@type":"PropertyValueSpecification","valueRequired":true,"valueName":"search_term_string"}}],"inLanguage":"en-US"}]}},"_links":{"self":[{"href":"https:\/\/evolutioners.net\/en\/wp-json\/wp\/v2\/pages\/217","targetHints":{"allow":["GET"]}}],"collection":[{"href":"https:\/\/evolutioners.net\/en\/wp-json\/wp\/v2\/pages"}],"about":[{"href":"https:\/\/evolutioners.net\/en\/wp-json\/wp\/v2\/types\/page"}],"author":[{"embeddable":true,"href":"https:\/\/evolutioners.net\/en\/wp-json\/wp\/v2\/users\/2"}],"replies":[{"embeddable":true,"href":"https:\/\/evolutioners.net\/en\/wp-json\/wp\/v2\/comments?post=217"}],"version-history":[{"count":14,"href":"https:\/\/evolutioners.net\/en\/wp-json\/wp\/v2\/pages\/217\/revisions"}],"predecessor-version":[{"id":634,"href":"https:\/\/evolutioners.net\/en\/wp-json\/wp\/v2\/pages\/217\/revisions\/634"}],"up":[{"embeddable":true,"href":"https:\/\/evolutioners.net\/en\/wp-json\/wp\/v2\/pages\/137"}],"wp:attachment":[{"href":"https:\/\/evolutioners.net\/en\/wp-json\/wp\/v2\/media?parent=217"}],"curies":[{"name":"wp","href":"https:\/\/api.w.org\/{rel}","templated":true}]}}