{"id":31,"date":"2019-03-28T20:06:44","date_gmt":"2019-03-28T20:06:44","guid":{"rendered":"https:\/\/evolutioners.net\/?page_id=31"},"modified":"2020-11-29T04:11:50","modified_gmt":"2020-11-29T04:11:50","slug":"vision","status":"publish","type":"page","link":"https:\/\/evolutioners.net\/en\/vision\/","title":{"rendered":"Vision"},"content":{"rendered":"<p>[et_pb_section fb_built=&#8221;1&#8243; _builder_version=&#8221;3.20.1&#8243; custom_padding=&#8221;2px|0px|54px|0px|false|false&#8221;][et_pb_row custom_padding=&#8221;0|0px|0|0px|false|false&#8221; _builder_version=&#8221;3.20.1&#8243;][et_pb_column type=&#8221;4_4&#8243; _builder_version=&#8221;3.20.1&#8243;][et_pb_text _builder_version=&#8221;3.20.1&#8243;]<\/p>\n<h1 style=\"text-align: center;\"><strong><span color=\"#5a0066\" style=\"color: #5a0066;\">VISION<\/span><\/strong><\/h1>\n<h2 style=\"text-align: center;\"><strong><span color=\"#5a0066\" style=\"color: #5a0066;\">OUR EVOLUTION &lt;&gt; YOUR DECISION<\/span><\/strong><\/h2>\n<p>[\/et_pb_text][\/et_pb_column][\/et_pb_row][et_pb_row custom_padding=&#8221;27px|0px|0|0px|false|false&#8221; _builder_version=&#8221;3.20.1&#8243;][et_pb_column type=&#8221;4_4&#8243; _builder_version=&#8221;3.20.1&#8243;][et_pb_text _builder_version=&#8221;3.20.1&#8243;]<\/p>\n<p>Die Vision ist ein <strong>Meta- Netzwerk<\/strong> von <strong><em>EVOLUTIONERS<\/em><\/strong> aufzubauen.<br \/>Hiermit wollen wir alle Wandelf\u00f6rder*innen verbinden. <br \/>Unter Wandelf\u00f6rder*innen verstehen wir alle relevanten Initiativen (Organisationen [NGO&amp;NPO], Vereine, Stiftungen, Institute, Projekte,&#8230;), die sich F\u00dcR den <strong>optimalen Wandel <\/strong><strong>\u2014<\/strong> <strong>f\u00fcr eine Transformation der Menschheit in harmonischer Symbiose mit allen &amp; allem \u2014<\/strong> einsetzen.<\/p>\n<p>Wir wollen euch eine <strong>gemeinsame Basis<\/strong> \u2013 ein <strong>Dachverband<\/strong>\u2013 bieten, um mit unter die bestehenden und die daraus entstehenden Synergien f\u00fcr die gemeinsamen Interessen des grossen Ganzen optimal zu nutzen und somit unn\u00f6tigen Ressourcenverbrauch zu vermeiden. Um dies zu erreichen, wollen wir ein <strong>Netzwerk<\/strong> gr\u00fcnden, die mittels einer globalen Plattform eine <strong>Schnittstelle<\/strong> bietet f\u00fcr s\u00e4mtliche Themen rund um eine<strong> bewusst nachhaltige Lebensgestaltung.<\/strong><\/p>\n<p><strong><\/strong><\/p>\n<p><strong> <\/strong><\/p>\n<h3 style=\"text-align: center;\"><strong><em>EVOLUTIONERS<\/em> nutzen Synergien bewusst global,\u00a0<\/strong><strong>um die menschliche Evolution nachhaltig effektiv und effizient zu f\u00f6rdern &#8211; optimal eben!<\/strong><\/h3>\n<p><strong><\/strong><\/p>\n<p style=\"text-align: center;\">\n<p style=\"text-align: center;\"><em><strong><\/strong><\/em><\/p>\n<p>[\/et_pb_text][\/et_pb_column][\/et_pb_row][et_pb_row custom_padding=&#8221;27px|0px|19px|0px|false|false&#8221; _builder_version=&#8221;3.20.1&#8243;][et_pb_column type=&#8221;1_2&#8243; _builder_version=&#8221;3.20.1&#8243;][et_pb_text _builder_version=&#8221;3.20.1&#8243;]<\/p>\n<p style=\"text-align: center;\"><em>EVOLUTIONERS vernetzt Optimalwohl f\u00f6rdernde Initiativen, erweitert ihre Reichweite, nutzt Synergien durch Meta-Austausch und<br \/>optimiert ihren individuellen Ressourcengebrauch durch<br \/>Anerkennung, Unterst\u00fctzung und Entlastung<br \/>nachhaltig!<\/em><\/p>\n<p style=\"text-align: center;\">\n<p style=\"text-align: center;\">Ein <strong>Tool<\/strong> dieses Netzwerks wird <strong>your-decision.world<\/strong> (YDW).<br \/>Wir bieten Dir ein <strong>vertrauensw\u00fcrdiges und \u00fcbersichtliches Vermittlungs-Portal<\/strong> von multidimensional nachhaltigen Alternativen;<br \/><strong>Technologie \u2013 Produkte \u2013 Dienstleistungen<\/strong><br \/>mit QUALIT\u00c4TSGARANTIE!<\/p>\n<h3 style=\"text-align: center;\"><strong>\u00a0<\/strong><\/h3>\n<p style=\"text-align: center;\"><strong><\/strong><\/p>\n<p>[\/et_pb_text][\/et_pb_column][et_pb_column type=&#8221;1_2&#8243; _builder_version=&#8221;3.20.1&#8243;][et_pb_image src=&#8221;https:\/\/evolutioners.net\/wp-content\/uploads\/2019\/05\/Vision-E-und-YDW-Tabelle.jpg&#8221; show_in_lightbox=&#8221;on&#8221; align=&#8221;center&#8221; force_fullwidth=&#8221;on&#8221; _builder_version=&#8221;3.20.1&#8243; custom_margin=&#8221;-10px||-10px|0px&#8221; custom_padding=&#8221;0px|||0px&#8221;][\/et_pb_image][\/et_pb_column][\/et_pb_row][et_pb_row custom_padding=&#8221;0|0px|0|0px|false|false&#8221; _builder_version=&#8221;3.20.1&#8243;][et_pb_column type=&#8221;4_4&#8243; _builder_version=&#8221;3.20.1&#8243;][et_pb_text _builder_version=&#8221;3.20.1&#8243;]<\/p>\n<h3 style=\"text-align: center;\"><em>OPTIMALPORTAL<\/em><\/h3>\n<h3 style=\"text-align: center;\"><strong>Das Portal mit Herz und Hirn!<br \/>Wir vermitteln Dir NUR die<\/strong><strong>\u00a0Alternativen, welche von unseren unabh\u00e4ngigen Expertinnen und Experten nach bestem Wissen und Gewissen als besser begutachtet wurden.<\/strong><\/h3>\n<h1 style=\"text-align: center;\"><strong><br \/>BESSER = nachhaltig dem\u00a0Optimalwohl dienend<\/strong><\/h1>\n<p><strong><\/strong><\/p>\n<p><strong><\/strong><\/p>\n<h3 style=\"text-align: center;\"><strong><span style=\"text-decoration: underline;\">www.optimalportal.global<\/span><br \/>Das Optimal-Portal f\u00fcr Deine Welt<\/strong><\/h3>\n<h3 style=\"text-align: center;\"><strong><\/strong><em>Wir bieten NUR bessere Alternativen,<br \/><\/em><strong><\/strong><span><em>doch es bleibt Deine Entscheidung \u2013 F\u00fcr Dich UND die Welt!<\/em><\/span><\/h3>\n<p><span><\/span><\/p>\n<p><span><\/span><\/p>\n<h4 style=\"text-align: center;\"><\/h4>\n<h4 style=\"text-align: center;\"><\/h4>\n<h4 style=\"text-align: center;\"><\/h4>\n<h3 style=\"text-align: center;\">WIRKUNGSBEREICH<\/h3>\n<h4 style=\"text-align: center;\"><\/h4>\n<h4 style=\"text-align: center;\">Konkret wirkt dieses Vermittlungs-Portal als Dienstleistung auf <strong>zwei Nutzungs-Ebenen.<\/strong><\/h4>\n<p>[\/et_pb_text][\/et_pb_column][\/et_pb_row][et_pb_row custom_padding=&#8221;26.6875px|0px|0|0|false|false&#8221; _builder_version=&#8221;3.20.1&#8243;][et_pb_column type=&#8221;1_2&#8243; _builder_version=&#8221;3.20.1&#8243;][et_pb_text _builder_version=&#8221;3.20.1&#8243;]<\/p>\n<p style=\"text-align: left;\">Einerseits bietet die zentrale Vermittlung allen einen <strong>einfachen Zugang zu besseren Alternativen in s\u00e4mtlichen Lebensbereichen<\/strong> und somit eine lang ersehnte <strong>Entscheidungshilfe<\/strong>. Dies bewahrt vor der \u00fcberfordernden Informationsflut und der daraus resultierenden Resignation. Dadurch k\u00f6nnen wir alle k\u00fcnftig ganz <strong>leicht <\/strong><strong>integere<\/strong><strong> Entscheidungen treffen<\/strong>,\u00a0die <strong>allen dienen und niemandem schaden<\/strong>, denn Schaden ist total von Gestern!<br \/>Zudem sind integere Entscheidungen das beste Heilmittel gegen<a href=\"https:\/\/evolutioners.net\/ausgangslage-soziale-herausforderungen\/\">\u00a0destruktive Bew\u00e4ltigung kognitiver Dissonanz<\/a>.<\/p>\n<p style=\"text-align: center;\">\n<p>[\/et_pb_text][\/et_pb_column][et_pb_column type=&#8221;1_2&#8243; _builder_version=&#8221;3.20.1&#8243;][et_pb_text _builder_version=&#8221;3.20.1&#8243;]<\/p>\n<p>Auf der anderen Ebene<strong> anerkennt, unterst\u00fctzt und entlastet <em>YDW<\/em> alle Anbieter*innen <\/strong>von Optimalwohl f\u00f6rdernden Alternativen.<br \/>Wir <strong>unterst\u00fctzen und begleiten<\/strong> euch bei der <strong>Erstellung einer <a href=\"https:\/\/www.ecogood.org\/de\/gemeinwohl-bilanz\/\"><em>Gemeinwohl-Bilanz<\/em><\/a><\/strong> und sorgen durch die Pr\u00e4sentation auf dem Optimal-Portal f\u00fcr <strong>geb\u00fchrenden Marktvorteil<\/strong>.<br \/>Denn Anbieter*innen auf <strong><em>YDW\u00a0<\/em><\/strong>brauchen kein weiteres Marketing, da durch die Mitwirkung auf diesem Portal bereits die Qualit\u00e4tsgarantie gew\u00e4hrleistet ist.<br \/>Und wo wollen in Zukunft bewusste Menschen einkaufen?<br \/>Nat\u00fcrlich dort, wo ausschliesslich nur die <strong>garantiert ehrenwertesten Anbieter*innen nach bestem Wissen und Gewissen <\/strong>pr\u00e4sentiert werden. Weil &#8211; macht Sinn!<\/p>\n<p>&nbsp;<\/p>\n<p>[\/et_pb_text][\/et_pb_column][\/et_pb_row][et_pb_row custom_padding=&#8221;15px|0px|0|0px|false|false&#8221; _builder_version=&#8221;3.20.1&#8243;][et_pb_column type=&#8221;4_4&#8243; _builder_version=&#8221;3.20.1&#8243;][et_pb_text _builder_version=&#8221;3.20.1&#8243;]<\/p>\n<h3 style=\"text-align: center;\"><span style=\"color: #5a0066;\"><strong><em>Ziel ist, uns Menschen wieder mehr in\u00a0<\/em><\/strong><strong><em>unserer Integrit\u00e4t zu st\u00e4rken,<br \/>um weise Entscheidungen zu treffen.\u00a0<br \/><\/em><\/strong><\/span><strong><em>Denn integere Entscheidungen beg\u00fcnstigen das Optimalwohl nachhaltig.<\/em><\/strong><\/h3>\n<p>[\/et_pb_text][\/et_pb_column][\/et_pb_row][et_pb_row custom_padding=&#8221;62px|0px|0|0px|false|false&#8221; _builder_version=&#8221;3.20.1&#8243;][et_pb_column type=&#8221;1_2&#8243; _builder_version=&#8221;3.20.1&#8243;][et_pb_text _builder_version=&#8221;3.20.1&#8243; text_font=&#8221;||||||||&#8221;]<\/p>\n<p>Durch unabh\u00e4ngige Analysen anhand der Optimalwohl Kriterien (basierend auf der Gemeinwohl-Matrix 5.0 der Gemeinwohl-\u00d6konomie) wollen wir die Qualit\u00e4tsgarantie gew\u00e4hrleisten. Daf\u00fcr brauchen wir eine <strong>qualifizierte Begutachtung<\/strong>.\u00a0<\/p>\n<p>Um dies gew\u00e4hrleisten zu k\u00f6nnen, will YDW ein <strong>globales und interdisziplin\u00e4res<\/strong> <strong>Begutachtungs-Komitee<\/strong> aufbauen.<br \/> Die Idee ist, dass wir \u00fcber die Netzwerke der verschiedenen Initiativen (auf evolutioners.net) konkrete Anfragen starten.<br \/> Hiermit wollen wir all jenen, die gerne ihre individuellen Ressourcen (theoretisches\/praktisches Know-How) Optimalwohl f\u00f6rdernd einbringen wollen, die Chance dazu bieten. Daraus k\u00f6nnen wir ein <strong>unabh\u00e4ngiges Ressourcen-Profil <\/strong>anlegen.<br \/> So k\u00f6nnen wir bei einer neu eingereichten besseren Alternative eine gezielte Anfrage f\u00fcr die Begutachtung stellen.<br \/> Wir sind der Ansicht, dass es zu jedem Thema bereits viele <strong>kompetente Menschen<\/strong> gibt, die in der Lage sind, nach <strong>bestem Wissen und Gewissen<\/strong> die optimalen Alternativen auf <strong>Herz und Hirn<\/strong> zu pr\u00fcfen.<\/p>\n<p>[\/et_pb_text][\/et_pb_column][et_pb_column type=&#8221;1_2&#8243; _builder_version=&#8221;3.20.1&#8243;][et_pb_image src=&#8221;https:\/\/evolutioners.net\/wp-content\/uploads\/2019\/05\/GWOE_Gemeinwohl-Matrix-5.0-1.png&#8221; show_in_lightbox=&#8221;on&#8221; align=&#8221;center&#8221; _builder_version=&#8221;3.20.1&#8243;][\/et_pb_image][\/et_pb_column][\/et_pb_row][et_pb_row custom_padding=&#8221;27px|0px|27px|0px|false|false&#8221; _builder_version=&#8221;3.20.1&#8243;][et_pb_column type=&#8221;4_4&#8243; _builder_version=&#8221;3.20.1&#8243;][et_pb_text _builder_version=&#8221;3.20.1&#8243;]<\/p>\n<h3 style=\"text-align: center;\"><span style=\"color: #5a0066;\"><strong><em>Ziel ist, dass wir Menschen k\u00fcnftig in allen Lebensbereichen einfachen Zugang zu den optimalsten Alternativen haben<br \/><\/em><\/strong><\/span><span style=\"color: #5a0066;\"><strong><em>und dies &#8211; wenn immer m\u00f6glich &#8211; direkt aus unserer Region.\u00a0<\/em><\/strong><\/span><\/h3>\n<p>[\/et_pb_text][\/et_pb_column][\/et_pb_row][et_pb_row custom_padding=&#8221;0|0px|9px|0px|false|false&#8221; _builder_version=&#8221;3.20.1&#8243;][et_pb_column type=&#8221;1_4&#8243; _builder_version=&#8221;3.20.1&#8243;][et_pb_text _builder_version=&#8221;3.20.1&#8243;]<\/p>\n<p>Die mitunter auch durch die Bilanzierung gewonnenen Erkenntnisse werden systematisch in einer globalen Datenbank erfasst, so dass in Zukunft alle davon profitieren k\u00f6nnen. Dies wird wiederum in Kooperation mit <a href=\"https:\/\/www.mediawiki.org\/wiki\/MediaWiki\/de\"><em>MediaWiki<\/em> <\/a>durch ein internes <strong>Optimalwohl-Wiki-System<\/strong> vollbracht.<\/p>\n<p>[\/et_pb_text][\/et_pb_column][et_pb_column type=&#8221;3_4&#8243; _builder_version=&#8221;3.20.1&#8243;][et_pb_text _builder_version=&#8221;3.20.1&#8243;]<\/p>\n<p><span><em>Kleines Beispiel:\u00a0Hat nun eine findige Finnin eine innovative Idee f\u00fcr eine bahnbrechende Technologie, fehlt jedoch das passende Labor dazu, um diese zu testen, kann sie ihre Idee auf dem Optimalwohl-Wiki hochladen. Ein Mann in Bangalore mit dem passenden Labor, kann diese Theorie dann testen und seine Erkenntnisse wieder ins Netzwerk hochladen. Worauf vielleicht eine engagierte Schweizer Unternehmerin den Theorie-Praxis-Transfer zu einer Dienstleistung gestalten kann, wovon wiederum alle profitieren.<br \/>Wie wichtig Austausch ist, zeigt auch das Beispiel bei Wasseraufbereitungs-Methoden. Dies ist allgemein ein sehr umworbener Markt, wo jeder glaubt den Heiligen Gral entwickelt zu haben.<br \/>Ich bin der Ansicht, dass jeder bereits eine Komponente davon entwickelt hat. Der Heilige Gral zeigt sich uns jedoch erst, wenn sich alle Wasserexperten und Wasserexpertinnen bereit erkl\u00e4ren w\u00fcrden, sich gemeinsam an einen Tisch zu setzen, um ihre Erkenntnisse und Errungenschaften mit den anderen zu teilen. Solange jedoch alle an ihre eigenen Interessen denken (m\u00fcssen -&gt; Existenzsicherung), bleibt uns die optimalste L\u00f6sung vorenthalten. Dies obwohl die L\u00f6sungen bereits l\u00e4ngst da w\u00e4ren.<br \/><span style=\"font-size: large;\">Wir m\u00fcssten sie einfach <strong>optimal kombinieren <\/strong>und<strong> alle <\/strong>w\u00fcrden<strong> profitieren<\/strong><\/span>.<br \/><\/em><\/span><\/p>\n<p>[\/et_pb_text][\/et_pb_column][\/et_pb_row][et_pb_row custom_padding=&#8221;34px|0px|27px|0px|false|false&#8221; _builder_version=&#8221;3.20.1&#8243;][et_pb_column type=&#8221;4_4&#8243; _builder_version=&#8221;3.20.1&#8243;][et_pb_text _builder_version=&#8221;3.20.1&#8243;]<\/p>\n<h3 style=\"text-align: center;\"><span style=\"color: #5a0066;\"><em><strong>Ziel ist, dass der Menschheit evolutionsf\u00f6rdernde Erkenntnisse global und<br \/>Open Source zur Verf\u00fcgung gestellt werden k\u00f6nnen,<br \/>um unsere bestm\u00f6gliche Weiterentwicklung (bewusste Evolution) zu f\u00f6rdern.\u00a0<\/strong><\/em><\/span><\/h3>\n<p>[\/et_pb_text][\/et_pb_column][\/et_pb_row][\/et_pb_section]<\/p>\n","protected":false},"excerpt":{"rendered":"<p>VISION OUR EVOLUTION &lt;&gt; YOUR DECISIONDie Vision ist ein Meta- Netzwerk von EVOLUTIONERS aufzubauen.Hiermit wollen wir alle Wandelf\u00f6rder*innen verbinden. Unter Wandelf\u00f6rder*innen verstehen wir alle relevanten Initiativen (Organisationen [NGO&amp;NPO], Vereine, Stiftungen, Institute, Projekte,&#8230;), die sich F\u00dcR den optimalen Wandel \u2014 f\u00fcr eine Transformation der Menschheit in harmonischer Symbiose mit allen &amp; allem \u2014 einsetzen. Wir wollen [&hellip;]<\/p>\n","protected":false},"author":2,"featured_media":0,"parent":0,"menu_order":0,"comment_status":"closed","ping_status":"closed","template":"","meta":{"_et_pb_use_builder":"on","_et_pb_old_content":"","_et_gb_content_width":"","footnotes":""},"class_list":["post-31","page","type-page","status-publish","hentry"],"translation":{"provider":"WPGlobus","version":"3.0.0","language":"en","enabled_languages":["de","en"],"languages":{"de":{"title":true,"content":true,"excerpt":false},"en":{"title":false,"content":false,"excerpt":false}}},"yoast_head":"<!-- This site is optimized with the Yoast SEO plugin v25.4 - https:\/\/yoast.com\/wordpress\/plugins\/seo\/ -->\n<title>Vision - EVOLUTIONERS<\/title>\n<meta name=\"robots\" content=\"noindex, follow, max-snippet:-1, max-image-preview:large, max-video-preview:-1\" \/>\n<meta property=\"og:locale\" content=\"en_US\" \/>\n<meta property=\"og:type\" content=\"article\" \/>\n<meta property=\"og:title\" content=\"Vision - EVOLUTIONERS\" \/>\n<meta property=\"og:url\" content=\"https:\/\/evolutioners.net\/vision\/\" \/>\n<meta property=\"og:site_name\" content=\"EVOLUTIONERS\" \/>\n<meta property=\"article:modified_time\" content=\"2020-11-29T04:11:50+00:00\" \/>\n<meta name=\"twitter:card\" content=\"summary_large_image\" \/>\n<meta name=\"twitter:label1\" content=\"Est. reading time\" \/>\n\t<meta name=\"twitter:data1\" content=\"7 minutes\" \/>\n<script type=\"application\/ld+json\" class=\"yoast-schema-graph\">{\"@context\":\"https:\/\/schema.org\",\"@graph\":[{\"@type\":\"WebPage\",\"@id\":\"https:\/\/evolutioners.net\/vision\/\",\"url\":\"https:\/\/evolutioners.net\/vision\/\",\"name\":\"Vision - EVOLUTIONERS\",\"isPartOf\":{\"@id\":\"https:\/\/evolutioners.net\/#website\"},\"datePublished\":\"2019-03-28T20:06:44+00:00\",\"dateModified\":\"2020-11-29T04:11:50+00:00\",\"breadcrumb\":{\"@id\":\"https:\/\/evolutioners.net\/vision\/#breadcrumb\"},\"inLanguage\":\"en-US\",\"potentialAction\":[{\"@type\":\"ReadAction\",\"target\":[\"https:\/\/evolutioners.net\/vision\/\"]}]},{\"@type\":\"BreadcrumbList\",\"@id\":\"https:\/\/evolutioners.net\/vision\/#breadcrumb\",\"itemListElement\":[{\"@type\":\"ListItem\",\"position\":1,\"name\":\"Startseite\",\"item\":\"https:\/\/evolutioners.net\/\"},{\"@type\":\"ListItem\",\"position\":2,\"name\":\"Vision\"}]},{\"@type\":\"WebSite\",\"@id\":\"https:\/\/evolutioners.net\/#website\",\"url\":\"https:\/\/evolutioners.net\/\",\"name\":\"EVOLUTIONERS\",\"description\":\"EVOLUTIONERS ist ein Meta-Projekt f\u00fcr ganzheitliche globale Friedensf\u00f6rderung und Bewusstseinsentwicklung. Wir wollen Frieden wahrhaftig machbar machen, indem wir Optimalwohl f\u00f6rdernde Initiativen verbinden, zukunftsf\u00e4hige L\u00f6sungen sichtbar machen, Meta-Austausch f\u00f6rdern, Synergien nutzen &amp; den Ressourcengebrauch optimieren. Kurz: SINNstiften.\",\"potentialAction\":[{\"@type\":\"SearchAction\",\"target\":{\"@type\":\"EntryPoint\",\"urlTemplate\":\"https:\/\/evolutioners.net\/?s={search_term_string}\"},\"query-input\":{\"@type\":\"PropertyValueSpecification\",\"valueRequired\":true,\"valueName\":\"search_term_string\"}}],\"inLanguage\":\"en-US\"}]}<\/script>\n<!-- \/ Yoast SEO plugin. -->","yoast_head_json":{"title":"Vision - EVOLUTIONERS","robots":{"index":"noindex","follow":"follow","max-snippet":"max-snippet:-1","max-image-preview":"max-image-preview:large","max-video-preview":"max-video-preview:-1"},"og_locale":"en_US","og_type":"article","og_title":"Vision - EVOLUTIONERS","og_url":"https:\/\/evolutioners.net\/vision\/","og_site_name":"EVOLUTIONERS","article_modified_time":"2020-11-29T04:11:50+00:00","twitter_card":"summary_large_image","twitter_misc":{"Est. reading time":"7 minutes"},"schema":{"@context":"https:\/\/schema.org","@graph":[{"@type":"WebPage","@id":"https:\/\/evolutioners.net\/vision\/","url":"https:\/\/evolutioners.net\/vision\/","name":"Vision - EVOLUTIONERS","isPartOf":{"@id":"https:\/\/evolutioners.net\/#website"},"datePublished":"2019-03-28T20:06:44+00:00","dateModified":"2020-11-29T04:11:50+00:00","breadcrumb":{"@id":"https:\/\/evolutioners.net\/vision\/#breadcrumb"},"inLanguage":"en-US","potentialAction":[{"@type":"ReadAction","target":["https:\/\/evolutioners.net\/vision\/"]}]},{"@type":"BreadcrumbList","@id":"https:\/\/evolutioners.net\/vision\/#breadcrumb","itemListElement":[{"@type":"ListItem","position":1,"name":"Startseite","item":"https:\/\/evolutioners.net\/"},{"@type":"ListItem","position":2,"name":"Vision"}]},{"@type":"WebSite","@id":"https:\/\/evolutioners.net\/#website","url":"https:\/\/evolutioners.net\/","name":"EVOLUTIONERS","description":"EVOLUTIONERS ist ein Meta-Projekt f\u00fcr ganzheitliche globale Friedensf\u00f6rderung und Bewusstseinsentwicklung. Wir wollen Frieden wahrhaftig machbar machen, indem wir Optimalwohl f\u00f6rdernde Initiativen verbinden, zukunftsf\u00e4hige L\u00f6sungen sichtbar machen, Meta-Austausch f\u00f6rdern, Synergien nutzen &amp; den Ressourcengebrauch optimieren. Kurz: SINNstiften.","potentialAction":[{"@type":"SearchAction","target":{"@type":"EntryPoint","urlTemplate":"https:\/\/evolutioners.net\/?s={search_term_string}"},"query-input":{"@type":"PropertyValueSpecification","valueRequired":true,"valueName":"search_term_string"}}],"inLanguage":"en-US"}]}},"_links":{"self":[{"href":"https:\/\/evolutioners.net\/en\/wp-json\/wp\/v2\/pages\/31","targetHints":{"allow":["GET"]}}],"collection":[{"href":"https:\/\/evolutioners.net\/en\/wp-json\/wp\/v2\/pages"}],"about":[{"href":"https:\/\/evolutioners.net\/en\/wp-json\/wp\/v2\/types\/page"}],"author":[{"embeddable":true,"href":"https:\/\/evolutioners.net\/en\/wp-json\/wp\/v2\/users\/2"}],"replies":[{"embeddable":true,"href":"https:\/\/evolutioners.net\/en\/wp-json\/wp\/v2\/comments?post=31"}],"version-history":[{"count":34,"href":"https:\/\/evolutioners.net\/en\/wp-json\/wp\/v2\/pages\/31\/revisions"}],"predecessor-version":[{"id":1241,"href":"https:\/\/evolutioners.net\/en\/wp-json\/wp\/v2\/pages\/31\/revisions\/1241"}],"wp:attachment":[{"href":"https:\/\/evolutioners.net\/en\/wp-json\/wp\/v2\/media?parent=31"}],"curies":[{"name":"wp","href":"https:\/\/api.w.org\/{rel}","templated":true}]}}