{"id":404,"date":"2019-06-12T01:57:01","date_gmt":"2019-06-12T01:57:01","guid":{"rendered":"https:\/\/evolutioners.net\/?page_id=404"},"modified":"2025-07-02T16:26:41","modified_gmt":"2025-07-02T16:26:41","slug":"evolutioners","status":"publish","type":"page","link":"https:\/\/evolutioners.net\/en\/evolutioners\/","title":{"rendered":"Evolutioners"},"content":{"rendered":"<p>[et_pb_section fb_built=&#8221;1&#8243; _builder_version=&#8221;4.16&#8243; custom_padding=&#8221;49.0483px|0|0|0px|false|false&#8221; global_colors_info=&#8221;{}&#8221;][et_pb_row _builder_version=&#8221;4.16&#8243; custom_padding=&#8221;27px|0px|14px|0px|false|false&#8221; global_colors_info=&#8221;{}&#8221;][et_pb_column type=&#8221;4_4&#8243; _builder_version=&#8221;4.16&#8243; custom_padding=&#8221;|||&#8221; global_colors_info=&#8221;{}&#8221; custom_padding__hover=&#8221;|||&#8221;][et_pb_team_member name=&#8221;Corina A. S. Walch (29)&#8221; position=&#8221;Vision\u00e4rin Evolutioners Network (Redaktion\/Impressum)&#8221; image_url=&#8221;https:\/\/evolutioners.net\/wp-content\/uploads\/2019\/06\/Fotos-Samsung-S5-Chapins-M\u00e4rz-19-206.jpg&#8221; _builder_version=&#8221;4.16&#8243; global_colors_info=&#8221;{}&#8221;]<\/p>\n<p>Diese Visions-Reise entstand mit 26 Jahren in einer Vollmondnacht im Dezember 2016. Nachdem ich abermals die halbe Nacht bessere, sprich nachhaltige &amp; Optimalwohl f\u00f6rdernde Alternativen recherchierte und analysierte, dr\u00e4ngte sich mir folgende Frage auf:<\/p>\n<p style=\"text-align: center;\"><em>\u201eWieso gibt es nicht schon l\u00e4ngst ein vertrauensvolles Portal, welche die\u00a0<\/em><em>f\u00fcr besser befundenen Alternativen vorsondiert und \u00fcbersichtlich pr\u00e4sentiert?\u201c<\/em><\/p>\n<p>Mir war zu diesem Zeitpunkt kein solches Portal bekannt, welches diesen Ansatz konsequent und holistisch verfolgt. Ich wusste jedoch, dass ich bestimmt nicht die Einzige war, die sich mit dieser Herausforderung konfrontiert sah.<span>\u00a0<\/span><\/p>\n<p>Als ich zunehmend meine Berufung erkannte, war ehrlich gesagt mein erster Gedanke; <em>\u201ekleines M\u00e4dchen aus den Walliser Bergen\u2026 Du hast weder Ahnung von IT, geschweige denn die finanziellen Ressourcen, die es f\u00fcr ein Projekt dieser Gr\u00f6ssenordnung ben\u00f6tigt. Konzentriere Dich lieber wieder auf das was Du gelernt hast\u2026\u201c<br \/><\/em>Ja, studiert habe ich Sozialp\u00e4dagogik (FH). Mir sagte die systemische Perspektive in der Sozialen Arbeit zwar sehr zu, erkannte jedoch schnell, dass ich dort meine vielschichtigen Interessen langfristig nicht optimal einbringen kann. Als ich den Studiengang \u201e<em>Philosophy, Politics und Economics<\/em>\u201c (PPE) entdeckte, war ich Feuer und Flamme, da hierbei die sozial relevantesten Disziplinen unter Ber\u00fccksichtigung der verbindenden Ethik begutachtet werden..<\/p>\n<p>Trotz anf\u00e4nglicher Begeisterung f\u00fcr das PPE Studium, entschied ich mich, angesichts der Dringlichkeit und Notwendigkeit, mich gleich an die Praxis zu machen und durch das optimale Verbinden bisheriger Initiativen ein heiles System in die Welt zu bringen. Zugegeben, als mir daraufhin die Tragweite dieser Vision bewusst wurde, sah ich mich, mangels besagter Ressourcen, erst mal ganz sch\u00f6n \u00fcberfordert. Das Mysterium schickte mir jedoch knapp 10 Stunden nachdem ich die Vision beinahe wieder verwerfen wollte ein Zeichen sondergleichen. Da ich sp\u00e4testens ab dann nicht mehr an Zuf\u00e4lle glauben konnte, entschied ich mich, dem Ruf meines Herzens zu folgen. Ich lernte immer mehr darauf zu vertrauen, dass er mich zum richtigen Zeitpunkt zu den richtigen Menschen f\u00fchrt.<span>\u00a0<\/span><\/p>\n<p>Inzwischen sind 2\u00bc Jahre vergangen und ich staune wohin mich mein Herz bereits gef\u00fchrt hat. Als ich mich bspw. mit der Frage \u201e<em>wie definiere ich Nachhaltigkeit\u201c<\/em> konfrontiert sah (zumal ich Nachhaltigkeit aufgrund meines Backgrounds schon ganzheitlich betrachte), stiess ich \u00fcber einen Vortrag von <a href=\"https:\/\/christian-felber.at\/aktiv-werden\/\"><em>Christian Felber<\/em><\/a> an einer Philosophie-Veranstaltung <em>&#8220;die innere Stimme&#8221;<\/em> auf die <a href=\"https:\/\/evolutioners.net\/vision\/\">Gemeinwohl-Bilanz <\/a>der <a href=\"https:\/\/www.ecogood.org\/de\/\">Gemeinwohl \u00d6konomie<\/a>.<br \/>Et voil\u00e0! Getreu meinem <em>Motto \u201e<strong>Wir m\u00fcssen das Rad nicht x-Mal neu erfinden, sonder uns sinnvoll verbinden!\u201c<\/strong> <\/em>handelte ich auch. Ich war beeindruckt von der professionellen Ganzheitlichkeit hinter dieser Bewegung. Worauf ich auch Mitglied wurde. Mir wurde schnell die Parallelen von unserer Vision &amp; Mission bewusst und ich sah bereits die Synergien die daraus entstehen.<\/p>\n<p>Doch die Reise geht rasant weiter und es zeigen sich zunehmend neue Puzzle-Teile, die bereits ihren Teil zum grossen Bild der Hoffnung beitragen.<br \/>Ich freu mich schon riesig, mich mit Dir F\u00dcR unser gemeinsames Interesse verbinden zu d\u00fcrfen!<br \/>Schreib mir; mail@evolutioners.net<\/p>\n<p>[\/et_pb_team_member][et_pb_image src=&#8221;https:\/\/evolutioners.net\/wp-content\/uploads\/2019\/05\/Earth-Freedom-Love-1.jpg&#8221; url=&#8221;https:\/\/cdn.cosm.org\/wp-content\/uploads\/2016\/11\/Paintbrush-Warrior-ipp.jpg&#8221; url_new_window=&#8221;on&#8221; align=&#8221;center&#8221; align_tablet=&#8221;center&#8221; align_phone=&#8221;center&#8221; align_last_edited=&#8221;on|desktop&#8221; _builder_version=&#8221;4.16&#8243; max_width=&#8221;200%&#8221; border_radii=&#8221;on|9px|9px|9px|9px&#8221; global_colors_info=&#8221;{}&#8221;][\/et_pb_image][et_pb_text _builder_version=&#8221;4.16&#8243; global_colors_info=&#8221;{}&#8221;]<\/p>\n<p>&nbsp;<\/p>\n<h3 style=\"text-align: center;\"><\/h3>\n<p>[\/et_pb_text][\/et_pb_column][\/et_pb_row][et_pb_row _builder_version=&#8221;4.16&#8243; global_colors_info=&#8221;{}&#8221;][et_pb_column type=&#8221;4_4&#8243; _builder_version=&#8221;4.16&#8243; custom_padding=&#8221;|||&#8221; global_colors_info=&#8221;{}&#8221; custom_padding__hover=&#8221;|||&#8221;][et_pb_text _builder_version=&#8221;4.16&#8243; global_colors_info=&#8221;{}&#8221;]<\/p>\n<h1 style=\"text-align: center;\">Weitere Visionstr\u00e4ger*innen<\/h1>\n<p>[\/et_pb_text][\/et_pb_column][\/et_pb_row][et_pb_row column_structure=&#8221;2_5,3_5&#8243; _builder_version=&#8221;4.16&#8243; custom_padding=&#8221;5px|0px|26.1285px|0px|false|false&#8221; global_colors_info=&#8221;{}&#8221;][et_pb_column type=&#8221;2_5&#8243; _builder_version=&#8221;4.16&#8243; custom_padding=&#8221;|||&#8221; global_colors_info=&#8221;{}&#8221; custom_padding__hover=&#8221;|||&#8221;][et_pb_text _builder_version=&#8221;4.16&#8243; global_colors_info=&#8221;{}&#8221;]<\/p>\n<h2>Larissa Jud &#8211; Visions Schwester<\/h2>\n<p>Schon als Kind sagte ich zu meinem Papa: <em>\u201cPapa, wenn ich mal gross bin, werde ich in der Welt umherziehen, damit ich immer da bin, wo ich sein darf.\u201d<\/em><br \/>Heute ist mir bewusst was genau ich damit gemeint habe. Dieser innere Wunsch zum Wohle Aller zu leben und die Liebe zu verspr\u00fchen, Menschen, Wesen, Projekte etc. zusammenzuf\u00fchren, zu erinnern, meinen Beitrag ans kollektive Bewusstsein geben und meine Dankbarkeit und Verbundenheit zur Erde nach Aussen zu tragen, war schon immer da.<br \/>So durfte ich mich mit Corina verbinden und unserer Vision, wie sie viele mit uns teilen, bekam ein Gesicht und Namen.<br \/>Daf\u00fcr sind wir unterwegs, damit wir im Individuum gemeinsam Eins sein d\u00fcrfen.<br \/><strong>F\u00fcr die Welt die wir uns alle tief in unserem Herzen w\u00fcnschen.<\/strong><br \/>Eine Welt in Frieden ohne Leistungsdruck.<br \/>Wo die Gesetze der Natur wieder respektiert und gelebt werden, geleitet von unseren Herzen.<\/p>\n<p>[\/et_pb_text][\/et_pb_column][et_pb_column type=&#8221;3_5&#8243; _builder_version=&#8221;4.16&#8243; custom_padding=&#8221;|||&#8221; global_colors_info=&#8221;{}&#8221; custom_padding__hover=&#8221;|||&#8221;][et_pb_image src=&#8221;https:\/\/evolutioners.net\/wp-content\/uploads\/2019\/06\/IMG-20190422-WA0012.jpg&#8221; align_tablet=&#8221;center&#8221; align_phone=&#8221;center&#8221; align_last_edited=&#8221;on|desktop&#8221; _builder_version=&#8221;4.16&#8243; custom_margin=&#8221;50px||&#8221; border_radii=&#8221;on|9px|9px|9px|9px&#8221; locked=&#8221;off&#8221; global_colors_info=&#8221;{}&#8221;][\/et_pb_image][\/et_pb_column][\/et_pb_row][et_pb_row _builder_version=&#8221;4.16&#8243; custom_padding=&#8221;27px|0px|0|0px|false|false&#8221; global_colors_info=&#8221;{}&#8221;][et_pb_column type=&#8221;4_4&#8243; _builder_version=&#8221;4.16&#8243; custom_padding=&#8221;|||&#8221; global_colors_info=&#8221;{}&#8221; custom_padding__hover=&#8221;|||&#8221;][et_pb_text _builder_version=&#8221;4.16&#8243; global_colors_info=&#8221;{}&#8221;]<\/p>\n<h1 style=\"text-align: center;\">Es hat noch Platz!<br \/>Vielleicht f\u00fcr Dich?<\/h1>\n<p>[\/et_pb_text][\/et_pb_column][\/et_pb_row][et_pb_row _builder_version=&#8221;4.16&#8243; custom_padding=&#8221;0|0px|27px|0px|false|false&#8221; global_colors_info=&#8221;{}&#8221;][et_pb_column type=&#8221;4_4&#8243; _builder_version=&#8221;4.16&#8243; custom_padding=&#8221;|||&#8221; global_colors_info=&#8221;{}&#8221; custom_padding__hover=&#8221;|||&#8221;][et_pb_text _builder_version=&#8221;4.16&#8243; global_colors_info=&#8221;{}&#8221;]<\/p>\n<p>Wie gesagt, es gibt genug zu tun, denn ich brauche von allem noch alles, nur eben in optimal.\u00a0<br \/>Wenn Du, Deine Vision oder Deine Organisation, Deine Technologie, Deine Dienstleistung, Dein Produkt, Deine Initiative oder Dein Unternehmen ebenfalls einen wertvollen Beitrag zum Optimalwohl leistest\/leistet, dann freuen wir uns von ganzem Herzen, mehr \u00fcber Dich und Dein Engagement zu erfahren!\u00a0<\/p>\n<p>M\u00f6chtest nun villeicht auch Du gerne beim Evolutioners Netzwerk von Anfang an <a href=\"https:\/\/evolutioners.net\/dabei-sein\/\">dabei sein?<\/a><br \/>Kontaktiere mich, ich freue mich!<\/p>\n<p>Herzensgruss<br \/>Corina<\/p>\n<p>[\/et_pb_text][\/et_pb_column][\/et_pb_row][\/et_pb_section]<\/p>\n","protected":false},"excerpt":{"rendered":"<p>Diese Visions-Reise entstand mit 26 Jahren in einer Vollmondnacht im Dezember 2016. Nachdem ich abermals die halbe Nacht bessere, sprich nachhaltige &amp; Optimalwohl f\u00f6rdernde Alternativen recherchierte und analysierte, dr\u00e4ngte sich mir folgende Frage auf: \u201eWieso gibt es nicht schon l\u00e4ngst ein vertrauensvolles Portal, welche die\u00a0f\u00fcr besser befundenen Alternativen vorsondiert und \u00fcbersichtlich pr\u00e4sentiert?\u201c Mir war zu [&hellip;]<\/p>\n","protected":false},"author":2,"featured_media":0,"parent":0,"menu_order":0,"comment_status":"closed","ping_status":"closed","template":"","meta":{"_et_pb_use_builder":"on","_et_pb_old_content":"","_et_gb_content_width":"","footnotes":""},"class_list":["post-404","page","type-page","status-publish","hentry"],"translation":{"provider":"WPGlobus","version":"3.0.0","language":"en","enabled_languages":["de","en"],"languages":{"de":{"title":true,"content":true,"excerpt":false},"en":{"title":false,"content":false,"excerpt":false}}},"yoast_head":"<!-- This site is optimized with the Yoast SEO plugin v25.4 - https:\/\/yoast.com\/wordpress\/plugins\/seo\/ -->\n<title>Evolutioners - EVOLUTIONERS<\/title>\n<meta name=\"robots\" content=\"noindex, follow, max-snippet:-1, max-image-preview:large, max-video-preview:-1\" \/>\n<meta property=\"og:locale\" content=\"en_US\" \/>\n<meta property=\"og:type\" content=\"article\" \/>\n<meta property=\"og:title\" content=\"Evolutioners - EVOLUTIONERS\" \/>\n<meta property=\"og:url\" content=\"https:\/\/evolutioners.net\/evolutioners\/\" \/>\n<meta property=\"og:site_name\" content=\"EVOLUTIONERS\" \/>\n<meta property=\"article:modified_time\" content=\"2025-07-02T16:26:41+00:00\" \/>\n<meta name=\"twitter:card\" content=\"summary_large_image\" \/>\n<meta name=\"twitter:label1\" content=\"Est. reading time\" \/>\n\t<meta name=\"twitter:data1\" content=\"6 minutes\" \/>\n<script type=\"application\/ld+json\" class=\"yoast-schema-graph\">{\"@context\":\"https:\/\/schema.org\",\"@graph\":[{\"@type\":\"WebPage\",\"@id\":\"https:\/\/evolutioners.net\/evolutioners\/\",\"url\":\"https:\/\/evolutioners.net\/evolutioners\/\",\"name\":\"Evolutioners - EVOLUTIONERS\",\"isPartOf\":{\"@id\":\"https:\/\/evolutioners.net\/#website\"},\"datePublished\":\"2019-06-12T01:57:01+00:00\",\"dateModified\":\"2025-07-02T16:26:41+00:00\",\"breadcrumb\":{\"@id\":\"https:\/\/evolutioners.net\/evolutioners\/#breadcrumb\"},\"inLanguage\":\"en-US\",\"potentialAction\":[{\"@type\":\"ReadAction\",\"target\":[\"https:\/\/evolutioners.net\/evolutioners\/\"]}]},{\"@type\":\"BreadcrumbList\",\"@id\":\"https:\/\/evolutioners.net\/evolutioners\/#breadcrumb\",\"itemListElement\":[{\"@type\":\"ListItem\",\"position\":1,\"name\":\"Startseite\",\"item\":\"https:\/\/evolutioners.net\/\"},{\"@type\":\"ListItem\",\"position\":2,\"name\":\"Evolutioners\"}]},{\"@type\":\"WebSite\",\"@id\":\"https:\/\/evolutioners.net\/#website\",\"url\":\"https:\/\/evolutioners.net\/\",\"name\":\"EVOLUTIONERS\",\"description\":\"EVOLUTIONERS ist ein Meta-Projekt f\u00fcr ganzheitliche globale Friedensf\u00f6rderung und Bewusstseinsentwicklung. Wir wollen Frieden wahrhaftig machbar machen, indem wir Optimalwohl f\u00f6rdernde Initiativen verbinden, zukunftsf\u00e4hige L\u00f6sungen sichtbar machen, Meta-Austausch f\u00f6rdern, Synergien nutzen &amp; den Ressourcengebrauch optimieren. Kurz: SINNstiften.\",\"potentialAction\":[{\"@type\":\"SearchAction\",\"target\":{\"@type\":\"EntryPoint\",\"urlTemplate\":\"https:\/\/evolutioners.net\/?s={search_term_string}\"},\"query-input\":{\"@type\":\"PropertyValueSpecification\",\"valueRequired\":true,\"valueName\":\"search_term_string\"}}],\"inLanguage\":\"en-US\"}]}<\/script>\n<!-- \/ Yoast SEO plugin. -->","yoast_head_json":{"title":"Evolutioners - EVOLUTIONERS","robots":{"index":"noindex","follow":"follow","max-snippet":"max-snippet:-1","max-image-preview":"max-image-preview:large","max-video-preview":"max-video-preview:-1"},"og_locale":"en_US","og_type":"article","og_title":"Evolutioners - EVOLUTIONERS","og_url":"https:\/\/evolutioners.net\/evolutioners\/","og_site_name":"EVOLUTIONERS","article_modified_time":"2025-07-02T16:26:41+00:00","twitter_card":"summary_large_image","twitter_misc":{"Est. reading time":"6 minutes"},"schema":{"@context":"https:\/\/schema.org","@graph":[{"@type":"WebPage","@id":"https:\/\/evolutioners.net\/evolutioners\/","url":"https:\/\/evolutioners.net\/evolutioners\/","name":"Evolutioners - EVOLUTIONERS","isPartOf":{"@id":"https:\/\/evolutioners.net\/#website"},"datePublished":"2019-06-12T01:57:01+00:00","dateModified":"2025-07-02T16:26:41+00:00","breadcrumb":{"@id":"https:\/\/evolutioners.net\/evolutioners\/#breadcrumb"},"inLanguage":"en-US","potentialAction":[{"@type":"ReadAction","target":["https:\/\/evolutioners.net\/evolutioners\/"]}]},{"@type":"BreadcrumbList","@id":"https:\/\/evolutioners.net\/evolutioners\/#breadcrumb","itemListElement":[{"@type":"ListItem","position":1,"name":"Startseite","item":"https:\/\/evolutioners.net\/"},{"@type":"ListItem","position":2,"name":"Evolutioners"}]},{"@type":"WebSite","@id":"https:\/\/evolutioners.net\/#website","url":"https:\/\/evolutioners.net\/","name":"EVOLUTIONERS","description":"EVOLUTIONERS ist ein Meta-Projekt f\u00fcr ganzheitliche globale Friedensf\u00f6rderung und Bewusstseinsentwicklung. Wir wollen Frieden wahrhaftig machbar machen, indem wir Optimalwohl f\u00f6rdernde Initiativen verbinden, zukunftsf\u00e4hige L\u00f6sungen sichtbar machen, Meta-Austausch f\u00f6rdern, Synergien nutzen &amp; den Ressourcengebrauch optimieren. Kurz: SINNstiften.","potentialAction":[{"@type":"SearchAction","target":{"@type":"EntryPoint","urlTemplate":"https:\/\/evolutioners.net\/?s={search_term_string}"},"query-input":{"@type":"PropertyValueSpecification","valueRequired":true,"valueName":"search_term_string"}}],"inLanguage":"en-US"}]}},"_links":{"self":[{"href":"https:\/\/evolutioners.net\/en\/wp-json\/wp\/v2\/pages\/404","targetHints":{"allow":["GET"]}}],"collection":[{"href":"https:\/\/evolutioners.net\/en\/wp-json\/wp\/v2\/pages"}],"about":[{"href":"https:\/\/evolutioners.net\/en\/wp-json\/wp\/v2\/types\/page"}],"author":[{"embeddable":true,"href":"https:\/\/evolutioners.net\/en\/wp-json\/wp\/v2\/users\/2"}],"replies":[{"embeddable":true,"href":"https:\/\/evolutioners.net\/en\/wp-json\/wp\/v2\/comments?post=404"}],"version-history":[{"count":44,"href":"https:\/\/evolutioners.net\/en\/wp-json\/wp\/v2\/pages\/404\/revisions"}],"predecessor-version":[{"id":1278,"href":"https:\/\/evolutioners.net\/en\/wp-json\/wp\/v2\/pages\/404\/revisions\/1278"}],"wp:attachment":[{"href":"https:\/\/evolutioners.net\/en\/wp-json\/wp\/v2\/media?parent=404"}],"curies":[{"name":"wp","href":"https:\/\/api.w.org\/{rel}","templated":true}]}}