{"id":507,"date":"2019-06-16T03:03:53","date_gmt":"2019-06-16T03:03:53","guid":{"rendered":"https:\/\/evolutioners.net\/?page_id=507"},"modified":"2019-06-16T03:29:03","modified_gmt":"2019-06-16T03:29:03","slug":"weltbild","status":"publish","type":"page","link":"https:\/\/evolutioners.net\/en\/weltbild\/","title":{"rendered":"Weltbild"},"content":{"rendered":"<p>[et_pb_section fb_built=&#8221;1&#8243; _builder_version=&#8221;3.20.1&#8243;][et_pb_row _builder_version=&#8221;3.20.1&#8243;][et_pb_column type=&#8221;4_4&#8243; _builder_version=&#8221;3.20.1&#8243;][et_pb_text _builder_version=&#8221;3.20.1&#8243;]<\/p>\n<h1>WELTBILD<\/h1>\n<p>Im Wissen, dass erst wenn wir uns als Menschen wieder verbunden f\u00fchlen, wir Erf\u00fcllung und Frieden erreichen, gilt unser Streben der Verbundenheit, Offenheit und Unvoreingenommenheit.<br \/>Dies bedingt auch einer ganzheitlichen Betrachtungsweise.<br \/>Trotz Verbundenheit, m\u00f6chten wir uns von religi\u00f6sen, sowie politischen Ismen (-ismus; Dogmen, Ideologien,\u2026) distanzieren. Wenn Ismus, dann der Agnostizismus, denn das Einzige was wir wissen ist, dass wir nichts wissen (Naturgesetze ausgenommen!).<br \/>Wir glauben zu wissen aufgrund dessen, was wir f\u00fchlen und das ist wiederum gepr\u00e4gt durch all unsere Erfahrungen, die so verschieden sind wie das Leben selbst.<\/p>\n<p>Wir sind also keine Sekte und keine Partei, wir wollen nicht predigen sondern nur sein.<\/p>\n<p>Wir wollen das Bewusstsein stets auf den kleinsten gemeinsamen Nenner richten. Daher ist unser spiritueller Hintergrund, die Quelle selbst.<\/p>\n<p>Es gibt viele Worte f\u00fcr das Wortlose. <br \/>Wir respektieren die Freiheit eines jeden Menschen, den f\u00fcr sich passenden Begriff hierf\u00fcr zu finden.<\/p>\n<p>Unser F\u00fchrer, sofern wir dies so bezeichnen wollen, ist die Stimme unseres Herzens.<br \/>Orientierung auf dieser Reise geben uns die universellen Gesetze.<\/p>\n<p>[\/et_pb_text][\/et_pb_column][\/et_pb_row][et_pb_row _builder_version=&#8221;3.20.1&#8243;][et_pb_column type=&#8221;4_4&#8243; _builder_version=&#8221;3.20.1&#8243;][et_pb_text _builder_version=&#8221;3.20.1&#8243;]<\/p>\n<h4 style=\"text-align: center;\">Es ist Zeit, wieder humane Werte als Prinzipien f\u00fcr die bewusste Evolution<br \/>der Menschheit zu w\u00e4hlen.<br \/>Die afrikanische Ubuntu-Philosophie \u201eIch bin, weil wir sind\u201c gibt uns eine sch\u00f6ne Vorstellung davon.<\/h4>\n<p>[\/et_pb_text][\/et_pb_column][\/et_pb_row][et_pb_row _builder_version=&#8221;3.20.1&#8243;][et_pb_column type=&#8221;4_4&#8243; _builder_version=&#8221;3.20.1&#8243;][et_pb_image align=&#8221;center&#8221; src=&#8221;https:\/\/evolutioners.net\/wp-content\/uploads\/2019\/05\/Ubuntu-Kinder.jpg&#8221; _builder_version=&#8221;3.20.1&#8243;][\/et_pb_image][\/et_pb_column][\/et_pb_row][\/et_pb_section]<\/p>\n","protected":false},"excerpt":{"rendered":"<p>WELTBILD Im Wissen, dass erst wenn wir uns als Menschen wieder verbunden f\u00fchlen, wir Erf\u00fcllung und Frieden erreichen, gilt unser Streben der Verbundenheit, Offenheit und Unvoreingenommenheit.Dies bedingt auch einer ganzheitlichen Betrachtungsweise.Trotz Verbundenheit, m\u00f6chten wir uns von religi\u00f6sen, sowie politischen Ismen (-ismus; Dogmen, Ideologien,\u2026) distanzieren. Wenn Ismus, dann der Agnostizismus, denn das Einzige was wir wissen [&hellip;]<\/p>\n","protected":false},"author":2,"featured_media":0,"parent":0,"menu_order":0,"comment_status":"closed","ping_status":"closed","template":"","meta":{"_et_pb_use_builder":"on","_et_pb_old_content":"","_et_gb_content_width":"","footnotes":""},"class_list":["post-507","page","type-page","status-publish","hentry"],"translation":{"provider":"WPGlobus","version":"3.0.0","language":"en","enabled_languages":["de","en"],"languages":{"de":{"title":true,"content":true,"excerpt":false},"en":{"title":false,"content":false,"excerpt":false}}},"yoast_head":"<!-- This site is optimized with the Yoast SEO plugin v25.4 - https:\/\/yoast.com\/wordpress\/plugins\/seo\/ -->\n<title>Weltbild - EVOLUTIONERS<\/title>\n<meta name=\"robots\" content=\"noindex, follow, max-snippet:-1, max-image-preview:large, max-video-preview:-1\" \/>\n<meta property=\"og:locale\" content=\"en_US\" \/>\n<meta property=\"og:type\" content=\"article\" \/>\n<meta property=\"og:title\" content=\"Weltbild - EVOLUTIONERS\" \/>\n<meta property=\"og:url\" content=\"https:\/\/evolutioners.net\/weltbild\/\" \/>\n<meta property=\"og:site_name\" content=\"EVOLUTIONERS\" \/>\n<meta property=\"article:modified_time\" content=\"2019-06-16T03:29:03+00:00\" \/>\n<meta name=\"twitter:card\" content=\"summary_large_image\" \/>\n<meta name=\"twitter:label1\" content=\"Est. reading time\" \/>\n\t<meta name=\"twitter:data1\" content=\"2 minutes\" \/>\n<script type=\"application\/ld+json\" class=\"yoast-schema-graph\">{\"@context\":\"https:\/\/schema.org\",\"@graph\":[{\"@type\":\"WebPage\",\"@id\":\"https:\/\/evolutioners.net\/weltbild\/\",\"url\":\"https:\/\/evolutioners.net\/weltbild\/\",\"name\":\"Weltbild - EVOLUTIONERS\",\"isPartOf\":{\"@id\":\"https:\/\/evolutioners.net\/#website\"},\"datePublished\":\"2019-06-16T03:03:53+00:00\",\"dateModified\":\"2019-06-16T03:29:03+00:00\",\"breadcrumb\":{\"@id\":\"https:\/\/evolutioners.net\/weltbild\/#breadcrumb\"},\"inLanguage\":\"en-US\",\"potentialAction\":[{\"@type\":\"ReadAction\",\"target\":[\"https:\/\/evolutioners.net\/weltbild\/\"]}]},{\"@type\":\"BreadcrumbList\",\"@id\":\"https:\/\/evolutioners.net\/weltbild\/#breadcrumb\",\"itemListElement\":[{\"@type\":\"ListItem\",\"position\":1,\"name\":\"Startseite\",\"item\":\"https:\/\/evolutioners.net\/\"},{\"@type\":\"ListItem\",\"position\":2,\"name\":\"Weltbild\"}]},{\"@type\":\"WebSite\",\"@id\":\"https:\/\/evolutioners.net\/#website\",\"url\":\"https:\/\/evolutioners.net\/\",\"name\":\"EVOLUTIONERS\",\"description\":\"EVOLUTIONERS ist ein Meta-Projekt f\u00fcr ganzheitliche globale Friedensf\u00f6rderung und Bewusstseinsentwicklung. Wir wollen Frieden wahrhaftig machbar machen, indem wir Optimalwohl f\u00f6rdernde Initiativen verbinden, zukunftsf\u00e4hige L\u00f6sungen sichtbar machen, Meta-Austausch f\u00f6rdern, Synergien nutzen &amp; den Ressourcengebrauch optimieren. Kurz: SINNstiften.\",\"potentialAction\":[{\"@type\":\"SearchAction\",\"target\":{\"@type\":\"EntryPoint\",\"urlTemplate\":\"https:\/\/evolutioners.net\/?s={search_term_string}\"},\"query-input\":{\"@type\":\"PropertyValueSpecification\",\"valueRequired\":true,\"valueName\":\"search_term_string\"}}],\"inLanguage\":\"en-US\"}]}<\/script>\n<!-- \/ Yoast SEO plugin. -->","yoast_head_json":{"title":"Weltbild - EVOLUTIONERS","robots":{"index":"noindex","follow":"follow","max-snippet":"max-snippet:-1","max-image-preview":"max-image-preview:large","max-video-preview":"max-video-preview:-1"},"og_locale":"en_US","og_type":"article","og_title":"Weltbild - EVOLUTIONERS","og_url":"https:\/\/evolutioners.net\/weltbild\/","og_site_name":"EVOLUTIONERS","article_modified_time":"2019-06-16T03:29:03+00:00","twitter_card":"summary_large_image","twitter_misc":{"Est. reading time":"2 minutes"},"schema":{"@context":"https:\/\/schema.org","@graph":[{"@type":"WebPage","@id":"https:\/\/evolutioners.net\/weltbild\/","url":"https:\/\/evolutioners.net\/weltbild\/","name":"Weltbild - EVOLUTIONERS","isPartOf":{"@id":"https:\/\/evolutioners.net\/#website"},"datePublished":"2019-06-16T03:03:53+00:00","dateModified":"2019-06-16T03:29:03+00:00","breadcrumb":{"@id":"https:\/\/evolutioners.net\/weltbild\/#breadcrumb"},"inLanguage":"en-US","potentialAction":[{"@type":"ReadAction","target":["https:\/\/evolutioners.net\/weltbild\/"]}]},{"@type":"BreadcrumbList","@id":"https:\/\/evolutioners.net\/weltbild\/#breadcrumb","itemListElement":[{"@type":"ListItem","position":1,"name":"Startseite","item":"https:\/\/evolutioners.net\/"},{"@type":"ListItem","position":2,"name":"Weltbild"}]},{"@type":"WebSite","@id":"https:\/\/evolutioners.net\/#website","url":"https:\/\/evolutioners.net\/","name":"EVOLUTIONERS","description":"EVOLUTIONERS ist ein Meta-Projekt f\u00fcr ganzheitliche globale Friedensf\u00f6rderung und Bewusstseinsentwicklung. Wir wollen Frieden wahrhaftig machbar machen, indem wir Optimalwohl f\u00f6rdernde Initiativen verbinden, zukunftsf\u00e4hige L\u00f6sungen sichtbar machen, Meta-Austausch f\u00f6rdern, Synergien nutzen &amp; den Ressourcengebrauch optimieren. Kurz: SINNstiften.","potentialAction":[{"@type":"SearchAction","target":{"@type":"EntryPoint","urlTemplate":"https:\/\/evolutioners.net\/?s={search_term_string}"},"query-input":{"@type":"PropertyValueSpecification","valueRequired":true,"valueName":"search_term_string"}}],"inLanguage":"en-US"}]}},"_links":{"self":[{"href":"https:\/\/evolutioners.net\/en\/wp-json\/wp\/v2\/pages\/507","targetHints":{"allow":["GET"]}}],"collection":[{"href":"https:\/\/evolutioners.net\/en\/wp-json\/wp\/v2\/pages"}],"about":[{"href":"https:\/\/evolutioners.net\/en\/wp-json\/wp\/v2\/types\/page"}],"author":[{"embeddable":true,"href":"https:\/\/evolutioners.net\/en\/wp-json\/wp\/v2\/users\/2"}],"replies":[{"embeddable":true,"href":"https:\/\/evolutioners.net\/en\/wp-json\/wp\/v2\/comments?post=507"}],"version-history":[{"count":5,"href":"https:\/\/evolutioners.net\/en\/wp-json\/wp\/v2\/pages\/507\/revisions"}],"predecessor-version":[{"id":516,"href":"https:\/\/evolutioners.net\/en\/wp-json\/wp\/v2\/pages\/507\/revisions\/516"}],"wp:attachment":[{"href":"https:\/\/evolutioners.net\/en\/wp-json\/wp\/v2\/media?parent=507"}],"curies":[{"name":"wp","href":"https:\/\/api.w.org\/{rel}","templated":true}]}}