{"id":606,"date":"2019-07-05T00:13:00","date_gmt":"2019-07-05T00:13:00","guid":{"rendered":"https:\/\/evolutioners.net\/?page_id=606"},"modified":"2020-05-05T14:23:24","modified_gmt":"2020-05-05T14:23:24","slug":"606-2","status":"publish","type":"page","link":"https:\/\/evolutioners.net\/en\/606-2\/","title":{"rendered":"L\u00f6sungsans\u00e4tze"},"content":{"rendered":"<p>[et_pb_section fb_built=&#8221;1&#8243; _builder_version=&#8221;3.20.1&#8243;][et_pb_row custom_padding=&#8221;27px|0px|7px|0px|false|false&#8221; _builder_version=&#8221;3.20.1&#8243;][et_pb_column type=&#8221;1_2&#8243; _builder_version=&#8221;3.20.1&#8243;][et_pb_text _builder_version=&#8221;3.20.1&#8243;]<\/p>\n<h1>L\u00f6sungsans\u00e4tze<\/h1>\n<h3>f\u00fcr die aktuellen Herausforderungen<\/h3>\n<p><span>Wir wissen, dass sich das Klima &#8211; wie alles hier auf Erden &#8211; laufend ver\u00e4ndert. Wir wissen jedoch auch, dass seit der Industrialisierung und der damit exponentiell steigenden Verschmutzung durch unnat\u00fcrliche Stoffe massiv in unser sensibles \u00d6kosystem eingegriffen wird. Da alles miteinander verbunden ist und somit nichts isoliert betrachtet werden kann, gilt es bei jedem Eingriff in die Natur besonders achtsam zu sein.<\/span><\/p>\n<p>Das <strong>Gesetz von Ursache und Wirkung<\/strong> ist universell und somit sind auch wir daran gebunden. Das Sch\u00f6ne an diesem Gesetz ist; es macht alles so logisch! Und damit auch einfach. Die einzige Voraussetzung ist, dass wir uns \u00fcber das Prinzip von Ursache und Wirkung bewusst sind. Das Bewusstsein \u00fcber die Auswirkungen unserer t\u00e4glichen Entscheidungen ver\u00e4ndert den Lauf der Dinge. Denn jede Entscheidung birgt Konsequenzen. Es ist somit unsere alleinige Verantwortung, welche Wirkung wir herbeif\u00fchren wollen.<br \/><strong>Verantwortungsbewusstsein ist das Prinzip der bewussten Evolution.<\/strong><\/p>\n<p>[\/et_pb_text][\/et_pb_column][et_pb_column type=&#8221;1_2&#8243; _builder_version=&#8221;3.20.1&#8243;][et_pb_image src=&#8221;https:\/\/evolutioners.net\/wp-content\/uploads\/2019\/07\/Soziale-Herausforderungen-URSACHE-WIRKUNG.png&#8221; show_in_lightbox=&#8221;on&#8221; _builder_version=&#8221;3.20.1&#8243;][\/et_pb_image][\/et_pb_column][\/et_pb_row][et_pb_row custom_padding=&#8221;0|0px|2px|0px|false|false&#8221; _builder_version=&#8221;3.20.1&#8243;][et_pb_column type=&#8221;4_4&#8243; _builder_version=&#8221;3.20.1&#8243;][et_pb_text _builder_version=&#8221;3.20.1&#8243;]<\/p>\n<p>Wer Verantwortungs\u00fcbernahme mit Fluch verbindet, leidet sehr wahrscheinlich an einer <strong>destruktiven Bew\u00e4ltigungsstrategie kognitiver Dissonanz<\/strong>, kurz <strong>Opferbewusstsein<\/strong>. Doch kein Grund zur Sorge, f\u00fcr alles gibt es eine optimale L\u00f6sung! Die <strong>L\u00f6sung<\/strong> f\u00fcr die heutigen Herausforderungen \u2013 <strong>f\u00fcr eine nachhaltige Transformation der Menschheit<\/strong> \u2013 basiert auf <strong>Liebe und Vertrauen<\/strong>! Dies ist die tragende Basis f\u00fcr <strong>Hoffnung und Integrit\u00e4t<\/strong>.<br \/> Daraus entsteht ein solides Werte-Fundament auf dem sich das\u00a0<strong>EVOLUTIONERS NETWORK<\/strong> st\u00fctzt.<\/p>\n<p>&nbsp;<\/p>\n<p>[\/et_pb_text][\/et_pb_column][\/et_pb_row][et_pb_row custom_padding=&#8221;27px|0px|0|0px|false|false&#8221; _builder_version=&#8221;3.20.1&#8243;][et_pb_column type=&#8221;4_4&#8243; _builder_version=&#8221;3.20.1&#8243;][et_pb_image src=&#8221;https:\/\/evolutioners.net\/wp-content\/uploads\/2019\/07\/FUNDAMENT-OPTIMALWOHL.png&#8221; show_in_lightbox=&#8221;on&#8221; align=&#8221;center&#8221; _builder_version=&#8221;3.20.1&#8243;][\/et_pb_image][et_pb_text _builder_version=&#8221;3.20.1&#8243;]<\/p>\n<p>Der <strong>Dachverband ist das Netzwerk von bewussten Evolutionisten<\/strong>, welche ihr Sein und Wirken dem Optimalwohl verpflichten. Denn sie wissen, dass wir als souver\u00e4ne Menschen nicht nur Rechte, sondern auch Pflichten wahrnehmen d\u00fcrfen. Bewusste Evolutionisten verstehen <strong>den Segen im Dienen zum Wohl der gesamten Sch\u00f6pfung<\/strong>. <strong>Bewusste Evolutionisten leben Liebe, Vertrauen, Integrit\u00e4t und Hoffnung.<\/strong> Bewusste Evolutionisten erkennen daher, sobald ihre W\u00fcrde nicht mehr geachtet wird und wahren so viel <strong>Selbstliebe<\/strong>, dass sie sich gar nicht erst in kognitiven Dissonanzen verlieren. <strong>Evolutionisten bewahren ihre Werte und W\u00fcrde und ehren die W\u00fcrde von allem was sie umgibt. Evolutionisten wissen \u00fcber die Kraft des Segens integrer Entscheidungen. Evolutionisten sind im Sch\u00f6pferbewusstsein.\u00a0<br \/><\/strong><span style=\"font-size: small;\">(Wem das alles hier zu esoterisch klingt, bitte Geduld, Du wirst bald erkennen, dass viele unterschiedliche Worte zu dem selben Nenner f\u00fchren. Glaube mir, ich habe bestes Verst\u00e4ndnis, sollte Dir das zu &#8230; wie auch immer Du es nennen willst.. klingen, da ich selbst vor nicht allzu langer Zeit, auch nie geglaubt h\u00e4tte, dass ich jemals solche W\u00f6rter benutzen w\u00fcrde. Ich k\u00f6nnte nat\u00fcrlich auch von dem Prinzip der Resilienz sprechen, welches in der Psychologie gerne verwendet wird, um die psychische Widerstandsf\u00e4higkeit eines Menschen gegen\u00fcber Krisen zu beschreiben. Doch ich denke, wenn wir erst mal die psychologischen Mechanismen der kognitiven Dissonanz verinnerlicht haben, haben wir bereits sehr viel erreicht. Opfer- versus Sch\u00f6pferbewusstsein ist f\u00fcr viele denke ich einfacher erfassbar als Resilienz. )<\/span><\/p>\n<p style=\"text-align: center;\">VORSICHT!<br \/> Bewusste Evolutionisten sind auch GUTMENSCHEN!<br \/> An alle Kritiker, Skeptiker, Zyniker und Ketzer \u2013 nehmt euch in Acht vor Gutmenschen, denn sie ver\u00e4ndern alles, was ihr noch gar nicht zu Glauben wagt. Sie r\u00fctteln und sch\u00fctteln euch eure Komfortzone ungem\u00fctlich. Sie reissen euch aus dem Fernseh-Schlaf zur\u00fcck in den jetzigen Moment. Sie erinnern euch, dass alleine dieser Moment das Gesicht der Welt ver\u00e4ndert. Sie erinnern euch, dass unsere Evolution auch Deine Entscheidung ist. Sie erinnern euch, dass es vielleicht kein Zufall ist, dass ihr nun diese Zeilen liest. Und wahrhaft bewusste Evolutionisten erkennt ihr daran, dass sie mit offenem Herzen vor euch stehen und euch die Hand reichen, sobald ihr euch entscheidet, ebenfalls Teil der L\u00f6sung zu werden!<br \/>Ihr wisst nun, dass unsere Evolution auch von eurer Entscheidung abh\u00e4ngig ist!<\/p>\n<p>&nbsp;<\/p>\n<p>[\/et_pb_text][\/et_pb_column][\/et_pb_row][et_pb_row custom_padding=&#8221;27px|0px|1px|0px|false|false&#8221; _builder_version=&#8221;3.20.1&#8243;][et_pb_column type=&#8221;4_4&#8243; _builder_version=&#8221;3.20.1&#8243;][et_pb_text _builder_version=&#8221;3.20.1&#8243;]<\/p>\n<h2 style=\"text-align: center;\">Vom Opferbewusstsein zum Sch\u00f6pferbewusstsein<\/h2>\n<h3 style=\"text-align: center;\">oder von der Symptombek\u00e4mpfung zur Ursachenerkennung &amp; Wirkungsoptimierung<\/h3>\n<p>[\/et_pb_text][\/et_pb_column][\/et_pb_row][et_pb_row custom_padding=&#8221;27px|0px|27px|0px|false|false&#8221; _builder_version=&#8221;3.20.1&#8243;][et_pb_column type=&#8221;1_2&#8243; _builder_version=&#8221;3.20.1&#8243;][et_pb_image src=&#8221;https:\/\/evolutioners.net\/wp-content\/uploads\/2019\/07\/Soziale-Herausforderungen-Teufelskreis-PNG-1.png&#8221; show_in_lightbox=&#8221;on&#8221; _builder_version=&#8221;3.20.1&#8243;][\/et_pb_image][et_pb_text _builder_version=&#8221;3.20.1&#8243;]<\/p>\n<h4 style=\"text-align: center;\">Ausgangslage IST-Zustand<\/h4>\n<p>[\/et_pb_text][et_pb_text _builder_version=&#8221;3.20.1&#8243;]<\/p>\n<p>Wir wissen, dass sich das Klima &#8211; wie alles hier auf Erden &#8211; laufend ver\u00e4ndert. Wir wissen jedoch auch, dass seit der Industrialisierung und der damit exponentiell steigenden Verschmutzung durch unnat\u00fcrliche Stoffe, massiv in unser sensibles \u00d6kosystem eingegriffen wird. Da alles miteinander verbunden ist, und somit nichts isoliert betrachtet werden kann, gilt es bei jedem Eingriff in die Natur besonders achtsam zu sein.<br \/>Sind wir das nicht, reagiert unsere Erde auch dementsprechend. Dies f\u00fchrt zu einer Beschleunigung der Klimaver\u00e4nderung. Hiermit sind wir bei der aktuellen Haupt-Herausforderung angelangt.<\/p>\n<p>Das Gute hierbei ist, dass durch das zunehmende Bewusstsein \u00fcber die beschleunigten klimatischen Ver\u00e4nderungen, ebenfalls das Bewusstsein der Verbundenheit zunimmt. Denn in einem Punkt sitzen wir alle im selben Boot. Egal auf welchem Landesteil wir leben, wir leben alle auf dem selben Planeten. Das ist ein gemeinsamer Fakt &#8211; ein gemeinsamer Nenner, der uns alle verbindet. Sch\u00f6n nicht wahr?<\/p>\n<p>Leider f\u00fchrt das Erkennen der Herausforderungen, mit denen wir nun konfrontiert sind, im Opferbewusstsein auch durch einen Teufelskreis, wie ich <a href=\"https:\/\/evolutioners.net\/ausgangslage-soziale-herausforderungen\/\">hier<\/a><span> bereits n\u00e4her ausf\u00fchrte.<br \/><\/span>Doch wie zuvor erw\u00e4hnt, lautet die L\u00f6sung hierf\u00fcr Sch\u00f6pferbewusstsein!<\/p>\n<p>[\/et_pb_text][\/et_pb_column][et_pb_column type=&#8221;1_2&#8243; _builder_version=&#8221;3.20.1&#8243;][et_pb_image src=&#8221;https:\/\/evolutioners.net\/wp-content\/uploads\/2019\/07\/L\u00d6SUNG-Soziale-Herausforderungen-OPTIMAL-PORTAL-PNG-2.png&#8221; show_in_lightbox=&#8221;on&#8221; _builder_version=&#8221;3.20.1&#8243;][\/et_pb_image][et_pb_text _builder_version=&#8221;3.20.1&#8243;]<\/p>\n<h4 class=\"et_pb_module_header et-fb-editable-element et-fb-editable-element et-fb-editable-element__editing\" data-shortcode-id=\"0.4.0.0-1562271734227\" data-quickaccess-id=\"header\" contenteditable=\"true\" style=\"text-align: center;\">Vision Zukunft SOLL-Zustand<\/h4>\n<p>[\/et_pb_text][et_pb_text _builder_version=&#8221;3.20.1&#8243;]<\/p>\n<p>Eine schlaue L\u00f6sung setzt da ein, bevor das Problem entsteht. So auch das Optimal-Portal. Dieses biete eine klar verst\u00e4ndliche, \u00fcbersichtliche und vor allem vertrauensvolle Entscheidungshilfe, um der \u00fcberfordernden und teils auch irref\u00fchrenden Informationsflut entgegen zu wirken.<br \/><strong><\/strong><\/p>\n<p><strong>Ziel<\/strong> ist, dass durch einfache Entscheidungen, die Tendenz zu kognitiven Dissonanzen, also gedanklichen Konflikten zwischen Wissen und Wollen, sinkt. Dies f\u00f6rdert die kollektive Integrit\u00e4t. Treffen Menschen integere Entscheidungen, stabilisiert sich auch unser Klima nachhaltig. Das Vertrauen darin, f\u00f6rdert unsere Hoffnung. Die Hoffnung, dass wir eine Zukunft kreieren k\u00f6nnen, wenn wir uns als Menschheit wieder vereint f\u00fcr das Optimalwohl stark machen. Fakt ist, es ist m\u00f6glich. Fakt ist, jeder Mensch mit Herz, sehnt sich in Wahrheit &#8211; nach einer Zukunft, in der die W\u00fcrde von Mensch, Tier und Natur wieder geachtet wird und wir wieder in Harmonie und Frieden miteinander leben k\u00f6nnen.<\/p>\n<p>Ergebnis hiervon ist; dass es uns in Zukunft schwer fallen wird, unseren Nachkommen (nach der Transformationsphase) \u00a0zu erkl\u00e4ren, warum wir \u00fcberhaupt ein Optimal-Portal gebraucht haben. Denn ernsthaft, alles was nicht optimal ist, macht schlicht keinen Sinn. Und alles was keinen Sinn macht, ist daher nicht mehr wirklich Daseinsberechtigt. Hand aufs Herz, wir wissen, es wird so kommen. Also los, lass uns anfangen, denn wof\u00fcr noch warten?<\/p>\n<p>Sinnlose Arbeitspl\u00e4tze sichern brauchen wir auch nicht mehr, denn glaubt mir, es gibt genug zu tun f\u00fcr alle. F\u00fcr ein Co-Projekt dieser Gr\u00f6ssenordnung braucht es n\u00e4mlich nicht weniger als von allem alles, nur eben in optimal, BITTE!\u00a0<\/p>\n<p>[\/et_pb_text][\/et_pb_column][\/et_pb_row][et_pb_row _builder_version=&#8221;3.20.1&#8243;][et_pb_column type=&#8221;1_2&#8243; _builder_version=&#8221;3.20.1&#8243;][et_pb_text _builder_version=&#8221;3.20.1&#8243;]<\/p>\n<h3>Ich fasse zusammen:<\/h3>\n<p>Alles ist eine Frage der Entscheidung. Wir entscheiden t\u00e4glich worauf wir unseren Fokus richten. Fokus kreiert Realit\u00e4t. Realit\u00e4t besteht aus fokussierter Energie. Unsere Energie ist dort, wo wir unseren Fokus drauf legen. Daher ist es essentiell, dass wir unseren Fokus auf L\u00f6sungen statt Probleme richten. Klar soweit? Okay, wunderbar! Entscheidest Du Dich nun auch daf\u00fcr endlich Geschichte zu schreiben, auf die wir in Zukunft noch stolz sein k\u00f6nnen? Sensationell!<br \/><strong>Herzlich willkommen im Club der Evolutions-Booster!<\/strong><\/p>\n<p>&nbsp;<\/p>\n<p>[\/et_pb_text][\/et_pb_column][et_pb_column type=&#8221;1_2&#8243; _builder_version=&#8221;3.20.1&#8243;][et_pb_cta title=&#8221;Bist Du ein Evolutioner?&#8221; button_url=&#8221;https:\/\/evolutioners.net\/dabei-sein\/&#8221; button_text=&#8221;Willst Du es herausfinden?&#8221; _builder_version=&#8221;3.20.1&#8243;]<\/p>\n<p>Lass es uns herausfinden und zeig uns wer Du bist. Wir freuen uns auf Dich und sind gespannt auf Dein Sein und Wirken!<\/p>\n<p>[\/et_pb_cta][\/et_pb_column][\/et_pb_row][et_pb_row _builder_version=&#8221;3.20.1&#8243;][et_pb_column type=&#8221;4_4&#8243; _builder_version=&#8221;3.20.1&#8243;][et_pb_text _builder_version=&#8221;3.20.1&#8243;]<\/p>\n<h3>Hast Du noch Fragen?<\/h3>\n<p>Wunderbar, Fragen sind super, sie bringen uns der optimalsten L\u00f6sung immer ein St\u00fcck n\u00e4her. Wenn Du gerne noch etwas tiefer in unser Verst\u00e4ndnis eintauchen m\u00f6chtest, dann klick Dich durch unsere Philosophie. Hier findest Du auch unser Basisverst\u00e4ndnis.<\/p>\n<p>Wir sind offen und interessiert an Deiner ehrlichen Meinung. Wir freuen uns \u00fcber jedes hilfreiche Feedback, interessante Inputs und nat\u00fcrlich \u00fcber Kritik, denn nur so k\u00f6nnen wir uns stetig optimieren. <br \/>Herzlichen Dank bereits im Voraus!<\/p>\n<p>[\/et_pb_text][\/et_pb_column][\/et_pb_row][\/et_pb_section]<\/p>\n","protected":false},"excerpt":{"rendered":"<p>L\u00f6sungsans\u00e4tze f\u00fcr die aktuellen Herausforderungen Wir wissen, dass sich das Klima &#8211; wie alles hier auf Erden &#8211; laufend ver\u00e4ndert. Wir wissen jedoch auch, dass seit der Industrialisierung und der damit exponentiell steigenden Verschmutzung durch unnat\u00fcrliche Stoffe massiv in unser sensibles \u00d6kosystem eingegriffen wird. Da alles miteinander verbunden ist und somit nichts isoliert betrachtet werden [&hellip;]<\/p>\n","protected":false},"author":2,"featured_media":0,"parent":0,"menu_order":0,"comment_status":"closed","ping_status":"closed","template":"","meta":{"_et_pb_use_builder":"on","_et_pb_old_content":"","_et_gb_content_width":"","footnotes":""},"class_list":["post-606","page","type-page","status-publish","hentry"],"translation":{"provider":"WPGlobus","version":"3.0.0","language":"en","enabled_languages":["de","en"],"languages":{"de":{"title":true,"content":true,"excerpt":false},"en":{"title":false,"content":false,"excerpt":false}}},"yoast_head":"<!-- This site is optimized with the Yoast SEO plugin v25.4 - https:\/\/yoast.com\/wordpress\/plugins\/seo\/ -->\n<title>L\u00f6sungsans\u00e4tze - EVOLUTIONERS<\/title>\n<meta name=\"robots\" content=\"noindex, follow, max-snippet:-1, max-image-preview:large, max-video-preview:-1\" \/>\n<meta property=\"og:locale\" content=\"en_US\" \/>\n<meta property=\"og:type\" content=\"article\" \/>\n<meta property=\"og:title\" content=\"L\u00f6sungsans\u00e4tze - EVOLUTIONERS\" \/>\n<meta property=\"og:url\" content=\"https:\/\/evolutioners.net\/606-2\/\" \/>\n<meta property=\"og:site_name\" content=\"EVOLUTIONERS\" \/>\n<meta property=\"article:modified_time\" content=\"2020-05-05T14:23:24+00:00\" \/>\n<meta name=\"twitter:card\" content=\"summary_large_image\" \/>\n<meta name=\"twitter:label1\" content=\"Est. reading time\" \/>\n\t<meta name=\"twitter:data1\" content=\"8 minutes\" \/>\n<script type=\"application\/ld+json\" class=\"yoast-schema-graph\">{\"@context\":\"https:\/\/schema.org\",\"@graph\":[{\"@type\":\"WebPage\",\"@id\":\"https:\/\/evolutioners.net\/606-2\/\",\"url\":\"https:\/\/evolutioners.net\/606-2\/\",\"name\":\"L\u00f6sungsans\u00e4tze - EVOLUTIONERS\",\"isPartOf\":{\"@id\":\"https:\/\/evolutioners.net\/#website\"},\"datePublished\":\"2019-07-05T00:13:00+00:00\",\"dateModified\":\"2020-05-05T14:23:24+00:00\",\"breadcrumb\":{\"@id\":\"https:\/\/evolutioners.net\/606-2\/#breadcrumb\"},\"inLanguage\":\"en-US\",\"potentialAction\":[{\"@type\":\"ReadAction\",\"target\":[\"https:\/\/evolutioners.net\/606-2\/\"]}]},{\"@type\":\"BreadcrumbList\",\"@id\":\"https:\/\/evolutioners.net\/606-2\/#breadcrumb\",\"itemListElement\":[{\"@type\":\"ListItem\",\"position\":1,\"name\":\"Startseite\",\"item\":\"https:\/\/evolutioners.net\/\"},{\"@type\":\"ListItem\",\"position\":2,\"name\":\"L\u00f6sungsans\u00e4tze\"}]},{\"@type\":\"WebSite\",\"@id\":\"https:\/\/evolutioners.net\/#website\",\"url\":\"https:\/\/evolutioners.net\/\",\"name\":\"EVOLUTIONERS\",\"description\":\"EVOLUTIONERS ist ein Meta-Projekt f\u00fcr ganzheitliche globale Friedensf\u00f6rderung und Bewusstseinsentwicklung. Wir wollen Frieden wahrhaftig machbar machen, indem wir Optimalwohl f\u00f6rdernde Initiativen verbinden, zukunftsf\u00e4hige L\u00f6sungen sichtbar machen, Meta-Austausch f\u00f6rdern, Synergien nutzen &amp; den Ressourcengebrauch optimieren. Kurz: SINNstiften.\",\"potentialAction\":[{\"@type\":\"SearchAction\",\"target\":{\"@type\":\"EntryPoint\",\"urlTemplate\":\"https:\/\/evolutioners.net\/?s={search_term_string}\"},\"query-input\":{\"@type\":\"PropertyValueSpecification\",\"valueRequired\":true,\"valueName\":\"search_term_string\"}}],\"inLanguage\":\"en-US\"}]}<\/script>\n<!-- \/ Yoast SEO plugin. -->","yoast_head_json":{"title":"L\u00f6sungsans\u00e4tze - EVOLUTIONERS","robots":{"index":"noindex","follow":"follow","max-snippet":"max-snippet:-1","max-image-preview":"max-image-preview:large","max-video-preview":"max-video-preview:-1"},"og_locale":"en_US","og_type":"article","og_title":"L\u00f6sungsans\u00e4tze - EVOLUTIONERS","og_url":"https:\/\/evolutioners.net\/606-2\/","og_site_name":"EVOLUTIONERS","article_modified_time":"2020-05-05T14:23:24+00:00","twitter_card":"summary_large_image","twitter_misc":{"Est. reading time":"8 minutes"},"schema":{"@context":"https:\/\/schema.org","@graph":[{"@type":"WebPage","@id":"https:\/\/evolutioners.net\/606-2\/","url":"https:\/\/evolutioners.net\/606-2\/","name":"L\u00f6sungsans\u00e4tze - EVOLUTIONERS","isPartOf":{"@id":"https:\/\/evolutioners.net\/#website"},"datePublished":"2019-07-05T00:13:00+00:00","dateModified":"2020-05-05T14:23:24+00:00","breadcrumb":{"@id":"https:\/\/evolutioners.net\/606-2\/#breadcrumb"},"inLanguage":"en-US","potentialAction":[{"@type":"ReadAction","target":["https:\/\/evolutioners.net\/606-2\/"]}]},{"@type":"BreadcrumbList","@id":"https:\/\/evolutioners.net\/606-2\/#breadcrumb","itemListElement":[{"@type":"ListItem","position":1,"name":"Startseite","item":"https:\/\/evolutioners.net\/"},{"@type":"ListItem","position":2,"name":"L\u00f6sungsans\u00e4tze"}]},{"@type":"WebSite","@id":"https:\/\/evolutioners.net\/#website","url":"https:\/\/evolutioners.net\/","name":"EVOLUTIONERS","description":"EVOLUTIONERS ist ein Meta-Projekt f\u00fcr ganzheitliche globale Friedensf\u00f6rderung und Bewusstseinsentwicklung. Wir wollen Frieden wahrhaftig machbar machen, indem wir Optimalwohl f\u00f6rdernde Initiativen verbinden, zukunftsf\u00e4hige L\u00f6sungen sichtbar machen, Meta-Austausch f\u00f6rdern, Synergien nutzen &amp; den Ressourcengebrauch optimieren. Kurz: SINNstiften.","potentialAction":[{"@type":"SearchAction","target":{"@type":"EntryPoint","urlTemplate":"https:\/\/evolutioners.net\/?s={search_term_string}"},"query-input":{"@type":"PropertyValueSpecification","valueRequired":true,"valueName":"search_term_string"}}],"inLanguage":"en-US"}]}},"_links":{"self":[{"href":"https:\/\/evolutioners.net\/en\/wp-json\/wp\/v2\/pages\/606","targetHints":{"allow":["GET"]}}],"collection":[{"href":"https:\/\/evolutioners.net\/en\/wp-json\/wp\/v2\/pages"}],"about":[{"href":"https:\/\/evolutioners.net\/en\/wp-json\/wp\/v2\/types\/page"}],"author":[{"embeddable":true,"href":"https:\/\/evolutioners.net\/en\/wp-json\/wp\/v2\/users\/2"}],"replies":[{"embeddable":true,"href":"https:\/\/evolutioners.net\/en\/wp-json\/wp\/v2\/comments?post=606"}],"version-history":[{"count":15,"href":"https:\/\/evolutioners.net\/en\/wp-json\/wp\/v2\/pages\/606\/revisions"}],"predecessor-version":[{"id":925,"href":"https:\/\/evolutioners.net\/en\/wp-json\/wp\/v2\/pages\/606\/revisions\/925"}],"wp:attachment":[{"href":"https:\/\/evolutioners.net\/en\/wp-json\/wp\/v2\/media?parent=606"}],"curies":[{"name":"wp","href":"https:\/\/api.w.org\/{rel}","templated":true}]}}