{"id":736,"date":"2019-08-01T00:02:05","date_gmt":"2019-08-01T00:02:05","guid":{"rendered":"https:\/\/evolutioners.net\/?page_id=736"},"modified":"2019-08-10T01:25:10","modified_gmt":"2019-08-10T01:25:10","slug":"experiment-km","status":"publish","type":"page","link":"https:\/\/evolutioners.net\/en\/experiment-km\/","title":{"rendered":"Experiment KM"},"content":{"rendered":"<p>[et_pb_section fb_built=&#8221;1&#8243; _builder_version=&#8221;3.20.1&#8243;][et_pb_row custom_padding=&#8221;0|0px|27px|0px|false|false&#8221; _builder_version=&#8221;3.20.1&#8243;][et_pb_column type=&#8221;4_4&#8243; _builder_version=&#8221;3.20.1&#8243;][et_pb_text _builder_version=&#8221;3.20.1&#8243;]<\/p>\n<h1 style=\"text-align: center;\">Experiment KM<br \/> &#8220;KRITISCHE MASSE&#8221;<\/h1>\n<h2 style=\"text-align: center;\">Haben wir die kritische Masse wirklich bereits erreicht?<\/h2>\n<h4 style=\"text-align: center;\"><span><\/span><\/h4>\n<h4 style=\"text-align: center;\"><span><\/span><\/h4>\n<p>Wie vielleicht schon aufgefallen ist, hadere ich damit, diese Vision als \u201emeine Vision\u201c zu bezeichnen, weil ich sp\u00fcre, dass diese<span>\u00a0<\/span><strong>Vision<\/strong><span>\u00a0<\/span>die Manifestation des derzeitigen Zeitgeistes ist.<br \/>Es ist somit<span>\u00a0<\/span><strong>die Vision der \u201e<a href=\"https:\/\/de.wikipedia.org\/wiki\/Kritische_Masse_%28Spieltheorie%29\">kritischen Masse<\/a>\u201c, welche wir nun erreicht haben.<\/strong><\/p>\n<h1><strong><\/strong><\/h1>\n<p>Puuh..Dies ist eine gewagte These, daher m\u00f6chte ich hiermit mal mutig sein und das<span>\u00a0<\/span><strong>Experiment<\/strong><span>\u00a0<\/span>starten, diese These empirisch zu fundieren. Der aktuelle Stand der kritischen Masse zu bemessen ist schwierig. Wir k\u00f6nnen h\u00f6chstens die Auswirkungen derer sehen. Diese zeigen sich jedoch sehr vielf\u00e4ltig. Wie vielf\u00e4ltig die kritische Masse bereits am Wirken ist, wird beispielsweise auch durch die 17, bzw. 169<span>\u00a0<\/span><a href=\"https:\/\/www.eda.admin.ch\/post2015\/de\/home\/agenda-2030\/die-17-ziele-fuer-eine-nachhaltige-entwicklung.html\">SDGs<\/a><span>\u00a0<\/span>(sustainable development goals : nachhaltige Entwicklungs-Ziele) der Agenda 2030 ersichtlich.<\/p>\n<p>Wenn \u2013 und das hoffe ich ganz fest (!)\u00a0wir bis 2030 die Umsetzung aller 169 UN-Nachhaltigkeits-Ziele erreichen, ist das klar ein JA! Und ein riesiges JUHUUIII auf uns! =D<\/p>\n<h3 style=\"text-align: center;\"><span style=\"font-size: x-large;\"><strong><span style=\"color: #edd100;\">Wir \u2013 die kritische Masse \u2013 welche die ganze Erde zum strahlen bringt!<\/span><\/strong><\/span><\/h3>\n<p>Ich sehe das EVOLUTIONERS NETWORK als die m\u00f6gliche Plattform, wo sich<span>\u00a0<\/span><strong>EVOLUTIONERS aka DIE KRITISCHE MASSE\u00a0<\/strong>pr\u00e4sentieren und synergetisch agieren k\u00f6nnen.<\/p>\n<h4 style=\"text-align: center;\">EVOLUTIONERS NETWORK<span><strong>\u00a0ist die Puzzel-Box, welche das Bild der Zukunft zeigt.<\/strong><\/span><\/h4>\n<p><span>Eine erstrebenswerte Zukunft in der ein w\u00fcrdevolles Leben f\u00fcr alle und alles m\u00f6glich wird.\u00a0<\/span>Ich habe das Gef\u00fchl, dass viele der daf\u00fcr erforderlichen Puzzel Teile bereits existieren. Es ist nun Zeit, sie synergetisch miteinander zu verbinden.<br \/>Denn wie dies Aristoteles schon erkannte, ist das Ganze stets mehr als die Summe seiner Teile. Daher meine Frage an Dich:<\/p>\n<h4 style=\"text-align: center;\"><span><em>Wie k\u00f6nnen wir andere Initiativen motivieren, sich als Teil der L\u00f6sung im EVOLUTIONERS NETWORK (Dachverband) zu verbinden<br \/> und ihren Beitrag zum grossen Bild der Zukunft zu leisten?<\/em><\/span><\/h4>\n<p><span>Ich freue mich bereits, mich mit Dir pers\u00f6nlich austauschen zu d\u00fcrfen und bin gespannt auf Deine Inputs.<br \/> Eine Frage stellt sich mir zwar noch viel mehr:\u00a0<\/span><span>\u00a0<\/span><\/p>\n<h1 style=\"text-align: center;\"><span style=\"color: #ea09d7;\">Schaffen wir es gemeinsam bis 2030<br \/><strong>10% der Weltbev\u00f6lkerung als aktive<\/strong> EVOLUTIONERS<br \/><\/span><span style=\"color: #ea09d7;\"> in unserem Netzwerk vertreten zu sehen?<\/span><\/h1>\n<h4 style=\"text-align: center;\"><span>Rechnen wir mal mit rund 8 Milliarden Menschen, das w\u00e4ren dann 800\u2018000\u2018000.<br \/> <span style=\"color: #8300e9;\">YES WE CAN, BECAUSE YES WE ARE!<\/span><\/span><\/h4>\n<p>&nbsp;<\/p>\n<h4 style=\"text-align: center;\"><span>Der Druck ist gross, die Zeit ist reif.<\/span><br \/> <span>Wir k\u00f6nnen es schaffen, wenn wir wirklich zeigen, dass wir es wollen!<\/span><\/h4>\n<p>[\/et_pb_text][\/et_pb_column][\/et_pb_row][et_pb_row _builder_version=&#8221;3.20.1&#8243;][et_pb_column type=&#8221;4_4&#8243; _builder_version=&#8221;3.20.1&#8243;][et_pb_image src=&#8221;https:\/\/evolutioners.net\/wp-content\/uploads\/2019\/06\/alles-ist-m\u00f6glich.jpg&#8221; show_in_lightbox=&#8221;on&#8221; align=&#8221;center&#8221; _builder_version=&#8221;3.20.1&#8243; border_radii=&#8221;on|9px|9px|9px|9px&#8221; box_shadow_style=&#8221;preset1&#8243;][\/et_pb_image][\/et_pb_column][\/et_pb_row][et_pb_row _builder_version=&#8221;3.20.1&#8243;][et_pb_column type=&#8221;4_4&#8243; _builder_version=&#8221;3.20.1&#8243;][et_pb_text _builder_version=&#8221;3.20.1&#8243;]<\/p>\n<h1 style=\"text-align: center;\"><span><strong>Der Wandel ist gewiss, da notwendig, weil logisch,<\/strong><\/span><br \/><span><strong>da sinnvoll und er geschieht JETZT!<\/strong><\/span><\/h1>\n<h1 style=\"text-align: center;\"><span><strong><\/strong><\/span><\/h1>\n<h1 style=\"text-align: center;\">Es wird Zeit, dass wir EVOLUTIONERS uns zur kritischen Masse bekennen und dadurch zeigen, wie viele schon m\u00e4chtig am funkeln sind.<\/h1>\n<p>&nbsp;<\/p>\n<p>&nbsp;<\/p>\n<h1 style=\"text-align: center;\"><span style=\"color: #e09900;\">Lasst uns gemeinsam unsere Welten verbinden und<\/span><br \/><span style=\"color: #e09900;\">die Erde zum erstrahlen bringen!<\/span><\/h1>\n<p>[\/et_pb_text][\/et_pb_column][\/et_pb_row][et_pb_row _builder_version=&#8221;3.20.1&#8243;][et_pb_column type=&#8221;3_5&#8243; _builder_version=&#8221;3.20.1&#8243;][et_pb_blurb title=&#8221;Paintbrush Warrior by Mark Henson&#8221; url_new_window=&#8221;on&#8221; image=&#8221;https:\/\/evolutioners.net\/wp-content\/uploads\/2019\/06\/Paintbrush-Warrior-ipp.jpg&#8221; _builder_version=&#8221;3.20.1&#8243; border_radii_image=&#8221;on|9px|9px|9px|9px&#8221; box_shadow_style_image=&#8221;preset1&#8243;]<\/p>\n<p>Wenn auch Du diese Welt zum strahlen bringst und Dich F\u00dcR DAS LEBEN IN W\u00dcRDE ENTSCHEIDEST, dann bist Du definitiv ein funkelnder Teil der &#8220;kritischen Massen&#8221;.<\/p>\n<p>Zeit das Deine Strahlen die dunkelsten Ecken erleuchten.<\/p>\n<p>[\/et_pb_blurb][\/et_pb_column][et_pb_column type=&#8221;2_5&#8243; _builder_version=&#8221;3.20.1&#8243;][et_pb_blurb title=&#8221;Ich bin Teil der L\u00f6sung&#8221; image=&#8221;https:\/\/evolutioners.net\/wp-content\/uploads\/2019\/08\/1920610_278439148978968_419551388_n.jpg&#8221; content_max_width=&#8221;612px&#8221; content_max_width_last_edited=&#8221;off|desktop&#8221; _builder_version=&#8221;3.20.1&#8243; border_radii_image=&#8221;on|9px|9px|9px|9px&#8221; box_shadow_style_image=&#8221;preset1&#8243; custom_padding=&#8221;||0px&#8221;]<\/p>\n<p>Was kann ich alleine schon \u00e4ndern &#8211; fragte sich die halbe Menschheit&#8230;<\/p>\n<p>Wir sind mehr als wir glauben &#8211; viel mehr!<br \/> Und wir sind m\u00e4chtig &#8211; m\u00e4chtig leise!<\/p>\n<p>[\/et_pb_blurb][\/et_pb_column][\/et_pb_row][et_pb_row _builder_version=&#8221;3.20.1&#8243;][et_pb_column type=&#8221;4_4&#8243; _builder_version=&#8221;3.20.1&#8243;][et_pb_cta title=&#8221;Ich bin Teil der L\u00f6sung &#8211; Ich bin die KM!&#8221; button_url=&#8221;https:\/\/evolutioners.net\/dabei-sein\/&#8221; url_new_window=&#8221;on&#8221; button_text=&#8221;und ich stehe dazu!&#8221; _builder_version=&#8221;3.20.1&#8243;]<\/p>\n<p>Lass uns zusammen stehen &#8211; den gemeinsam sind wir m\u00e4chtiger!<br \/>Zusammenstehen f\u00fcr das, was sich wirklich lohnt!\u00a0<br \/>DEFEND THE SACRED<br \/>Diese Gemeinschaft an bewussten Menschen will Dir hierf\u00fcr ein Gef\u00e4ss bieten.<\/p>\n<p>Wisse aber, wir sind anders.<br \/> Wir m\u00fcssen nicht laut werden. Nur wer gegen die Wahrheit k\u00e4mpft muss laut werden.<br \/> Wir k\u00f6nnen leise m\u00e4chtig sein, leise aber entschieden!<\/p>\n<p>Mach mit, ich hab viele Ideen, lass sie mich mit Dir teilen<\/p>\n<p>[\/et_pb_cta][et_pb_text _builder_version=&#8221;3.20.1&#8243;]<\/p>\n<h4 style=\"text-align: center;\"><em><\/em><\/h4>\n<h4 style=\"text-align: center;\"><em>Das Geheimnis zur Ver\u00e4nderung liegt nicht darin, all unsere Energie auf den Kampf gegen das Alte zu richten,\u00a0<\/em><em>sondern sie auf das Kreieren des Neuen zu fokussieren.\u00a0<\/em><br \/><em>~Dan Millman~<\/em><\/h4>\n<p>[\/et_pb_text][\/et_pb_column][\/et_pb_row][\/et_pb_section]<\/p>\n","protected":false},"excerpt":{"rendered":"<p>Experiment KM &#8220;KRITISCHE MASSE&#8221; Haben wir die kritische Masse wirklich bereits erreicht? Wie vielleicht schon aufgefallen ist, hadere ich damit, diese Vision als \u201emeine Vision\u201c zu bezeichnen, weil ich sp\u00fcre, dass diese\u00a0Vision\u00a0die Manifestation des derzeitigen Zeitgeistes ist.Es ist somit\u00a0die Vision der \u201ekritischen Masse\u201c, welche wir nun erreicht haben. Puuh..Dies ist eine gewagte These, daher m\u00f6chte [&hellip;]<\/p>\n","protected":false},"author":2,"featured_media":0,"parent":0,"menu_order":0,"comment_status":"closed","ping_status":"closed","template":"","meta":{"_et_pb_use_builder":"on","_et_pb_old_content":"","_et_gb_content_width":"","footnotes":""},"class_list":["post-736","page","type-page","status-publish","hentry"],"translation":{"provider":"WPGlobus","version":"3.0.0","language":"en","enabled_languages":["de","en"],"languages":{"de":{"title":true,"content":true,"excerpt":false},"en":{"title":false,"content":false,"excerpt":false}}},"yoast_head":"<!-- This site is optimized with the Yoast SEO plugin v25.4 - https:\/\/yoast.com\/wordpress\/plugins\/seo\/ -->\n<title>Experiment KM - EVOLUTIONERS<\/title>\n<meta name=\"robots\" content=\"noindex, follow, max-snippet:-1, max-image-preview:large, max-video-preview:-1\" \/>\n<meta property=\"og:locale\" content=\"en_US\" \/>\n<meta property=\"og:type\" content=\"article\" \/>\n<meta property=\"og:title\" content=\"Experiment KM - EVOLUTIONERS\" \/>\n<meta property=\"og:url\" content=\"https:\/\/evolutioners.net\/experiment-km\/\" \/>\n<meta property=\"og:site_name\" content=\"EVOLUTIONERS\" \/>\n<meta property=\"article:modified_time\" content=\"2019-08-10T01:25:10+00:00\" \/>\n<meta name=\"twitter:card\" content=\"summary_large_image\" \/>\n<meta name=\"twitter:label1\" content=\"Est. reading time\" \/>\n\t<meta name=\"twitter:data1\" content=\"4 minutes\" \/>\n<script type=\"application\/ld+json\" class=\"yoast-schema-graph\">{\"@context\":\"https:\/\/schema.org\",\"@graph\":[{\"@type\":\"WebPage\",\"@id\":\"https:\/\/evolutioners.net\/experiment-km\/\",\"url\":\"https:\/\/evolutioners.net\/experiment-km\/\",\"name\":\"Experiment KM - EVOLUTIONERS\",\"isPartOf\":{\"@id\":\"https:\/\/evolutioners.net\/#website\"},\"datePublished\":\"2019-08-01T00:02:05+00:00\",\"dateModified\":\"2019-08-10T01:25:10+00:00\",\"breadcrumb\":{\"@id\":\"https:\/\/evolutioners.net\/experiment-km\/#breadcrumb\"},\"inLanguage\":\"en-US\",\"potentialAction\":[{\"@type\":\"ReadAction\",\"target\":[\"https:\/\/evolutioners.net\/experiment-km\/\"]}]},{\"@type\":\"BreadcrumbList\",\"@id\":\"https:\/\/evolutioners.net\/experiment-km\/#breadcrumb\",\"itemListElement\":[{\"@type\":\"ListItem\",\"position\":1,\"name\":\"Startseite\",\"item\":\"https:\/\/evolutioners.net\/\"},{\"@type\":\"ListItem\",\"position\":2,\"name\":\"Experiment KM\"}]},{\"@type\":\"WebSite\",\"@id\":\"https:\/\/evolutioners.net\/#website\",\"url\":\"https:\/\/evolutioners.net\/\",\"name\":\"EVOLUTIONERS\",\"description\":\"EVOLUTIONERS ist ein Meta-Projekt f\u00fcr ganzheitliche globale Friedensf\u00f6rderung und Bewusstseinsentwicklung. Wir wollen Frieden wahrhaftig machbar machen, indem wir Optimalwohl f\u00f6rdernde Initiativen verbinden, zukunftsf\u00e4hige L\u00f6sungen sichtbar machen, Meta-Austausch f\u00f6rdern, Synergien nutzen &amp; den Ressourcengebrauch optimieren. Kurz: SINNstiften.\",\"potentialAction\":[{\"@type\":\"SearchAction\",\"target\":{\"@type\":\"EntryPoint\",\"urlTemplate\":\"https:\/\/evolutioners.net\/?s={search_term_string}\"},\"query-input\":{\"@type\":\"PropertyValueSpecification\",\"valueRequired\":true,\"valueName\":\"search_term_string\"}}],\"inLanguage\":\"en-US\"}]}<\/script>\n<!-- \/ Yoast SEO plugin. -->","yoast_head_json":{"title":"Experiment KM - EVOLUTIONERS","robots":{"index":"noindex","follow":"follow","max-snippet":"max-snippet:-1","max-image-preview":"max-image-preview:large","max-video-preview":"max-video-preview:-1"},"og_locale":"en_US","og_type":"article","og_title":"Experiment KM - EVOLUTIONERS","og_url":"https:\/\/evolutioners.net\/experiment-km\/","og_site_name":"EVOLUTIONERS","article_modified_time":"2019-08-10T01:25:10+00:00","twitter_card":"summary_large_image","twitter_misc":{"Est. reading time":"4 minutes"},"schema":{"@context":"https:\/\/schema.org","@graph":[{"@type":"WebPage","@id":"https:\/\/evolutioners.net\/experiment-km\/","url":"https:\/\/evolutioners.net\/experiment-km\/","name":"Experiment KM - EVOLUTIONERS","isPartOf":{"@id":"https:\/\/evolutioners.net\/#website"},"datePublished":"2019-08-01T00:02:05+00:00","dateModified":"2019-08-10T01:25:10+00:00","breadcrumb":{"@id":"https:\/\/evolutioners.net\/experiment-km\/#breadcrumb"},"inLanguage":"en-US","potentialAction":[{"@type":"ReadAction","target":["https:\/\/evolutioners.net\/experiment-km\/"]}]},{"@type":"BreadcrumbList","@id":"https:\/\/evolutioners.net\/experiment-km\/#breadcrumb","itemListElement":[{"@type":"ListItem","position":1,"name":"Startseite","item":"https:\/\/evolutioners.net\/"},{"@type":"ListItem","position":2,"name":"Experiment KM"}]},{"@type":"WebSite","@id":"https:\/\/evolutioners.net\/#website","url":"https:\/\/evolutioners.net\/","name":"EVOLUTIONERS","description":"EVOLUTIONERS ist ein Meta-Projekt f\u00fcr ganzheitliche globale Friedensf\u00f6rderung und Bewusstseinsentwicklung. Wir wollen Frieden wahrhaftig machbar machen, indem wir Optimalwohl f\u00f6rdernde Initiativen verbinden, zukunftsf\u00e4hige L\u00f6sungen sichtbar machen, Meta-Austausch f\u00f6rdern, Synergien nutzen &amp; den Ressourcengebrauch optimieren. Kurz: SINNstiften.","potentialAction":[{"@type":"SearchAction","target":{"@type":"EntryPoint","urlTemplate":"https:\/\/evolutioners.net\/?s={search_term_string}"},"query-input":{"@type":"PropertyValueSpecification","valueRequired":true,"valueName":"search_term_string"}}],"inLanguage":"en-US"}]}},"_links":{"self":[{"href":"https:\/\/evolutioners.net\/en\/wp-json\/wp\/v2\/pages\/736","targetHints":{"allow":["GET"]}}],"collection":[{"href":"https:\/\/evolutioners.net\/en\/wp-json\/wp\/v2\/pages"}],"about":[{"href":"https:\/\/evolutioners.net\/en\/wp-json\/wp\/v2\/types\/page"}],"author":[{"embeddable":true,"href":"https:\/\/evolutioners.net\/en\/wp-json\/wp\/v2\/users\/2"}],"replies":[{"embeddable":true,"href":"https:\/\/evolutioners.net\/en\/wp-json\/wp\/v2\/comments?post=736"}],"version-history":[{"count":13,"href":"https:\/\/evolutioners.net\/en\/wp-json\/wp\/v2\/pages\/736\/revisions"}],"predecessor-version":[{"id":849,"href":"https:\/\/evolutioners.net\/en\/wp-json\/wp\/v2\/pages\/736\/revisions\/849"}],"wp:attachment":[{"href":"https:\/\/evolutioners.net\/en\/wp-json\/wp\/v2\/media?parent=736"}],"curies":[{"name":"wp","href":"https:\/\/api.w.org\/{rel}","templated":true}]}}