{"id":948,"date":"2020-05-18T04:23:59","date_gmt":"2020-05-18T04:23:59","guid":{"rendered":"https:\/\/evolutioners.net\/?page_id=948"},"modified":"2020-07-01T18:32:29","modified_gmt":"2020-07-01T18:32:29","slug":"was","status":"publish","type":"page","link":"https:\/\/evolutioners.net\/en\/was\/","title":{"rendered":"WAS?"},"content":{"rendered":"<p>[et_pb_section fb_built=&#8221;1&#8243; _builder_version=&#8221;3.20.1&#8243;][et_pb_row _builder_version=&#8221;3.20.1&#8243; global_module=&#8221;954&#8243; saved_tabs=&#8221;all&#8221;][et_pb_column type=&#8221;4_4&#8243; _builder_version=&#8221;3.20.1&#8243;][et_pb_text _builder_version=&#8221;3.20.1&#8243;]<\/p>\n<h1 style=\"text-align: center;\">WAS?<\/h1>\n<p>&nbsp;<\/p>\n<p>[\/et_pb_text][\/et_pb_column][\/et_pb_row][et_pb_row _builder_version=&#8221;3.20.1&#8243;][et_pb_column type=&#8221;4_4&#8243; _builder_version=&#8221;3.20.1&#8243;][et_pb_blurb title=&#8221;WAS WOLLEN WIR WAHRHAFTIG?&#8221; image=&#8221;https:\/\/evolutioners.net\/wp-content\/uploads\/2019\/06\/Paintbrush-Warrior-ipp.jpg&#8221; _builder_version=&#8221;3.20.1&#8243;]<\/p>\n<p style=\"text-align: center;\"><em>Du willst Sinn (er)leben?<\/em><br \/> <em>Du lebst integer und w\u00fcrdevoll?<\/em><br \/> <em>Du willst mit Deinem Sein und Wirken dem Optimalwohl dienen?<\/em><br \/> <em>Das ist wundervoll!<\/em><br \/> <em>Bist Du bereit Deinen Beitrag f\u00fcr unsere Evolution zu leisten?<\/em><\/p>\n<p>Das EVOLUTIONERS NETWORK ist ein Netzwerk von Menschen, die Teil der L\u00f6sung sind.<br \/> Wir bilden ein freies und grenzenloses online Netzwerk, um auf die kollektiven Herausforderungen synergetisch sinnvoll agieren zu k\u00f6nnen.<br \/> Wir wollen zur Lobby des Wandels werden. Eine evolution\u00e4re Lobby mit Sinn drin!<\/p>\n<p>Dieses Netzwerk von Evolutioners ist daf\u00fcr gedacht, uns unabh\u00e4ngig von trennenden Dogmen zu verbinden, indem wir uns stets auf den kleinsten, uns alle verbindenden Nenner besinnen.<br \/> Dieser gemeinsame Nenner sind unsere w\u00fcrdevollen Werte.<\/p>\n<p>Wenn auch Du den Wunsch von einer erf\u00fcllten Zukunft f\u00fcr alle im Herzen tr\u00e4gst, dann verbinde Dich mit uns, denn gemeinsam leuchten wir heller und strahlen weiter!<br \/> Es ist Zeit, dass wir Licht ins Dunkle bringen.<\/p>\n<p>Hilf uns bei der Verwirklichung unserer Vision.<br \/> Unterst\u00fctze uns in unserer Mission.<br \/> Ein Netzwerk f\u00fcr uns \u2013 von uns!<\/p>\n<p>Denn die Zukunft k\u00f6nnen wir nur miteinander sinnvoll kreieren.<\/p>\n<p>&nbsp;<\/p>\n<h1 style=\"text-align: center;\"><strong>EVOLUTIONERS NETWORK<\/strong><\/h1>\n<h1 style=\"text-align: center;\"><strong>Ko-Kreation f\u00fcr globale Transinformation &amp; Transinspiration<\/strong><\/h1>\n<p>[\/et_pb_blurb][\/et_pb_column][\/et_pb_row][\/et_pb_section]<\/p>\n","protected":false},"excerpt":{"rendered":"<p>WAS? &nbsp;Du willst Sinn (er)leben? Du lebst integer und w\u00fcrdevoll? Du willst mit Deinem Sein und Wirken dem Optimalwohl dienen? Das ist wundervoll! Bist Du bereit Deinen Beitrag f\u00fcr unsere Evolution zu leisten? Das EVOLUTIONERS NETWORK ist ein Netzwerk von Menschen, die Teil der L\u00f6sung sind. Wir bilden ein freies und grenzenloses online Netzwerk, um [&hellip;]<\/p>\n","protected":false},"author":2,"featured_media":0,"parent":0,"menu_order":0,"comment_status":"closed","ping_status":"closed","template":"","meta":{"_et_pb_use_builder":"on","_et_pb_old_content":"","_et_gb_content_width":"","footnotes":""},"class_list":["post-948","page","type-page","status-publish","hentry"],"translation":{"provider":"WPGlobus","version":"3.0.0","language":"en","enabled_languages":["de","en"],"languages":{"de":{"title":true,"content":true,"excerpt":false},"en":{"title":false,"content":false,"excerpt":false}}},"yoast_head":"<!-- This site is optimized with the Yoast SEO plugin v25.4 - https:\/\/yoast.com\/wordpress\/plugins\/seo\/ -->\n<title>WAS? - EVOLUTIONERS<\/title>\n<meta name=\"robots\" content=\"noindex, follow, max-snippet:-1, max-image-preview:large, max-video-preview:-1\" \/>\n<meta property=\"og:locale\" content=\"en_US\" \/>\n<meta property=\"og:type\" content=\"article\" \/>\n<meta property=\"og:title\" content=\"WAS? - EVOLUTIONERS\" \/>\n<meta property=\"og:url\" content=\"https:\/\/evolutioners.net\/was\/\" \/>\n<meta property=\"og:site_name\" content=\"EVOLUTIONERS\" \/>\n<meta property=\"article:modified_time\" content=\"2020-07-01T18:32:29+00:00\" \/>\n<meta name=\"twitter:card\" content=\"summary_large_image\" \/>\n<meta name=\"twitter:label1\" content=\"Est. reading time\" \/>\n\t<meta name=\"twitter:data1\" content=\"1 minute\" \/>\n<script type=\"application\/ld+json\" class=\"yoast-schema-graph\">{\"@context\":\"https:\/\/schema.org\",\"@graph\":[{\"@type\":\"WebPage\",\"@id\":\"https:\/\/evolutioners.net\/was\/\",\"url\":\"https:\/\/evolutioners.net\/was\/\",\"name\":\"WAS? - EVOLUTIONERS\",\"isPartOf\":{\"@id\":\"https:\/\/evolutioners.net\/#website\"},\"datePublished\":\"2020-05-18T04:23:59+00:00\",\"dateModified\":\"2020-07-01T18:32:29+00:00\",\"breadcrumb\":{\"@id\":\"https:\/\/evolutioners.net\/was\/#breadcrumb\"},\"inLanguage\":\"en-US\",\"potentialAction\":[{\"@type\":\"ReadAction\",\"target\":[\"https:\/\/evolutioners.net\/was\/\"]}]},{\"@type\":\"BreadcrumbList\",\"@id\":\"https:\/\/evolutioners.net\/was\/#breadcrumb\",\"itemListElement\":[{\"@type\":\"ListItem\",\"position\":1,\"name\":\"Startseite\",\"item\":\"https:\/\/evolutioners.net\/\"},{\"@type\":\"ListItem\",\"position\":2,\"name\":\"WAS?\"}]},{\"@type\":\"WebSite\",\"@id\":\"https:\/\/evolutioners.net\/#website\",\"url\":\"https:\/\/evolutioners.net\/\",\"name\":\"EVOLUTIONERS\",\"description\":\"EVOLUTIONERS ist ein Meta-Projekt f\u00fcr ganzheitliche globale Friedensf\u00f6rderung und Bewusstseinsentwicklung. Wir wollen Frieden wahrhaftig machbar machen, indem wir Optimalwohl f\u00f6rdernde Initiativen verbinden, zukunftsf\u00e4hige L\u00f6sungen sichtbar machen, Meta-Austausch f\u00f6rdern, Synergien nutzen &amp; den Ressourcengebrauch optimieren. Kurz: SINNstiften.\",\"potentialAction\":[{\"@type\":\"SearchAction\",\"target\":{\"@type\":\"EntryPoint\",\"urlTemplate\":\"https:\/\/evolutioners.net\/?s={search_term_string}\"},\"query-input\":{\"@type\":\"PropertyValueSpecification\",\"valueRequired\":true,\"valueName\":\"search_term_string\"}}],\"inLanguage\":\"en-US\"}]}<\/script>\n<!-- \/ Yoast SEO plugin. -->","yoast_head_json":{"title":"WAS? - EVOLUTIONERS","robots":{"index":"noindex","follow":"follow","max-snippet":"max-snippet:-1","max-image-preview":"max-image-preview:large","max-video-preview":"max-video-preview:-1"},"og_locale":"en_US","og_type":"article","og_title":"WAS? - EVOLUTIONERS","og_url":"https:\/\/evolutioners.net\/was\/","og_site_name":"EVOLUTIONERS","article_modified_time":"2020-07-01T18:32:29+00:00","twitter_card":"summary_large_image","twitter_misc":{"Est. reading time":"1 minute"},"schema":{"@context":"https:\/\/schema.org","@graph":[{"@type":"WebPage","@id":"https:\/\/evolutioners.net\/was\/","url":"https:\/\/evolutioners.net\/was\/","name":"WAS? - EVOLUTIONERS","isPartOf":{"@id":"https:\/\/evolutioners.net\/#website"},"datePublished":"2020-05-18T04:23:59+00:00","dateModified":"2020-07-01T18:32:29+00:00","breadcrumb":{"@id":"https:\/\/evolutioners.net\/was\/#breadcrumb"},"inLanguage":"en-US","potentialAction":[{"@type":"ReadAction","target":["https:\/\/evolutioners.net\/was\/"]}]},{"@type":"BreadcrumbList","@id":"https:\/\/evolutioners.net\/was\/#breadcrumb","itemListElement":[{"@type":"ListItem","position":1,"name":"Startseite","item":"https:\/\/evolutioners.net\/"},{"@type":"ListItem","position":2,"name":"WAS?"}]},{"@type":"WebSite","@id":"https:\/\/evolutioners.net\/#website","url":"https:\/\/evolutioners.net\/","name":"EVOLUTIONERS","description":"EVOLUTIONERS ist ein Meta-Projekt f\u00fcr ganzheitliche globale Friedensf\u00f6rderung und Bewusstseinsentwicklung. Wir wollen Frieden wahrhaftig machbar machen, indem wir Optimalwohl f\u00f6rdernde Initiativen verbinden, zukunftsf\u00e4hige L\u00f6sungen sichtbar machen, Meta-Austausch f\u00f6rdern, Synergien nutzen &amp; den Ressourcengebrauch optimieren. Kurz: SINNstiften.","potentialAction":[{"@type":"SearchAction","target":{"@type":"EntryPoint","urlTemplate":"https:\/\/evolutioners.net\/?s={search_term_string}"},"query-input":{"@type":"PropertyValueSpecification","valueRequired":true,"valueName":"search_term_string"}}],"inLanguage":"en-US"}]}},"_links":{"self":[{"href":"https:\/\/evolutioners.net\/en\/wp-json\/wp\/v2\/pages\/948","targetHints":{"allow":["GET"]}}],"collection":[{"href":"https:\/\/evolutioners.net\/en\/wp-json\/wp\/v2\/pages"}],"about":[{"href":"https:\/\/evolutioners.net\/en\/wp-json\/wp\/v2\/types\/page"}],"author":[{"embeddable":true,"href":"https:\/\/evolutioners.net\/en\/wp-json\/wp\/v2\/users\/2"}],"replies":[{"embeddable":true,"href":"https:\/\/evolutioners.net\/en\/wp-json\/wp\/v2\/comments?post=948"}],"version-history":[{"count":8,"href":"https:\/\/evolutioners.net\/en\/wp-json\/wp\/v2\/pages\/948\/revisions"}],"predecessor-version":[{"id":1046,"href":"https:\/\/evolutioners.net\/en\/wp-json\/wp\/v2\/pages\/948\/revisions\/1046"}],"wp:attachment":[{"href":"https:\/\/evolutioners.net\/en\/wp-json\/wp\/v2\/media?parent=948"}],"curies":[{"name":"wp","href":"https:\/\/api.w.org\/{rel}","templated":true}]}}