{"id":956,"date":"2020-05-18T04:30:29","date_gmt":"2020-05-18T04:30:29","guid":{"rendered":"https:\/\/evolutioners.net\/?page_id=956"},"modified":"2020-09-28T22:07:21","modified_gmt":"2020-09-28T22:07:21","slug":"warum","status":"publish","type":"page","link":"https:\/\/evolutioners.net\/en\/warum\/","title":{"rendered":"WARUM?"},"content":{"rendered":"<p>[et_pb_section fb_built=&#8221;1&#8243; _builder_version=&#8221;3.20.1&#8243;][et_pb_row _builder_version=&#8221;3.20.1&#8243;][et_pb_column type=&#8221;4_4&#8243; _builder_version=&#8221;3.20.1&#8243;][et_pb_text _builder_version=&#8221;3.20.1&#8243;]<\/p>\n<h1 style=\"text-align: center;\">WARUM?<\/h1>\n<p>[\/et_pb_text][\/et_pb_column][\/et_pb_row][et_pb_row _builder_version=&#8221;3.20.1&#8243;][et_pb_column type=&#8221;4_4&#8243; _builder_version=&#8221;3.20.1&#8243;][et_pb_blurb image=&#8221;https:\/\/evolutioners.net\/wp-content\/uploads\/2019\/08\/12088243_10207002985305284_1680351196570529619_n.jpg&#8221; _builder_version=&#8221;3.20.1&#8243; border_radii=&#8221;on|10px|10px|10px|10px&#8221;]<\/p>\n<h4 style=\"margin-bottom: 0cm; line-height: 100%; text-align: center;\"><b>WARUM WOLLEN WIR,<br \/> WAS WIR WOLLEN?<\/b><\/h4>\n<h1 style=\"margin-bottom: 0cm; line-height: 100%; text-align: center;\"><b>Warum? <\/b><b>Weil Sinn drin!<\/b><\/h1>\n<p style=\"margin-bottom: 0cm; line-height: 100%; text-align: center;\">Weil wir in einer Welt leben wollen,<br \/> welche f\u00fcr w\u00fcrdevolle Werte steht.<\/p>\n<p style=\"margin-bottom: 0cm; line-height: 100%; text-align: center;\">Weil wir eine achtsame, respektvolle und liebevolle Kultur wollen.<\/p>\n<p style=\"margin-bottom: 0cm; line-height: 100%; text-align: center;\">Weil wir die W\u00fcrde von Menschen und Tieren genau so achten,<br \/> wie die unseres Planeten Erde.<\/p>\n<p style=\"margin-bottom: 0cm; line-height: 100%; text-align: center;\">Weil wir Hoffnung schenken, Integrit\u00e4t st\u00e4rken und das Optimalwohl f\u00f6rdern.<\/p>\n<p style=\"margin-bottom: 0cm; line-height: 100%; text-align: center;\">Denn wir glauben daran, dass eine lebenswerte Zukunft f\u00fcr alle m\u00f6glich ist.<br \/> Jetzt!<\/p>\n<p>[\/et_pb_blurb][\/et_pb_column][\/et_pb_row][\/et_pb_section]<\/p>\n","protected":false},"excerpt":{"rendered":"<p>WARUM?WARUM WOLLEN WIR, WAS WIR WOLLEN? Warum? Weil Sinn drin! Weil wir in einer Welt leben wollen, welche f\u00fcr w\u00fcrdevolle Werte steht. Weil wir eine achtsame, respektvolle und liebevolle Kultur wollen. Weil wir die W\u00fcrde von Menschen und Tieren genau so achten, wie die unseres Planeten Erde. Weil wir Hoffnung schenken, Integrit\u00e4t st\u00e4rken und das [&hellip;]<\/p>\n","protected":false},"author":2,"featured_media":0,"parent":0,"menu_order":0,"comment_status":"closed","ping_status":"closed","template":"","meta":{"_et_pb_use_builder":"on","_et_pb_old_content":"","_et_gb_content_width":"","footnotes":""},"class_list":["post-956","page","type-page","status-publish","hentry"],"translation":{"provider":"WPGlobus","version":"3.0.0","language":"en","enabled_languages":["de","en"],"languages":{"de":{"title":true,"content":true,"excerpt":false},"en":{"title":false,"content":false,"excerpt":false}}},"yoast_head":"<!-- This site is optimized with the Yoast SEO plugin v25.4 - https:\/\/yoast.com\/wordpress\/plugins\/seo\/ -->\n<title>WARUM? - EVOLUTIONERS<\/title>\n<meta name=\"robots\" content=\"noindex, follow, max-snippet:-1, max-image-preview:large, max-video-preview:-1\" \/>\n<meta property=\"og:locale\" content=\"en_US\" \/>\n<meta property=\"og:type\" content=\"article\" \/>\n<meta property=\"og:title\" content=\"WARUM? - EVOLUTIONERS\" \/>\n<meta property=\"og:url\" content=\"https:\/\/evolutioners.net\/warum\/\" \/>\n<meta property=\"og:site_name\" content=\"EVOLUTIONERS\" \/>\n<meta property=\"article:modified_time\" content=\"2020-09-28T22:07:21+00:00\" \/>\n<meta name=\"twitter:card\" content=\"summary_large_image\" \/>\n<meta name=\"twitter:label1\" content=\"Est. reading time\" \/>\n\t<meta name=\"twitter:data1\" content=\"1 minute\" \/>\n<script type=\"application\/ld+json\" class=\"yoast-schema-graph\">{\"@context\":\"https:\/\/schema.org\",\"@graph\":[{\"@type\":\"WebPage\",\"@id\":\"https:\/\/evolutioners.net\/warum\/\",\"url\":\"https:\/\/evolutioners.net\/warum\/\",\"name\":\"WARUM? - EVOLUTIONERS\",\"isPartOf\":{\"@id\":\"https:\/\/evolutioners.net\/#website\"},\"datePublished\":\"2020-05-18T04:30:29+00:00\",\"dateModified\":\"2020-09-28T22:07:21+00:00\",\"breadcrumb\":{\"@id\":\"https:\/\/evolutioners.net\/warum\/#breadcrumb\"},\"inLanguage\":\"en-US\",\"potentialAction\":[{\"@type\":\"ReadAction\",\"target\":[\"https:\/\/evolutioners.net\/warum\/\"]}]},{\"@type\":\"BreadcrumbList\",\"@id\":\"https:\/\/evolutioners.net\/warum\/#breadcrumb\",\"itemListElement\":[{\"@type\":\"ListItem\",\"position\":1,\"name\":\"Startseite\",\"item\":\"https:\/\/evolutioners.net\/\"},{\"@type\":\"ListItem\",\"position\":2,\"name\":\"WARUM?\"}]},{\"@type\":\"WebSite\",\"@id\":\"https:\/\/evolutioners.net\/#website\",\"url\":\"https:\/\/evolutioners.net\/\",\"name\":\"EVOLUTIONERS\",\"description\":\"EVOLUTIONERS ist ein Meta-Projekt f\u00fcr ganzheitliche globale Friedensf\u00f6rderung und Bewusstseinsentwicklung. Wir wollen Frieden wahrhaftig machbar machen, indem wir Optimalwohl f\u00f6rdernde Initiativen verbinden, zukunftsf\u00e4hige L\u00f6sungen sichtbar machen, Meta-Austausch f\u00f6rdern, Synergien nutzen &amp; den Ressourcengebrauch optimieren. Kurz: SINNstiften.\",\"potentialAction\":[{\"@type\":\"SearchAction\",\"target\":{\"@type\":\"EntryPoint\",\"urlTemplate\":\"https:\/\/evolutioners.net\/?s={search_term_string}\"},\"query-input\":{\"@type\":\"PropertyValueSpecification\",\"valueRequired\":true,\"valueName\":\"search_term_string\"}}],\"inLanguage\":\"en-US\"}]}<\/script>\n<!-- \/ Yoast SEO plugin. -->","yoast_head_json":{"title":"WARUM? - EVOLUTIONERS","robots":{"index":"noindex","follow":"follow","max-snippet":"max-snippet:-1","max-image-preview":"max-image-preview:large","max-video-preview":"max-video-preview:-1"},"og_locale":"en_US","og_type":"article","og_title":"WARUM? - EVOLUTIONERS","og_url":"https:\/\/evolutioners.net\/warum\/","og_site_name":"EVOLUTIONERS","article_modified_time":"2020-09-28T22:07:21+00:00","twitter_card":"summary_large_image","twitter_misc":{"Est. reading time":"1 minute"},"schema":{"@context":"https:\/\/schema.org","@graph":[{"@type":"WebPage","@id":"https:\/\/evolutioners.net\/warum\/","url":"https:\/\/evolutioners.net\/warum\/","name":"WARUM? - EVOLUTIONERS","isPartOf":{"@id":"https:\/\/evolutioners.net\/#website"},"datePublished":"2020-05-18T04:30:29+00:00","dateModified":"2020-09-28T22:07:21+00:00","breadcrumb":{"@id":"https:\/\/evolutioners.net\/warum\/#breadcrumb"},"inLanguage":"en-US","potentialAction":[{"@type":"ReadAction","target":["https:\/\/evolutioners.net\/warum\/"]}]},{"@type":"BreadcrumbList","@id":"https:\/\/evolutioners.net\/warum\/#breadcrumb","itemListElement":[{"@type":"ListItem","position":1,"name":"Startseite","item":"https:\/\/evolutioners.net\/"},{"@type":"ListItem","position":2,"name":"WARUM?"}]},{"@type":"WebSite","@id":"https:\/\/evolutioners.net\/#website","url":"https:\/\/evolutioners.net\/","name":"EVOLUTIONERS","description":"EVOLUTIONERS ist ein Meta-Projekt f\u00fcr ganzheitliche globale Friedensf\u00f6rderung und Bewusstseinsentwicklung. Wir wollen Frieden wahrhaftig machbar machen, indem wir Optimalwohl f\u00f6rdernde Initiativen verbinden, zukunftsf\u00e4hige L\u00f6sungen sichtbar machen, Meta-Austausch f\u00f6rdern, Synergien nutzen &amp; den Ressourcengebrauch optimieren. Kurz: SINNstiften.","potentialAction":[{"@type":"SearchAction","target":{"@type":"EntryPoint","urlTemplate":"https:\/\/evolutioners.net\/?s={search_term_string}"},"query-input":{"@type":"PropertyValueSpecification","valueRequired":true,"valueName":"search_term_string"}}],"inLanguage":"en-US"}]}},"_links":{"self":[{"href":"https:\/\/evolutioners.net\/en\/wp-json\/wp\/v2\/pages\/956","targetHints":{"allow":["GET"]}}],"collection":[{"href":"https:\/\/evolutioners.net\/en\/wp-json\/wp\/v2\/pages"}],"about":[{"href":"https:\/\/evolutioners.net\/en\/wp-json\/wp\/v2\/types\/page"}],"author":[{"embeddable":true,"href":"https:\/\/evolutioners.net\/en\/wp-json\/wp\/v2\/users\/2"}],"replies":[{"embeddable":true,"href":"https:\/\/evolutioners.net\/en\/wp-json\/wp\/v2\/comments?post=956"}],"version-history":[{"count":7,"href":"https:\/\/evolutioners.net\/en\/wp-json\/wp\/v2\/pages\/956\/revisions"}],"predecessor-version":[{"id":1067,"href":"https:\/\/evolutioners.net\/en\/wp-json\/wp\/v2\/pages\/956\/revisions\/1067"}],"wp:attachment":[{"href":"https:\/\/evolutioners.net\/en\/wp-json\/wp\/v2\/media?parent=956"}],"curies":[{"name":"wp","href":"https:\/\/api.w.org\/{rel}","templated":true}]}}