{"id":962,"date":"2020-05-18T04:46:55","date_gmt":"2020-05-18T04:46:55","guid":{"rendered":"https:\/\/evolutioners.net\/?page_id=962"},"modified":"2020-07-01T21:13:19","modified_gmt":"2020-07-01T21:13:19","slug":"wofuer","status":"publish","type":"page","link":"https:\/\/evolutioners.net\/en\/wofuer\/","title":{"rendered":"WOF\u00dcR?"},"content":{"rendered":"<p>[et_pb_section fb_built=&#8221;1&#8243; _builder_version=&#8221;3.20.1&#8243;][et_pb_row _builder_version=&#8221;3.20.1&#8243;][et_pb_column type=&#8221;4_4&#8243; _builder_version=&#8221;3.20.1&#8243;][et_pb_text _builder_version=&#8221;3.20.1&#8243; inline_fonts=&#8221;Verdana&#8221;]<\/p>\n<h2 style=\"text-align: center;\"><strong>WOF\u00dcR?<\/strong><\/h2>\n<h2 style=\"text-align: center;\"><strong>f\u00fcr LIEBE statt Angst<\/strong><\/h2>\n<h2 style=\"text-align: center;\"><strong>f\u00fcr VERTRAUEN <\/strong><strong>statt Misstrauen<br \/><\/strong><\/h2>\n<h2 style=\"text-align: center;\"><strong>f\u00fcr <span style=\"font-family: inherit;\">VERBINDUNG <\/span><\/strong><strong>statt Trennung<\/strong><strong><\/strong><strong>\u00a0<\/strong><\/h2>\n<p>[\/et_pb_text][\/et_pb_column][\/et_pb_row][et_pb_row _builder_version=&#8221;3.20.1&#8243;][et_pb_column type=&#8221;4_4&#8243; _builder_version=&#8221;3.20.1&#8243;][et_pb_blurb image=&#8221;https:\/\/evolutioners.net\/wp-content\/uploads\/2019\/06\/Alt-Neu-Papyrus-DE.png&#8221; _builder_version=&#8221;3.20.1&#8243;]<\/p>\n<h2 style=\"text-align: center;\"><\/h2>\n<p style=\"text-align: center;\"><em>Was kann ich alleine schon machen,<br \/> dachte sich 90% der Menschheit.<\/em><\/p>\n<p>Wir sind nicht nur \u00fcber alle L\u00e4nder verteilt, sondern auch noch in unz\u00e4hligen Vereinen, Initiativen, Organisationen, Bewegungen, Parteien, Firmen, Religionen, etc.<\/p>\n<p>Um Einfluss auf politische Entscheidungen zu bekommen, ist es sinnvoll, wenn wir uns \u00fcber bisherige Grenzen hinweg verbinden. Denn die unberechenbaren nat\u00fcrlichen Ver\u00e4nderungen haben seit der Klimadebatte und nun mit Corona deutlich gezeigt, dass es h\u00f6chste Zeit ist, im Kollektiv die globalen Herausforderungen anzugehen.<\/p>\n<p>Wenn wir f\u00fcr unsere Werte einstehen, ist uns wichtig, dass wir auch\u2026<br \/> \u2026 sichtbar werden.<br \/> \u2026 wahrgenommen werden.<br \/> \u2026 mit unsere Forderungen ernst genommen werden.<\/p>\n<h2 style=\"text-align: center;\"><strong>F\u00fcr Selbstverantwortung<\/strong><br \/> <strong>F\u00fcr Selbstwirksamkeit<\/strong><br \/> <strong>F\u00fcr Selbstbewusstsein<\/strong><br \/> <strong>F\u00fcr unsere eigene Lobby!<\/strong><\/h2>\n<p><strong><\/strong><\/p>\n<p>Deshalb:<\/p>\n<h3>Die EVOLUTIONERS LOBBY<br \/> F\u00fcr eine hoffnungsvolle Zukunft.<br \/> F\u00fcr ein Leben in Harmonie mit allem was ist.<\/h3>\n<p>&nbsp;<\/p>\n<p>Viele der daf\u00fcr erforderlichen Samen haben schon tiefe Wurzeln gebildet, um dem rauen Wetter stabil,\u00a0sinnvoll und gewissenhaft zu widerstehen. Viele neue Samen keimen und gedeihen schon kraftvoll.<br \/> Es ist nun Zeit, diese Samen symbiotisch miteinander zu verbinden, um so einen bunten Garten zu kreieren.<\/p>\n<p>[\/et_pb_blurb][\/et_pb_column][\/et_pb_row][\/et_pb_section]<\/p>\n","protected":false},"excerpt":{"rendered":"<p>WOF\u00dcR? f\u00fcr LIEBE statt Angst f\u00fcr VERTRAUEN statt Misstrauen f\u00fcr VERBINDUNG statt Trennung\u00a0 Was kann ich alleine schon machen, dachte sich 90% der Menschheit. Wir sind nicht nur \u00fcber alle L\u00e4nder verteilt, sondern auch noch in unz\u00e4hligen Vereinen, Initiativen, Organisationen, Bewegungen, Parteien, Firmen, Religionen, etc. Um Einfluss auf politische Entscheidungen zu bekommen, ist es sinnvoll, [&hellip;]<\/p>\n","protected":false},"author":2,"featured_media":0,"parent":0,"menu_order":0,"comment_status":"closed","ping_status":"closed","template":"","meta":{"_et_pb_use_builder":"on","_et_pb_old_content":"","_et_gb_content_width":"","footnotes":""},"class_list":["post-962","page","type-page","status-publish","hentry"],"translation":{"provider":"WPGlobus","version":"3.0.0","language":"en","enabled_languages":["de","en"],"languages":{"de":{"title":true,"content":true,"excerpt":false},"en":{"title":false,"content":false,"excerpt":false}}},"yoast_head":"<!-- This site is optimized with the Yoast SEO plugin v25.4 - https:\/\/yoast.com\/wordpress\/plugins\/seo\/ -->\n<title>WOF\u00dcR? - EVOLUTIONERS<\/title>\n<meta name=\"robots\" content=\"noindex, follow, max-snippet:-1, max-image-preview:large, max-video-preview:-1\" \/>\n<meta property=\"og:locale\" content=\"en_US\" \/>\n<meta property=\"og:type\" content=\"article\" \/>\n<meta property=\"og:title\" content=\"WOF\u00dcR? - EVOLUTIONERS\" \/>\n<meta property=\"og:url\" content=\"https:\/\/evolutioners.net\/wofuer\/\" \/>\n<meta property=\"og:site_name\" content=\"EVOLUTIONERS\" \/>\n<meta property=\"article:modified_time\" content=\"2020-07-01T21:13:19+00:00\" \/>\n<meta name=\"twitter:card\" content=\"summary_large_image\" \/>\n<meta name=\"twitter:label1\" content=\"Est. reading time\" \/>\n\t<meta name=\"twitter:data1\" content=\"1 minute\" \/>\n<script type=\"application\/ld+json\" class=\"yoast-schema-graph\">{\"@context\":\"https:\/\/schema.org\",\"@graph\":[{\"@type\":\"WebPage\",\"@id\":\"https:\/\/evolutioners.net\/wofuer\/\",\"url\":\"https:\/\/evolutioners.net\/wofuer\/\",\"name\":\"WOF\u00dcR? - EVOLUTIONERS\",\"isPartOf\":{\"@id\":\"https:\/\/evolutioners.net\/#website\"},\"datePublished\":\"2020-05-18T04:46:55+00:00\",\"dateModified\":\"2020-07-01T21:13:19+00:00\",\"breadcrumb\":{\"@id\":\"https:\/\/evolutioners.net\/wofuer\/#breadcrumb\"},\"inLanguage\":\"en-US\",\"potentialAction\":[{\"@type\":\"ReadAction\",\"target\":[\"https:\/\/evolutioners.net\/wofuer\/\"]}]},{\"@type\":\"BreadcrumbList\",\"@id\":\"https:\/\/evolutioners.net\/wofuer\/#breadcrumb\",\"itemListElement\":[{\"@type\":\"ListItem\",\"position\":1,\"name\":\"Startseite\",\"item\":\"https:\/\/evolutioners.net\/\"},{\"@type\":\"ListItem\",\"position\":2,\"name\":\"WOF\u00dcR?\"}]},{\"@type\":\"WebSite\",\"@id\":\"https:\/\/evolutioners.net\/#website\",\"url\":\"https:\/\/evolutioners.net\/\",\"name\":\"EVOLUTIONERS\",\"description\":\"EVOLUTIONERS ist ein Meta-Projekt f\u00fcr ganzheitliche globale Friedensf\u00f6rderung und Bewusstseinsentwicklung. Wir wollen Frieden wahrhaftig machbar machen, indem wir Optimalwohl f\u00f6rdernde Initiativen verbinden, zukunftsf\u00e4hige L\u00f6sungen sichtbar machen, Meta-Austausch f\u00f6rdern, Synergien nutzen &amp; den Ressourcengebrauch optimieren. Kurz: SINNstiften.\",\"potentialAction\":[{\"@type\":\"SearchAction\",\"target\":{\"@type\":\"EntryPoint\",\"urlTemplate\":\"https:\/\/evolutioners.net\/?s={search_term_string}\"},\"query-input\":{\"@type\":\"PropertyValueSpecification\",\"valueRequired\":true,\"valueName\":\"search_term_string\"}}],\"inLanguage\":\"en-US\"}]}<\/script>\n<!-- \/ Yoast SEO plugin. -->","yoast_head_json":{"title":"WOF\u00dcR? - EVOLUTIONERS","robots":{"index":"noindex","follow":"follow","max-snippet":"max-snippet:-1","max-image-preview":"max-image-preview:large","max-video-preview":"max-video-preview:-1"},"og_locale":"en_US","og_type":"article","og_title":"WOF\u00dcR? - EVOLUTIONERS","og_url":"https:\/\/evolutioners.net\/wofuer\/","og_site_name":"EVOLUTIONERS","article_modified_time":"2020-07-01T21:13:19+00:00","twitter_card":"summary_large_image","twitter_misc":{"Est. reading time":"1 minute"},"schema":{"@context":"https:\/\/schema.org","@graph":[{"@type":"WebPage","@id":"https:\/\/evolutioners.net\/wofuer\/","url":"https:\/\/evolutioners.net\/wofuer\/","name":"WOF\u00dcR? - EVOLUTIONERS","isPartOf":{"@id":"https:\/\/evolutioners.net\/#website"},"datePublished":"2020-05-18T04:46:55+00:00","dateModified":"2020-07-01T21:13:19+00:00","breadcrumb":{"@id":"https:\/\/evolutioners.net\/wofuer\/#breadcrumb"},"inLanguage":"en-US","potentialAction":[{"@type":"ReadAction","target":["https:\/\/evolutioners.net\/wofuer\/"]}]},{"@type":"BreadcrumbList","@id":"https:\/\/evolutioners.net\/wofuer\/#breadcrumb","itemListElement":[{"@type":"ListItem","position":1,"name":"Startseite","item":"https:\/\/evolutioners.net\/"},{"@type":"ListItem","position":2,"name":"WOF\u00dcR?"}]},{"@type":"WebSite","@id":"https:\/\/evolutioners.net\/#website","url":"https:\/\/evolutioners.net\/","name":"EVOLUTIONERS","description":"EVOLUTIONERS ist ein Meta-Projekt f\u00fcr ganzheitliche globale Friedensf\u00f6rderung und Bewusstseinsentwicklung. Wir wollen Frieden wahrhaftig machbar machen, indem wir Optimalwohl f\u00f6rdernde Initiativen verbinden, zukunftsf\u00e4hige L\u00f6sungen sichtbar machen, Meta-Austausch f\u00f6rdern, Synergien nutzen &amp; den Ressourcengebrauch optimieren. Kurz: SINNstiften.","potentialAction":[{"@type":"SearchAction","target":{"@type":"EntryPoint","urlTemplate":"https:\/\/evolutioners.net\/?s={search_term_string}"},"query-input":{"@type":"PropertyValueSpecification","valueRequired":true,"valueName":"search_term_string"}}],"inLanguage":"en-US"}]}},"_links":{"self":[{"href":"https:\/\/evolutioners.net\/en\/wp-json\/wp\/v2\/pages\/962","targetHints":{"allow":["GET"]}}],"collection":[{"href":"https:\/\/evolutioners.net\/en\/wp-json\/wp\/v2\/pages"}],"about":[{"href":"https:\/\/evolutioners.net\/en\/wp-json\/wp\/v2\/types\/page"}],"author":[{"embeddable":true,"href":"https:\/\/evolutioners.net\/en\/wp-json\/wp\/v2\/users\/2"}],"replies":[{"embeddable":true,"href":"https:\/\/evolutioners.net\/en\/wp-json\/wp\/v2\/comments?post=962"}],"version-history":[{"count":6,"href":"https:\/\/evolutioners.net\/en\/wp-json\/wp\/v2\/pages\/962\/revisions"}],"predecessor-version":[{"id":1052,"href":"https:\/\/evolutioners.net\/en\/wp-json\/wp\/v2\/pages\/962\/revisions\/1052"}],"wp:attachment":[{"href":"https:\/\/evolutioners.net\/en\/wp-json\/wp\/v2\/media?parent=962"}],"curies":[{"name":"wp","href":"https:\/\/api.w.org\/{rel}","templated":true}]}}