{"id":978,"date":"2020-05-18T04:54:26","date_gmt":"2020-05-18T04:54:26","guid":{"rendered":"https:\/\/evolutioners.net\/?page_id=978"},"modified":"2020-05-18T04:57:00","modified_gmt":"2020-05-18T04:57:00","slug":"wie","status":"publish","type":"page","link":"https:\/\/evolutioners.net\/en\/wie\/","title":{"rendered":"WIE?"},"content":{"rendered":"<p>[et_pb_section fb_built=&#8221;1&#8243; _builder_version=&#8221;3.0.47&#8243;][et_pb_row _builder_version=&#8221;3.0.48&#8243; background_size=&#8221;initial&#8221; background_position=&#8221;top_left&#8221; background_repeat=&#8221;repeat&#8221;][et_pb_column type=&#8221;4_4&#8243; _builder_version=&#8221;3.0.47&#8243;][et_pb_text _builder_version=&#8221;3.20.1&#8243;]<\/p>\n<h1 style=\"text-align: center;\">WIE?<\/h1>\n<p>[\/et_pb_text][et_pb_text _builder_version=&#8221;3.0.74&#8243; background_size=&#8221;initial&#8221; background_position=&#8221;top_left&#8221; background_repeat=&#8221;repeat&#8221;]<!-- divi:paragraph --><\/p>\n<p>Wir sehen, dass die Welt schon jetzt voller L\u00f6sungen ist.<\/p>\n<p><!-- \/divi:paragraph --><\/p>\n<p><!-- divi:paragraph --><\/p>\n<p>Diese L\u00f6sungen in Form von besseren Alternativen und sinnvollen Antworten wollen wir nun optimal verbinden. Ziel ist hierbei diese L\u00f6sungen allen Menschen einfach verst\u00e4ndlich, \u00fcbersichtlich und vor allem vertrauensvoll zu vermitteln. Aus dieser Idee ist die Mission OPTIMALPORTAL entstanden.<\/p>\n<p><!-- \/divi:paragraph --><\/p>\n<p><!-- divi:paragraph --><\/p>\n<p>Das online Portal Optimalportal.global bietet Dir eine vertrauensvolle Entscheidungshilfe f\u00fcr bessere Alternativen in allen Lebenssituationen. F\u00fcr Produkte, Dienstleistungen und Technologien die dem Optimalwohl dienen.<\/p>\n<p><!-- \/divi:paragraph --><\/p>\n<p><!-- divi:paragraph --><\/p>\n<p>Hier bieten wir allen Anbieterinnen und Anbietern von nachhaltigen Alternativen die Chance, von all denen gefunden zu werden, die l\u00e4ngst nach ihnen suchen. Denn <strong>auf dem Optimalportal gibt es NUR bessere, im Sinne von nachhaltige, also sinnvolle Alternativen<\/strong>.<\/p>\n<p><!-- \/divi:paragraph --><\/p>\n<p><!-- divi:paragraph --><\/p>\n<p>Mehr dazu erf\u00e4hrst Du auf dem <a href=\"https:\/\/optimalportal.global\/\">OPTIMALPORTAL<\/a>  <\/p>\n<p><!-- \/divi:paragraph --><\/p>\n<p><!-- divi:paragraph --><\/p>\n<p><!-- \/divi:paragraph -->[\/et_pb_text][\/et_pb_column][\/et_pb_row][\/et_pb_section]<\/p>\n","protected":false},"excerpt":{"rendered":"<p>WIE? Wir sehen, dass die Welt schon jetzt voller L\u00f6sungen ist. Diese L\u00f6sungen in Form von besseren Alternativen und sinnvollen Antworten wollen wir nun optimal verbinden. Ziel ist hierbei diese L\u00f6sungen allen Menschen einfach verst\u00e4ndlich, \u00fcbersichtlich und vor allem vertrauensvoll zu vermitteln. Aus dieser Idee ist die Mission OPTIMALPORTAL entstanden. Das online Portal Optimalportal.global bietet [&hellip;]<\/p>\n","protected":false},"author":2,"featured_media":0,"parent":0,"menu_order":0,"comment_status":"closed","ping_status":"closed","template":"","meta":{"_et_pb_use_builder":"on","_et_pb_old_content":"<!-- wp:paragraph -->\n<p>Wir sehen, dass die Welt schon jetzt voller L\u00f6sungen ist.<\/p>\n<!-- \/wp:paragraph -->\n\n<!-- wp:paragraph -->\n<p>Diese L\u00f6sungen in Form von besseren Alternativen und sinnvollen Antworten wollen wir nun optimal verbinden. Ziel ist hierbei diese L\u00f6sungen allen Menschen einfach verst\u00e4ndlich, \u00fcbersichtlich und vor allem vertrauensvoll zu vermitteln. Aus dieser Idee ist die Mission OPTIMALPORTAL entstanden.<\/p>\n<!-- \/wp:paragraph -->\n\n<!-- wp:paragraph -->\n<p>Das online Portal Optimalportal.global bietet Dir eine vertrauensvolle Entscheidungshilfe f\u00fcr bessere Alternativen in allen Lebenssituationen. F\u00fcr Produkte, Dienstleistungen und Technologien die dem Optimalwohl dienen.<\/p>\n<!-- \/wp:paragraph -->\n\n<!-- wp:paragraph -->\n<p>Hier bieten wir allen Anbieterinnen und Anbietern von nachhaltigen Alternativen die Chance, von all denen gefunden zu werden, die l\u00e4ngst nach ihnen suchen. Denn <strong>auf dem Optimalportal gibt es NUR bessere, im Sinne von nachhaltige, also sinnvolle Alternativen<\/strong>.<\/p>\n<!-- \/wp:paragraph -->\n\n<!-- wp:paragraph -->\n<p>Mehr dazu erf\u00e4hrst Du auf dem <a href=\"https:\/\/optimalportal.global\/\">OPTIMALPORTAL<\/a>  <\/p>\n<!-- \/wp:paragraph -->\n\n<!-- wp:paragraph -->\n<p><\/p>\n<!-- \/wp:paragraph -->","_et_gb_content_width":"","footnotes":""},"class_list":["post-978","page","type-page","status-publish","hentry"],"translation":{"provider":"WPGlobus","version":"3.0.0","language":"en","enabled_languages":["de","en"],"languages":{"de":{"title":true,"content":true,"excerpt":false},"en":{"title":false,"content":false,"excerpt":false}}},"yoast_head":"<!-- This site is optimized with the Yoast SEO plugin v25.4 - https:\/\/yoast.com\/wordpress\/plugins\/seo\/ -->\n<title>WIE? - EVOLUTIONERS<\/title>\n<meta name=\"robots\" content=\"noindex, follow, max-snippet:-1, max-image-preview:large, max-video-preview:-1\" \/>\n<meta property=\"og:locale\" content=\"en_US\" \/>\n<meta property=\"og:type\" content=\"article\" \/>\n<meta property=\"og:title\" content=\"WIE? - EVOLUTIONERS\" \/>\n<meta property=\"og:url\" content=\"https:\/\/evolutioners.net\/wie\/\" \/>\n<meta property=\"og:site_name\" content=\"EVOLUTIONERS\" \/>\n<meta property=\"article:modified_time\" content=\"2020-05-18T04:57:00+00:00\" \/>\n<meta name=\"twitter:card\" content=\"summary_large_image\" \/>\n<meta name=\"twitter:label1\" content=\"Est. reading time\" \/>\n\t<meta name=\"twitter:data1\" content=\"1 minute\" \/>\n<script type=\"application\/ld+json\" class=\"yoast-schema-graph\">{\"@context\":\"https:\/\/schema.org\",\"@graph\":[{\"@type\":\"WebPage\",\"@id\":\"https:\/\/evolutioners.net\/wie\/\",\"url\":\"https:\/\/evolutioners.net\/wie\/\",\"name\":\"WIE? - EVOLUTIONERS\",\"isPartOf\":{\"@id\":\"https:\/\/evolutioners.net\/#website\"},\"datePublished\":\"2020-05-18T04:54:26+00:00\",\"dateModified\":\"2020-05-18T04:57:00+00:00\",\"breadcrumb\":{\"@id\":\"https:\/\/evolutioners.net\/wie\/#breadcrumb\"},\"inLanguage\":\"en-US\",\"potentialAction\":[{\"@type\":\"ReadAction\",\"target\":[\"https:\/\/evolutioners.net\/wie\/\"]}]},{\"@type\":\"BreadcrumbList\",\"@id\":\"https:\/\/evolutioners.net\/wie\/#breadcrumb\",\"itemListElement\":[{\"@type\":\"ListItem\",\"position\":1,\"name\":\"Startseite\",\"item\":\"https:\/\/evolutioners.net\/\"},{\"@type\":\"ListItem\",\"position\":2,\"name\":\"WIE?\"}]},{\"@type\":\"WebSite\",\"@id\":\"https:\/\/evolutioners.net\/#website\",\"url\":\"https:\/\/evolutioners.net\/\",\"name\":\"EVOLUTIONERS\",\"description\":\"EVOLUTIONERS ist ein Meta-Projekt f\u00fcr ganzheitliche globale Friedensf\u00f6rderung und Bewusstseinsentwicklung. Wir wollen Frieden wahrhaftig machbar machen, indem wir Optimalwohl f\u00f6rdernde Initiativen verbinden, zukunftsf\u00e4hige L\u00f6sungen sichtbar machen, Meta-Austausch f\u00f6rdern, Synergien nutzen &amp; den Ressourcengebrauch optimieren. Kurz: SINNstiften.\",\"potentialAction\":[{\"@type\":\"SearchAction\",\"target\":{\"@type\":\"EntryPoint\",\"urlTemplate\":\"https:\/\/evolutioners.net\/?s={search_term_string}\"},\"query-input\":{\"@type\":\"PropertyValueSpecification\",\"valueRequired\":true,\"valueName\":\"search_term_string\"}}],\"inLanguage\":\"en-US\"}]}<\/script>\n<!-- \/ Yoast SEO plugin. -->","yoast_head_json":{"title":"WIE? - EVOLUTIONERS","robots":{"index":"noindex","follow":"follow","max-snippet":"max-snippet:-1","max-image-preview":"max-image-preview:large","max-video-preview":"max-video-preview:-1"},"og_locale":"en_US","og_type":"article","og_title":"WIE? - EVOLUTIONERS","og_url":"https:\/\/evolutioners.net\/wie\/","og_site_name":"EVOLUTIONERS","article_modified_time":"2020-05-18T04:57:00+00:00","twitter_card":"summary_large_image","twitter_misc":{"Est. reading time":"1 minute"},"schema":{"@context":"https:\/\/schema.org","@graph":[{"@type":"WebPage","@id":"https:\/\/evolutioners.net\/wie\/","url":"https:\/\/evolutioners.net\/wie\/","name":"WIE? - EVOLUTIONERS","isPartOf":{"@id":"https:\/\/evolutioners.net\/#website"},"datePublished":"2020-05-18T04:54:26+00:00","dateModified":"2020-05-18T04:57:00+00:00","breadcrumb":{"@id":"https:\/\/evolutioners.net\/wie\/#breadcrumb"},"inLanguage":"en-US","potentialAction":[{"@type":"ReadAction","target":["https:\/\/evolutioners.net\/wie\/"]}]},{"@type":"BreadcrumbList","@id":"https:\/\/evolutioners.net\/wie\/#breadcrumb","itemListElement":[{"@type":"ListItem","position":1,"name":"Startseite","item":"https:\/\/evolutioners.net\/"},{"@type":"ListItem","position":2,"name":"WIE?"}]},{"@type":"WebSite","@id":"https:\/\/evolutioners.net\/#website","url":"https:\/\/evolutioners.net\/","name":"EVOLUTIONERS","description":"EVOLUTIONERS ist ein Meta-Projekt f\u00fcr ganzheitliche globale Friedensf\u00f6rderung und Bewusstseinsentwicklung. Wir wollen Frieden wahrhaftig machbar machen, indem wir Optimalwohl f\u00f6rdernde Initiativen verbinden, zukunftsf\u00e4hige L\u00f6sungen sichtbar machen, Meta-Austausch f\u00f6rdern, Synergien nutzen &amp; den Ressourcengebrauch optimieren. Kurz: SINNstiften.","potentialAction":[{"@type":"SearchAction","target":{"@type":"EntryPoint","urlTemplate":"https:\/\/evolutioners.net\/?s={search_term_string}"},"query-input":{"@type":"PropertyValueSpecification","valueRequired":true,"valueName":"search_term_string"}}],"inLanguage":"en-US"}]}},"_links":{"self":[{"href":"https:\/\/evolutioners.net\/en\/wp-json\/wp\/v2\/pages\/978","targetHints":{"allow":["GET"]}}],"collection":[{"href":"https:\/\/evolutioners.net\/en\/wp-json\/wp\/v2\/pages"}],"about":[{"href":"https:\/\/evolutioners.net\/en\/wp-json\/wp\/v2\/types\/page"}],"author":[{"embeddable":true,"href":"https:\/\/evolutioners.net\/en\/wp-json\/wp\/v2\/users\/2"}],"replies":[{"embeddable":true,"href":"https:\/\/evolutioners.net\/en\/wp-json\/wp\/v2\/comments?post=978"}],"version-history":[{"count":3,"href":"https:\/\/evolutioners.net\/en\/wp-json\/wp\/v2\/pages\/978\/revisions"}],"predecessor-version":[{"id":983,"href":"https:\/\/evolutioners.net\/en\/wp-json\/wp\/v2\/pages\/978\/revisions\/983"}],"wp:attachment":[{"href":"https:\/\/evolutioners.net\/en\/wp-json\/wp\/v2\/media?parent=978"}],"curies":[{"name":"wp","href":"https:\/\/api.w.org\/{rel}","templated":true}]}}