{"id":984,"date":"2020-05-18T05:00:57","date_gmt":"2020-05-18T05:00:57","guid":{"rendered":"https:\/\/evolutioners.net\/?page_id=984"},"modified":"2025-07-01T17:39:33","modified_gmt":"2025-07-01T17:39:33","slug":"womit","status":"publish","type":"page","link":"https:\/\/evolutioners.net\/en\/womit\/","title":{"rendered":"WOMIT?"},"content":{"rendered":"<p>[et_pb_section fb_built=&#8221;1&#8243; _builder_version=&#8221;4.16&#8243; hover_enabled=&#8221;0&#8243; global_colors_info=&#8221;{}&#8221; sticky_enabled=&#8221;0&#8243;][et_pb_row _builder_version=&#8221;4.16&#8243; global_colors_info=&#8221;{}&#8221;][et_pb_column type=&#8221;4_4&#8243; _builder_version=&#8221;4.16&#8243; custom_padding=&#8221;|||&#8221; global_colors_info=&#8221;{}&#8221; custom_padding__hover=&#8221;|||&#8221;][et_pb_text _builder_version=&#8221;4.16&#8243; global_colors_info=&#8221;{}&#8221;]<\/p>\n<h1 style=\"text-align: center;\">WOMIT?<\/h1>\n<p>[\/et_pb_text][\/et_pb_column][\/et_pb_row][et_pb_row _builder_version=&#8221;4.16&#8243; global_colors_info=&#8221;{}&#8221;][et_pb_column type=&#8221;4_4&#8243; _builder_version=&#8221;4.16&#8243; custom_padding=&#8221;|||&#8221; global_colors_info=&#8221;{}&#8221; custom_padding__hover=&#8221;|||&#8221;][et_pb_text _builder_version=&#8221;4.16&#8243; global_colors_info=&#8221;{}&#8221;]<\/p>\n<h2 style=\"text-align: center;\">\u00a0 \u00a0 Zukunft k\u00f6nnen wir nur miteinander kreieren.<br \/>Daher wird das Evolutioners Network ein<br \/>Ko-Kreations Netzwerk f\u00fcr w\u00fcrdevolle Evolution.<\/h2>\n<p>&nbsp;<\/p>\n<p>Daf\u00fcr wollen wir ein Ressourcen-Register (RR) kreieren. Eine freie und unabh\u00e4ngige Datenbank wo alle Evolutioners ihre Ressourcen, die sie mit ihrem Sein und Wirken f\u00fcr unsere Evolution einbringen, registrieren k\u00f6nnen. Dies dient der optimalen Nutzung vorhandener Ressourcen. Denn wenn wir von Ressourcenschonung sprechen, denken wir nicht nur an die physischen Ressourcen (Geld, Land, Infrastruktur) sondern vor allem an die metaphysischen Ressourcen wie Energie, Zeit, Wissen und Weisheit.<br \/>All diese Ressourcen bringen die Evolutioners unbedingt in unser Netzwerk. Denn sie wissen, dass sie nur ein erf\u00fclltes Leben leben k\u00f6nnen, wenn alle in Erf\u00fcllung leben. Daher sind sie gewillt, sich als Teil der L\u00f6sung einzubringen, um optimal dem Wohle aller zu dienen.<\/p>\n<p>Dieses Ressourcennetzwerk dient nicht nur der Welt, sondern auch allen Evolutioners die aktiv die verschiedenen Teile der neue Welt kreieren. Denn auch sie haben f\u00fcr ihre Vereine, Organisationen, Firmen etc. Zugang zum Evolutioners Ressourcen Register. <br \/>Denn zu oft scheitert der n\u00e4chste sinnvolle Schritt an den fehlenden Ressourcen. Sei dies finanzielle Mittel oder kompetente Mitwirkende. <br \/>Die Evolutioners Lobby will hier wirken. Um die bereits erfundenen Errungenschaften geb\u00fchrend zu w\u00fcrdigen, anzuerkennen und allen einfach und n\u00fctzlich zur Verf\u00fcgung zu stellen.<\/p>\n<p>Hierf\u00fcr bieten wir mit der Dienstleistung des online Vermittlungsportals f\u00fcr bessere Alternativen optimale Voraussetzungen. <br \/>Doch um begutachten zu k\u00f6nnen, welche Alternativen nun wirklich optimal sind, brauchen wir kompetente Unterst\u00fctzung. Wir brachen Know-How mit Herz und Verstand.<br \/>F\u00fcr Wissen und Weisheit mit reinstem Gewissen. <br \/>Aus diesem Pool von Expertinnen und Experten Wissen, wollen wir rund um die verschiedensten Aspekte der Nachhaltigkeit eine vertrauensvolle Wissensdatenbank aufbauen. <br \/>Hierf\u00fcr erstellen wir einen Alternativen-Index (AI).<\/p>\n<p>Wir wollen nichts mehr erkl\u00e4ren m\u00fcssen, weil sofort klar ist; da steckt Sinn drin!<br \/>Denn wir sind Sinnforscherinnen und Sinnforscher. Daher liegt es in unserem eigenen Interesse, alles so optimal und weitsichtig wie m\u00f6glich zu kreieren.<br \/>Gut wissen wir: alles ist m\u00f6glich!<\/p>\n<p>Die Fragen ist nur:<\/p>\n<p><strong>Wof\u00fcr stehen wir?<\/strong> <br \/>F\u00fcr wahrhaftige Werte.\u00a0<\/p>\n<p><strong>Wonach sehnen wir? <\/strong><br \/>Nach Frieden f\u00fcr alle.<\/p>\n<p><strong>Wohin gehen wir?<\/strong> <br \/>In eine friedliche, lebenswerte und lebensfrohe Zukunft zum Wohl Aller.<\/p>\n<p>&nbsp;<\/p>\n<p>[\/et_pb_text][\/et_pb_column][\/et_pb_row][\/et_pb_section]<\/p>\n","protected":false},"excerpt":{"rendered":"<p>WOMIT?\u00a0 \u00a0 Zukunft k\u00f6nnen wir nur miteinander kreieren.Daher wird das Evolutioners Network einKo-Kreations Netzwerk f\u00fcr w\u00fcrdevolle Evolution. &nbsp; Daf\u00fcr wollen wir ein Ressourcen-Register (RR) kreieren. Eine freie und unabh\u00e4ngige Datenbank wo alle Evolutioners ihre Ressourcen, die sie mit ihrem Sein und Wirken f\u00fcr unsere Evolution einbringen, registrieren k\u00f6nnen. Dies dient der optimalen Nutzung vorhandener Ressourcen. [&hellip;]<\/p>\n","protected":false},"author":2,"featured_media":0,"parent":0,"menu_order":0,"comment_status":"closed","ping_status":"closed","template":"","meta":{"_et_pb_use_builder":"on","_et_pb_old_content":"","_et_gb_content_width":"","footnotes":""},"class_list":["post-984","page","type-page","status-publish","hentry"],"translation":{"provider":"WPGlobus","version":"3.0.0","language":"en","enabled_languages":["de","en"],"languages":{"de":{"title":true,"content":true,"excerpt":false},"en":{"title":false,"content":false,"excerpt":false}}},"yoast_head":"<!-- This site is optimized with the Yoast SEO plugin v25.4 - https:\/\/yoast.com\/wordpress\/plugins\/seo\/ -->\n<title>WOMIT? - EVOLUTIONERS<\/title>\n<meta name=\"robots\" content=\"noindex, follow, max-snippet:-1, max-image-preview:large, max-video-preview:-1\" \/>\n<meta property=\"og:locale\" content=\"en_US\" \/>\n<meta property=\"og:type\" content=\"article\" \/>\n<meta property=\"og:title\" content=\"WOMIT? - EVOLUTIONERS\" \/>\n<meta property=\"og:url\" content=\"https:\/\/evolutioners.net\/womit\/\" \/>\n<meta property=\"og:site_name\" content=\"EVOLUTIONERS\" \/>\n<meta property=\"article:modified_time\" content=\"2025-07-01T17:39:33+00:00\" \/>\n<meta name=\"twitter:card\" content=\"summary_large_image\" \/>\n<meta name=\"twitter:label1\" content=\"Est. reading time\" \/>\n\t<meta name=\"twitter:data1\" content=\"2 minutes\" \/>\n<script type=\"application\/ld+json\" class=\"yoast-schema-graph\">{\"@context\":\"https:\/\/schema.org\",\"@graph\":[{\"@type\":\"WebPage\",\"@id\":\"https:\/\/evolutioners.net\/womit\/\",\"url\":\"https:\/\/evolutioners.net\/womit\/\",\"name\":\"WOMIT? - EVOLUTIONERS\",\"isPartOf\":{\"@id\":\"https:\/\/evolutioners.net\/#website\"},\"datePublished\":\"2020-05-18T05:00:57+00:00\",\"dateModified\":\"2025-07-01T17:39:33+00:00\",\"breadcrumb\":{\"@id\":\"https:\/\/evolutioners.net\/womit\/#breadcrumb\"},\"inLanguage\":\"en-US\",\"potentialAction\":[{\"@type\":\"ReadAction\",\"target\":[\"https:\/\/evolutioners.net\/womit\/\"]}]},{\"@type\":\"BreadcrumbList\",\"@id\":\"https:\/\/evolutioners.net\/womit\/#breadcrumb\",\"itemListElement\":[{\"@type\":\"ListItem\",\"position\":1,\"name\":\"Startseite\",\"item\":\"https:\/\/evolutioners.net\/\"},{\"@type\":\"ListItem\",\"position\":2,\"name\":\"WOMIT?\"}]},{\"@type\":\"WebSite\",\"@id\":\"https:\/\/evolutioners.net\/#website\",\"url\":\"https:\/\/evolutioners.net\/\",\"name\":\"EVOLUTIONERS\",\"description\":\"EVOLUTIONERS ist ein Meta-Projekt f\u00fcr ganzheitliche globale Friedensf\u00f6rderung und Bewusstseinsentwicklung. Wir wollen Frieden wahrhaftig machbar machen, indem wir Optimalwohl f\u00f6rdernde Initiativen verbinden, zukunftsf\u00e4hige L\u00f6sungen sichtbar machen, Meta-Austausch f\u00f6rdern, Synergien nutzen &amp; den Ressourcengebrauch optimieren. Kurz: SINNstiften.\",\"potentialAction\":[{\"@type\":\"SearchAction\",\"target\":{\"@type\":\"EntryPoint\",\"urlTemplate\":\"https:\/\/evolutioners.net\/?s={search_term_string}\"},\"query-input\":{\"@type\":\"PropertyValueSpecification\",\"valueRequired\":true,\"valueName\":\"search_term_string\"}}],\"inLanguage\":\"en-US\"}]}<\/script>\n<!-- \/ Yoast SEO plugin. -->","yoast_head_json":{"title":"WOMIT? - EVOLUTIONERS","robots":{"index":"noindex","follow":"follow","max-snippet":"max-snippet:-1","max-image-preview":"max-image-preview:large","max-video-preview":"max-video-preview:-1"},"og_locale":"en_US","og_type":"article","og_title":"WOMIT? - EVOLUTIONERS","og_url":"https:\/\/evolutioners.net\/womit\/","og_site_name":"EVOLUTIONERS","article_modified_time":"2025-07-01T17:39:33+00:00","twitter_card":"summary_large_image","twitter_misc":{"Est. reading time":"2 minutes"},"schema":{"@context":"https:\/\/schema.org","@graph":[{"@type":"WebPage","@id":"https:\/\/evolutioners.net\/womit\/","url":"https:\/\/evolutioners.net\/womit\/","name":"WOMIT? - EVOLUTIONERS","isPartOf":{"@id":"https:\/\/evolutioners.net\/#website"},"datePublished":"2020-05-18T05:00:57+00:00","dateModified":"2025-07-01T17:39:33+00:00","breadcrumb":{"@id":"https:\/\/evolutioners.net\/womit\/#breadcrumb"},"inLanguage":"en-US","potentialAction":[{"@type":"ReadAction","target":["https:\/\/evolutioners.net\/womit\/"]}]},{"@type":"BreadcrumbList","@id":"https:\/\/evolutioners.net\/womit\/#breadcrumb","itemListElement":[{"@type":"ListItem","position":1,"name":"Startseite","item":"https:\/\/evolutioners.net\/"},{"@type":"ListItem","position":2,"name":"WOMIT?"}]},{"@type":"WebSite","@id":"https:\/\/evolutioners.net\/#website","url":"https:\/\/evolutioners.net\/","name":"EVOLUTIONERS","description":"EVOLUTIONERS ist ein Meta-Projekt f\u00fcr ganzheitliche globale Friedensf\u00f6rderung und Bewusstseinsentwicklung. Wir wollen Frieden wahrhaftig machbar machen, indem wir Optimalwohl f\u00f6rdernde Initiativen verbinden, zukunftsf\u00e4hige L\u00f6sungen sichtbar machen, Meta-Austausch f\u00f6rdern, Synergien nutzen &amp; den Ressourcengebrauch optimieren. Kurz: SINNstiften.","potentialAction":[{"@type":"SearchAction","target":{"@type":"EntryPoint","urlTemplate":"https:\/\/evolutioners.net\/?s={search_term_string}"},"query-input":{"@type":"PropertyValueSpecification","valueRequired":true,"valueName":"search_term_string"}}],"inLanguage":"en-US"}]}},"_links":{"self":[{"href":"https:\/\/evolutioners.net\/en\/wp-json\/wp\/v2\/pages\/984","targetHints":{"allow":["GET"]}}],"collection":[{"href":"https:\/\/evolutioners.net\/en\/wp-json\/wp\/v2\/pages"}],"about":[{"href":"https:\/\/evolutioners.net\/en\/wp-json\/wp\/v2\/types\/page"}],"author":[{"embeddable":true,"href":"https:\/\/evolutioners.net\/en\/wp-json\/wp\/v2\/users\/2"}],"replies":[{"embeddable":true,"href":"https:\/\/evolutioners.net\/en\/wp-json\/wp\/v2\/comments?post=984"}],"version-history":[{"count":6,"href":"https:\/\/evolutioners.net\/en\/wp-json\/wp\/v2\/pages\/984\/revisions"}],"predecessor-version":[{"id":1272,"href":"https:\/\/evolutioners.net\/en\/wp-json\/wp\/v2\/pages\/984\/revisions\/1272"}],"wp:attachment":[{"href":"https:\/\/evolutioners.net\/en\/wp-json\/wp\/v2\/media?parent=984"}],"curies":[{"name":"wp","href":"https:\/\/api.w.org\/{rel}","templated":true}]}}