{"id":989,"date":"2020-05-18T05:08:34","date_gmt":"2020-05-18T05:08:34","guid":{"rendered":"https:\/\/evolutioners.net\/?page_id=989"},"modified":"2020-05-18T05:08:35","modified_gmt":"2020-05-18T05:08:35","slug":"wohin","status":"publish","type":"page","link":"https:\/\/evolutioners.net\/en\/wohin\/","title":{"rendered":"WOHIN?"},"content":{"rendered":"<p>[et_pb_section fb_built=&#8221;1&#8243; _builder_version=&#8221;3.20.1&#8243;][et_pb_row _builder_version=&#8221;3.20.1&#8243;][et_pb_column type=&#8221;4_4&#8243; _builder_version=&#8221;3.20.1&#8243;][et_pb_text _builder_version=&#8221;3.20.1&#8243;]<\/p>\n<h1 style=\"text-align: center;\">WOHIN?<\/h1>\n<p>[\/et_pb_text][\/et_pb_column][\/et_pb_row][et_pb_row _builder_version=&#8221;3.20.1&#8243;][et_pb_column type=&#8221;4_4&#8243; _builder_version=&#8221;3.20.1&#8243;][et_pb_blurb border_radii=&#8221;on|9px|9px|9px|9px&#8221; title=&#8221;Wo landen wir, wenn wir gehen, wof\u00fcr wir stehen, wonach wir sehen?&#8221; image=&#8221;https:\/\/evolutioners.net\/wp-content\/uploads\/2019\/05\/Earth-Freedom-Love-1.jpg&#8221; _builder_version=&#8221;3.20.1&#8243;]<\/p>\n<p>&nbsp;<\/p>\n<p>Jeder von uns tr\u00e4gt wie ein Same bereits das Bild und den Bauplan des ausgewachsenen Wesens in sich. Wir d\u00fcrfen lernen, dass es reicht, wenn wir dieses Bild im Herzen wahren. Der Rest wird sich auf magische Weise wie von selbst zeigen. Darauf vertrauen wir, weil diese Erfahrung machen wir. <br \/>Dabei durften wir erleben, dass das Dahin meist viel wundervoller wurde, wenn wir dem Leben seinen Lauf liessen, ohne genau zu wissen, wohin wir wie fliessen.<\/p>\n<p>Wir f\u00fchlen wonach unser Herz sich sehnt. <br \/>Wir wissen alles ist m\u00f6glich. <br \/>Deshalb gehen wir auch die Schritte die wir jetzt gehen k\u00f6nnen. <br \/>Denn wenn wir w\u00fcrdevoll und integer<\/p>\n<p>Wir hoffen, dass wir in einer nahen Zukunft landen, wo wir von unseren Enkeln gefragt werden:<br \/><em>\u00abOma Opa, was ist ein Optimalportal?\u00bb<\/em><\/p>\n<p>Warum?<\/p>\n<h3>Wenn wir bis dann wahrhaftig Sinn leben, integer und w\u00fcrdevoll, nur noch das konsumieren, was wir auch wirklich brauche, weil alles andere ja sinnfremd ist und dem Optimalwohl schadet, dann wissen wir, das wir unser Ziel erreicht haben!<\/h3>\n<h3>Dann haben wir eine neue Welt voller bewusster Evolutionisten.<\/h3>\n<h1>Eine Welt in Freude, Frieden, Freiheit, Liebe, Harmonie &amp; Erf\u00fcllung.<\/h1>\n<p>[\/et_pb_blurb][\/et_pb_column][\/et_pb_row][\/et_pb_section]<\/p>\n","protected":false},"excerpt":{"rendered":"<p>WOHIN? &nbsp; Jeder von uns tr\u00e4gt wie ein Same bereits das Bild und den Bauplan des ausgewachsenen Wesens in sich. Wir d\u00fcrfen lernen, dass es reicht, wenn wir dieses Bild im Herzen wahren. Der Rest wird sich auf magische Weise wie von selbst zeigen. Darauf vertrauen wir, weil diese Erfahrung machen wir. Dabei durften wir [&hellip;]<\/p>\n","protected":false},"author":2,"featured_media":0,"parent":0,"menu_order":0,"comment_status":"closed","ping_status":"closed","template":"","meta":{"_et_pb_use_builder":"on","_et_pb_old_content":"","_et_gb_content_width":"","footnotes":""},"class_list":["post-989","page","type-page","status-publish","hentry"],"translation":{"provider":"WPGlobus","version":"3.0.0","language":"en","enabled_languages":["de","en"],"languages":{"de":{"title":true,"content":true,"excerpt":false},"en":{"title":false,"content":false,"excerpt":false}}},"yoast_head":"<!-- This site is optimized with the Yoast SEO plugin v25.4 - https:\/\/yoast.com\/wordpress\/plugins\/seo\/ -->\n<title>WOHIN? - EVOLUTIONERS<\/title>\n<meta name=\"robots\" content=\"noindex, follow, max-snippet:-1, max-image-preview:large, max-video-preview:-1\" \/>\n<meta property=\"og:locale\" content=\"en_US\" \/>\n<meta property=\"og:type\" content=\"article\" \/>\n<meta property=\"og:title\" content=\"WOHIN? - EVOLUTIONERS\" \/>\n<meta property=\"og:url\" content=\"https:\/\/evolutioners.net\/wohin\/\" \/>\n<meta property=\"og:site_name\" content=\"EVOLUTIONERS\" \/>\n<meta property=\"article:modified_time\" content=\"2020-05-18T05:08:35+00:00\" \/>\n<meta name=\"twitter:card\" content=\"summary_large_image\" \/>\n<meta name=\"twitter:label1\" content=\"Est. reading time\" \/>\n\t<meta name=\"twitter:data1\" content=\"1 minute\" \/>\n<script type=\"application\/ld+json\" class=\"yoast-schema-graph\">{\"@context\":\"https:\/\/schema.org\",\"@graph\":[{\"@type\":\"WebPage\",\"@id\":\"https:\/\/evolutioners.net\/wohin\/\",\"url\":\"https:\/\/evolutioners.net\/wohin\/\",\"name\":\"WOHIN? - EVOLUTIONERS\",\"isPartOf\":{\"@id\":\"https:\/\/evolutioners.net\/#website\"},\"datePublished\":\"2020-05-18T05:08:34+00:00\",\"dateModified\":\"2020-05-18T05:08:35+00:00\",\"breadcrumb\":{\"@id\":\"https:\/\/evolutioners.net\/wohin\/#breadcrumb\"},\"inLanguage\":\"en-US\",\"potentialAction\":[{\"@type\":\"ReadAction\",\"target\":[\"https:\/\/evolutioners.net\/wohin\/\"]}]},{\"@type\":\"BreadcrumbList\",\"@id\":\"https:\/\/evolutioners.net\/wohin\/#breadcrumb\",\"itemListElement\":[{\"@type\":\"ListItem\",\"position\":1,\"name\":\"Startseite\",\"item\":\"https:\/\/evolutioners.net\/\"},{\"@type\":\"ListItem\",\"position\":2,\"name\":\"WOHIN?\"}]},{\"@type\":\"WebSite\",\"@id\":\"https:\/\/evolutioners.net\/#website\",\"url\":\"https:\/\/evolutioners.net\/\",\"name\":\"EVOLUTIONERS\",\"description\":\"EVOLUTIONERS ist ein Meta-Projekt f\u00fcr ganzheitliche globale Friedensf\u00f6rderung und Bewusstseinsentwicklung. Wir wollen Frieden wahrhaftig machbar machen, indem wir Optimalwohl f\u00f6rdernde Initiativen verbinden, zukunftsf\u00e4hige L\u00f6sungen sichtbar machen, Meta-Austausch f\u00f6rdern, Synergien nutzen &amp; den Ressourcengebrauch optimieren. Kurz: SINNstiften.\",\"potentialAction\":[{\"@type\":\"SearchAction\",\"target\":{\"@type\":\"EntryPoint\",\"urlTemplate\":\"https:\/\/evolutioners.net\/?s={search_term_string}\"},\"query-input\":{\"@type\":\"PropertyValueSpecification\",\"valueRequired\":true,\"valueName\":\"search_term_string\"}}],\"inLanguage\":\"en-US\"}]}<\/script>\n<!-- \/ Yoast SEO plugin. -->","yoast_head_json":{"title":"WOHIN? - EVOLUTIONERS","robots":{"index":"noindex","follow":"follow","max-snippet":"max-snippet:-1","max-image-preview":"max-image-preview:large","max-video-preview":"max-video-preview:-1"},"og_locale":"en_US","og_type":"article","og_title":"WOHIN? - EVOLUTIONERS","og_url":"https:\/\/evolutioners.net\/wohin\/","og_site_name":"EVOLUTIONERS","article_modified_time":"2020-05-18T05:08:35+00:00","twitter_card":"summary_large_image","twitter_misc":{"Est. reading time":"1 minute"},"schema":{"@context":"https:\/\/schema.org","@graph":[{"@type":"WebPage","@id":"https:\/\/evolutioners.net\/wohin\/","url":"https:\/\/evolutioners.net\/wohin\/","name":"WOHIN? - EVOLUTIONERS","isPartOf":{"@id":"https:\/\/evolutioners.net\/#website"},"datePublished":"2020-05-18T05:08:34+00:00","dateModified":"2020-05-18T05:08:35+00:00","breadcrumb":{"@id":"https:\/\/evolutioners.net\/wohin\/#breadcrumb"},"inLanguage":"en-US","potentialAction":[{"@type":"ReadAction","target":["https:\/\/evolutioners.net\/wohin\/"]}]},{"@type":"BreadcrumbList","@id":"https:\/\/evolutioners.net\/wohin\/#breadcrumb","itemListElement":[{"@type":"ListItem","position":1,"name":"Startseite","item":"https:\/\/evolutioners.net\/"},{"@type":"ListItem","position":2,"name":"WOHIN?"}]},{"@type":"WebSite","@id":"https:\/\/evolutioners.net\/#website","url":"https:\/\/evolutioners.net\/","name":"EVOLUTIONERS","description":"EVOLUTIONERS ist ein Meta-Projekt f\u00fcr ganzheitliche globale Friedensf\u00f6rderung und Bewusstseinsentwicklung. Wir wollen Frieden wahrhaftig machbar machen, indem wir Optimalwohl f\u00f6rdernde Initiativen verbinden, zukunftsf\u00e4hige L\u00f6sungen sichtbar machen, Meta-Austausch f\u00f6rdern, Synergien nutzen &amp; den Ressourcengebrauch optimieren. Kurz: SINNstiften.","potentialAction":[{"@type":"SearchAction","target":{"@type":"EntryPoint","urlTemplate":"https:\/\/evolutioners.net\/?s={search_term_string}"},"query-input":{"@type":"PropertyValueSpecification","valueRequired":true,"valueName":"search_term_string"}}],"inLanguage":"en-US"}]}},"_links":{"self":[{"href":"https:\/\/evolutioners.net\/en\/wp-json\/wp\/v2\/pages\/989","targetHints":{"allow":["GET"]}}],"collection":[{"href":"https:\/\/evolutioners.net\/en\/wp-json\/wp\/v2\/pages"}],"about":[{"href":"https:\/\/evolutioners.net\/en\/wp-json\/wp\/v2\/types\/page"}],"author":[{"embeddable":true,"href":"https:\/\/evolutioners.net\/en\/wp-json\/wp\/v2\/users\/2"}],"replies":[{"embeddable":true,"href":"https:\/\/evolutioners.net\/en\/wp-json\/wp\/v2\/comments?post=989"}],"version-history":[{"count":2,"href":"https:\/\/evolutioners.net\/en\/wp-json\/wp\/v2\/pages\/989\/revisions"}],"predecessor-version":[{"id":992,"href":"https:\/\/evolutioners.net\/en\/wp-json\/wp\/v2\/pages\/989\/revisions\/992"}],"wp:attachment":[{"href":"https:\/\/evolutioners.net\/en\/wp-json\/wp\/v2\/media?parent=989"}],"curies":[{"name":"wp","href":"https:\/\/api.w.org\/{rel}","templated":true}]}}