{"id":993,"date":"2020-05-18T05:13:19","date_gmt":"2020-05-18T05:13:19","guid":{"rendered":"https:\/\/evolutioners.net\/?page_id=993"},"modified":"2020-05-18T05:17:12","modified_gmt":"2020-05-18T05:17:12","slug":"wer","status":"publish","type":"page","link":"https:\/\/evolutioners.net\/en\/wer\/","title":{"rendered":"WER?"},"content":{"rendered":"<p>[et_pb_section fb_built=&#8221;1&#8243; _builder_version=&#8221;3.20.1&#8243;][et_pb_row _builder_version=&#8221;3.20.1&#8243;][et_pb_column type=&#8221;4_4&#8243; _builder_version=&#8221;3.20.1&#8243;][et_pb_text _builder_version=&#8221;3.20.1&#8243;]<\/p>\n<h1 style=\"text-align: center;\">WER WIR SIND<\/h1>\n<p>[\/et_pb_text][\/et_pb_column][\/et_pb_row][et_pb_row _builder_version=&#8221;3.20.1&#8243;][et_pb_column type=&#8221;4_4&#8243; _builder_version=&#8221;3.20.1&#8243;][et_pb_text _builder_version=&#8221;3.20.1&#8243;]<\/p>\n<div class=\"et_pb_row et_pb_row_0\">\n<div class=\"et_pb_column et_pb_column_4_4 et_pb_column_0  et_pb_css_mix_blend_mode_passthrough et-last-child\">\n<div class=\"et_pb_module et_pb_text et_pb_text_0  et_pb_text_align_left et_pb_bg_layout_light\">\n<div class=\"et_pb_text_inner\">\n<h2 style=\"text-align: center;\">Wir sind Evolutioners<br \/>Wir gehen f\u00fcr Evolution.<\/h2>\n<p>&nbsp;<\/p>\n<\/div>\n<\/div>\n<\/div>\n<\/div>\n<div class=\"et_pb_row et_pb_row_1\">\n<div class=\"et_pb_column et_pb_column_4_4 et_pb_column_1  et_pb_css_mix_blend_mode_passthrough et-last-child\">\n<div class=\"et_pb_module et_pb_text et_pb_text_1  et_pb_text_align_left et_pb_bg_layout_light\">\n<div class=\"et_pb_text_inner\">\n<h4>Was sind Evolutioners?<\/h4>\n<p>Evolutioners stellen Fragen.<br \/>Wohin wollen wir? Was w\u00fcnschen wir? Wonach sehnen wir?<br \/>Evolutioners wollen Zukunft. Evolutioners w\u00fcnschen Frieden. Evolutioners sehnen Harmonie. <br \/>Evolutioners sind ausgerichtet. Und Evolutioners gehen auch wof\u00fcr sie stehen. <br \/>Denn das ist Evolution.<\/p>\n<p>&nbsp;<\/p>\n<h4>Was ist Evolution?<\/h4>\n<p>Evolution bedeutet Entwicklung. Das ist ein Prozess, dem wir uns nicht entziehen k\u00f6nnen.<br \/>Dieser Prozess l\u00e4uft nach einem bestimmten Prinzip.<br \/>Dieses Prinzip ist einfach, weil sinnvoll. Denn sinnvoll ist nie kompliziert.<br \/>Evolution ist das Streben (der Prozess) nach dem, was ewig w\u00e4hrt \u2013 wahrer Wahrhaftigkeit. <br \/>Ewig w\u00e4hrt nur was nat\u00fcrlich, w\u00fcrdevoll und harmonisch ist. <br \/>Daher lasst uns nun miteinander unsere kollektive Evolution auf das n\u00e4chste Level boosten.<\/p>\n<p>&nbsp;<\/p>\n<h4>Was wollen Evolutioners?<\/h4>\n<p>Wir sind der Ansicht, dass die Welt schon jetzt voller L\u00f6sungen ist, die nur darauf warten von uns entdeckt zu werden. Die Welt braucht mehr Evolutioners, die sinnvolle Alternativen anbieten und auch nutzen. Um bessere Alternativen f\u00fcr alle sichtbar zu verbinden, kreieren wir das Optimalportal. Dies k\u00f6nnen wir jedoch nur optimal kreieren, wenn wir beginnen unbedingt (bedingungslos) zu synergieren. Denn nachhaltiger Umgang gilt nicht nur f\u00fcr materielle Ressourcen. Auch mit unserer Energie und Zeit gilt es nachhaltig umzugehen.<br \/>Evolutioners wollen synergieren statt konkurrieren \u2192 zum Wohle aller.<br \/>Evolutioners wollen optimieren statt reproduzieren \u2192 stets nur das Beste, weil wir es uns Wert sind.<\/p>\n<p>&nbsp;<\/p>\n<h1 style=\"text-align: center;\"><strong>WAHRHAFTIG?<\/strong><\/h1>\n<h3 style=\"text-align: center;\">Wahrhaftig ist w\u00fcrdevoll, weil wertvoll.<br \/>Wahrhaftig ist die einzig wirkliche Wahrheit. <br \/>Mehr interessiert uns nicht.<\/h3>\n<p>Resonierst und synergierst Du mit uns?<br \/>Dann werde auch zum Evolutioner und ko-kreiere Zukunft.<br \/>Mache mit uns den n\u00e4chsten Schritt.<br \/>F\u00fcr wahrhaftige Evolution \u2013 JETZT!<\/p>\n<p>&nbsp;<\/p>\n<h1 style=\"text-align: center;\"><strong>EVOLUTIONERS NETWORK<\/strong><\/h1>\n<h1 style=\"text-align: center;\"><strong>for global TransINSPIRATION<\/strong><\/h1>\n<\/div>\n<\/div>\n<\/div>\n<\/div>\n<p>[\/et_pb_text][\/et_pb_column][\/et_pb_row][\/et_pb_section]<\/p>\n","protected":false},"excerpt":{"rendered":"<p>WER WIR SIND Wir sind EvolutionersWir gehen f\u00fcr Evolution. &nbsp; Was sind Evolutioners? Evolutioners stellen Fragen.Wohin wollen wir? Was w\u00fcnschen wir? Wonach sehnen wir?Evolutioners wollen Zukunft. Evolutioners w\u00fcnschen Frieden. Evolutioners sehnen Harmonie. Evolutioners sind ausgerichtet. Und Evolutioners gehen auch wof\u00fcr sie stehen. Denn das ist Evolution. &nbsp; Was ist Evolution? Evolution bedeutet Entwicklung. Das ist [&hellip;]<\/p>\n","protected":false},"author":2,"featured_media":0,"parent":0,"menu_order":0,"comment_status":"closed","ping_status":"closed","template":"","meta":{"_et_pb_use_builder":"on","_et_pb_old_content":"","_et_gb_content_width":"","footnotes":""},"class_list":["post-993","page","type-page","status-publish","hentry"],"translation":{"provider":"WPGlobus","version":"3.0.0","language":"en","enabled_languages":["de","en"],"languages":{"de":{"title":true,"content":true,"excerpt":false},"en":{"title":false,"content":false,"excerpt":false}}},"yoast_head":"<!-- This site is optimized with the Yoast SEO plugin v25.4 - https:\/\/yoast.com\/wordpress\/plugins\/seo\/ -->\n<title>WER? - EVOLUTIONERS<\/title>\n<meta name=\"robots\" content=\"noindex, follow, max-snippet:-1, max-image-preview:large, max-video-preview:-1\" \/>\n<meta property=\"og:locale\" content=\"en_US\" \/>\n<meta property=\"og:type\" content=\"article\" \/>\n<meta property=\"og:title\" content=\"WER? - EVOLUTIONERS\" \/>\n<meta property=\"og:url\" content=\"https:\/\/evolutioners.net\/wer\/\" \/>\n<meta property=\"og:site_name\" content=\"EVOLUTIONERS\" \/>\n<meta property=\"article:modified_time\" content=\"2020-05-18T05:17:12+00:00\" \/>\n<meta name=\"twitter:card\" content=\"summary_large_image\" \/>\n<meta name=\"twitter:label1\" content=\"Est. reading time\" \/>\n\t<meta name=\"twitter:data1\" content=\"2 minutes\" \/>\n<script type=\"application\/ld+json\" class=\"yoast-schema-graph\">{\"@context\":\"https:\/\/schema.org\",\"@graph\":[{\"@type\":\"WebPage\",\"@id\":\"https:\/\/evolutioners.net\/wer\/\",\"url\":\"https:\/\/evolutioners.net\/wer\/\",\"name\":\"WER? - EVOLUTIONERS\",\"isPartOf\":{\"@id\":\"https:\/\/evolutioners.net\/#website\"},\"datePublished\":\"2020-05-18T05:13:19+00:00\",\"dateModified\":\"2020-05-18T05:17:12+00:00\",\"breadcrumb\":{\"@id\":\"https:\/\/evolutioners.net\/wer\/#breadcrumb\"},\"inLanguage\":\"en-US\",\"potentialAction\":[{\"@type\":\"ReadAction\",\"target\":[\"https:\/\/evolutioners.net\/wer\/\"]}]},{\"@type\":\"BreadcrumbList\",\"@id\":\"https:\/\/evolutioners.net\/wer\/#breadcrumb\",\"itemListElement\":[{\"@type\":\"ListItem\",\"position\":1,\"name\":\"Startseite\",\"item\":\"https:\/\/evolutioners.net\/\"},{\"@type\":\"ListItem\",\"position\":2,\"name\":\"WER?\"}]},{\"@type\":\"WebSite\",\"@id\":\"https:\/\/evolutioners.net\/#website\",\"url\":\"https:\/\/evolutioners.net\/\",\"name\":\"EVOLUTIONERS\",\"description\":\"EVOLUTIONERS ist ein Meta-Projekt f\u00fcr ganzheitliche globale Friedensf\u00f6rderung und Bewusstseinsentwicklung. Wir wollen Frieden wahrhaftig machbar machen, indem wir Optimalwohl f\u00f6rdernde Initiativen verbinden, zukunftsf\u00e4hige L\u00f6sungen sichtbar machen, Meta-Austausch f\u00f6rdern, Synergien nutzen &amp; den Ressourcengebrauch optimieren. Kurz: SINNstiften.\",\"potentialAction\":[{\"@type\":\"SearchAction\",\"target\":{\"@type\":\"EntryPoint\",\"urlTemplate\":\"https:\/\/evolutioners.net\/?s={search_term_string}\"},\"query-input\":{\"@type\":\"PropertyValueSpecification\",\"valueRequired\":true,\"valueName\":\"search_term_string\"}}],\"inLanguage\":\"en-US\"}]}<\/script>\n<!-- \/ Yoast SEO plugin. -->","yoast_head_json":{"title":"WER? - EVOLUTIONERS","robots":{"index":"noindex","follow":"follow","max-snippet":"max-snippet:-1","max-image-preview":"max-image-preview:large","max-video-preview":"max-video-preview:-1"},"og_locale":"en_US","og_type":"article","og_title":"WER? - EVOLUTIONERS","og_url":"https:\/\/evolutioners.net\/wer\/","og_site_name":"EVOLUTIONERS","article_modified_time":"2020-05-18T05:17:12+00:00","twitter_card":"summary_large_image","twitter_misc":{"Est. reading time":"2 minutes"},"schema":{"@context":"https:\/\/schema.org","@graph":[{"@type":"WebPage","@id":"https:\/\/evolutioners.net\/wer\/","url":"https:\/\/evolutioners.net\/wer\/","name":"WER? - EVOLUTIONERS","isPartOf":{"@id":"https:\/\/evolutioners.net\/#website"},"datePublished":"2020-05-18T05:13:19+00:00","dateModified":"2020-05-18T05:17:12+00:00","breadcrumb":{"@id":"https:\/\/evolutioners.net\/wer\/#breadcrumb"},"inLanguage":"en-US","potentialAction":[{"@type":"ReadAction","target":["https:\/\/evolutioners.net\/wer\/"]}]},{"@type":"BreadcrumbList","@id":"https:\/\/evolutioners.net\/wer\/#breadcrumb","itemListElement":[{"@type":"ListItem","position":1,"name":"Startseite","item":"https:\/\/evolutioners.net\/"},{"@type":"ListItem","position":2,"name":"WER?"}]},{"@type":"WebSite","@id":"https:\/\/evolutioners.net\/#website","url":"https:\/\/evolutioners.net\/","name":"EVOLUTIONERS","description":"EVOLUTIONERS ist ein Meta-Projekt f\u00fcr ganzheitliche globale Friedensf\u00f6rderung und Bewusstseinsentwicklung. Wir wollen Frieden wahrhaftig machbar machen, indem wir Optimalwohl f\u00f6rdernde Initiativen verbinden, zukunftsf\u00e4hige L\u00f6sungen sichtbar machen, Meta-Austausch f\u00f6rdern, Synergien nutzen &amp; den Ressourcengebrauch optimieren. Kurz: SINNstiften.","potentialAction":[{"@type":"SearchAction","target":{"@type":"EntryPoint","urlTemplate":"https:\/\/evolutioners.net\/?s={search_term_string}"},"query-input":{"@type":"PropertyValueSpecification","valueRequired":true,"valueName":"search_term_string"}}],"inLanguage":"en-US"}]}},"_links":{"self":[{"href":"https:\/\/evolutioners.net\/en\/wp-json\/wp\/v2\/pages\/993","targetHints":{"allow":["GET"]}}],"collection":[{"href":"https:\/\/evolutioners.net\/en\/wp-json\/wp\/v2\/pages"}],"about":[{"href":"https:\/\/evolutioners.net\/en\/wp-json\/wp\/v2\/types\/page"}],"author":[{"embeddable":true,"href":"https:\/\/evolutioners.net\/en\/wp-json\/wp\/v2\/users\/2"}],"replies":[{"embeddable":true,"href":"https:\/\/evolutioners.net\/en\/wp-json\/wp\/v2\/comments?post=993"}],"version-history":[{"count":2,"href":"https:\/\/evolutioners.net\/en\/wp-json\/wp\/v2\/pages\/993\/revisions"}],"predecessor-version":[{"id":996,"href":"https:\/\/evolutioners.net\/en\/wp-json\/wp\/v2\/pages\/993\/revisions\/996"}],"wp:attachment":[{"href":"https:\/\/evolutioners.net\/en\/wp-json\/wp\/v2\/media?parent=993"}],"curies":[{"name":"wp","href":"https:\/\/api.w.org\/{rel}","templated":true}]}}